{"id":628,"date":"2016-08-04T15:59:23","date_gmt":"2016-08-04T20:59:23","guid":{"rendered":"http:\/\/actionmarguerite.ca-pr2\/fr\/donations\/your-contribution-helps\/"},"modified":"2017-04-05T19:07:38","modified_gmt":"2017-04-06T00:07:38","slug":"vos-contributions-sont-utiles","status":"publish","type":"page","link":"https:\/\/www.actionmarguerite.ca\/fr\/dons\/vos-contributions-sont-utiles\/","title":{"rendered":"Vos contributions sont utiles"},"content":{"rendered":"<h2>Nos projets<\/h2>\n<p>Les dons de bienfaisance apportent des millions de dollars pour le financement des projets d\u2019immobilisations et permettent ainsi d\u2019am\u00e9liorer la qualit\u00e9 de vie de nos r\u00e9sidents gr\u00e2ce \u00e0 de nombreuses am\u00e9liorations majeures.<\/p>\n<p><strong>185, rue Despins<\/strong><\/p>\n<ul>\n<li>Contribution de 350 000 $ pour le projet de salle \u00e0 manger de 3 millions de dollars.<\/li>\n<li>350 000 $ pour le projet d\u2019agrandissement de la voie d\u2019acc\u00e8s.<\/li>\n<li>80 000 $ pour la r\u00e9novation des chambres des ailes A et B.<\/li>\n<li>30 000 $ pour la mise sur pied d\u2019une unit\u00e9 r\u00e9gionale pour les troubles comportementaux.<\/li>\n<li>Contribution de 100 000 $ pour l\u2019achat et le remplacement de baignoires.<\/li>\n<\/ul>\n<p><strong>450, chemin River<\/strong><\/p>\n<ul>\n<li>950 000 $ pour la construction d\u2019une nouvelle unit\u00e9 de 39 places pour des personnes atteintes de la maladie d\u2019Alzheimer dont le co\u00fbt s\u2019\u00e9l\u00e8ve \u00e0 6,5 millions de dollars.<\/li>\n<li>Contribution de 100 000 $ pour l\u2019achat et le remplacement de baignoires.<\/li>\n<li>50 000 $ pour le r\u00e9am\u00e9nagement de la cour.<\/li>\n<\/ul>\n<p><strong>1149, avenue Leila<\/strong><\/p>\n<ul>\n<li>Parrainage du programme de soutien spirituel.<\/li>\n<li>Am\u00e9nagement d\u2019une terrasse \u00e0 l\u2019avant.<\/li>\n<li>Installation d\u2019une fontaine.<\/li>\n<li>R\u00e9novation des cuisinettes dans les unit\u00e9s.<\/li>\n<li>Am\u00e9nagement de la terrasse et de l\u2019all\u00e9e pi\u00e9tonne Memory Lane.<\/li>\n<li>Red\u00e9coration du hall d\u2019entr\u00e9e.<\/li>\n<li>Cr\u00e9ation de la salle \u00e0 manger de Baba.<\/li>\n<li>Financement partiel de la r\u00e9novation des salles avec baignoire.<\/li>\n<li>Installation d\u2019un lavabo et d\u2019un comptoir dans la salle de bains de chaque r\u00e9sident.<\/li>\n<li>Installation d\u2019appuis de fen\u00eatre, de stores et de cantonni\u00e8res dans les chambres de chaque r\u00e9sident.<\/li>\n<li>Achat de dispositifs d\u2019assistance que les r\u00e9sidents malentendants peuvent porter dans la chapelle.<\/li>\n<li>Achat de l\u00e8ve-personnes et d\u2019aides \u00e0 la marche pour aider les r\u00e9sidents \u00e0 rester autonomes.<\/li>\n<li>Achat de nouvelles tables et chaises pour la salle multifonctionnelle.<\/li>\n<li>Ajout d\u2019un syst\u00e8me de sonorisation pour l\u2019ext\u00e9rieur.<\/li>\n<li>Habillage des fen\u00eatres et ajouts de luminaires et de chaises dans la salle \u00e0 manger.<\/li>\n<li>Installation de t\u00e9l\u00e9viseurs \u00e0 \u00e9cran g\u00e9ant dans les salons.<\/li>\n<li>D\u00e9coration des aires communes par l\u2019ajout d\u2019\u0153uvres d\u2019art dans l\u2019\u00e9tablissement.<\/li>\n<li>Construction et installation de la croix ext\u00e9rieure dans l\u2019all\u00e9e Memory Lane.<\/li>\n<\/ul>\n<p>Vos dons nous aident \u00e0 atteindre nos objectifs et sont extr\u00eamement appr\u00e9ci\u00e9s!<\/p>\n","protected":false},"excerpt":{"rendered":"<p>Nos projets Les dons de bienfaisance apportent des millions de dollars pour le financement des projets d\u2019immobilisations et permettent ainsi d\u2019am\u00e9liorer la qualit\u00e9 de vie de nos r\u00e9sidents gr\u00e2ce \u00e0 de nombreuses am\u00e9liorations majeures. 185, rue Despins Contribution de 350 000 $ pour le projet de salle \u00e0 manger de 3 millions de dollars. 350 [&hellip;]<\/p>\n","protected":false},"author":42,"featured_media":25905,"parent":517,"menu_order":0,"comment_status":"closed","ping_status":"closed","template":"","meta":{"_acf_changed":false,"_et_pb_use_builder":"","_et_pb_old_content":"","_et_gb_content_width":"","footnotes":""},"class_list":["post-628","page","type-page","status-publish","has-post-thumbnail","hentry"],"acf":[],"aioseo_notices":[],"_links":{"self":[{"href":"https:\/\/www.actionmarguerite.ca\/fr\/wp-json\/wp\/v2\/pages\/628","targetHints":{"allow":["GET"]}}],"collection":[{"href":"https:\/\/www.actionmarguerite.ca\/fr\/wp-json\/wp\/v2\/pages"}],"about":[{"href":"https:\/\/www.actionmarguerite.ca\/fr\/wp-json\/wp\/v2\/types\/page"}],"author":[{"embeddable":true,"href":"https:\/\/www.actionmarguerite.ca\/fr\/wp-json\/wp\/v2\/users\/42"}],"replies":[{"embeddable":true,"href":"https:\/\/www.actionmarguerite.ca\/fr\/wp-json\/wp\/v2\/comments?post=628"}],"version-history":[{"count":4,"href":"https:\/\/www.actionmarguerite.ca\/fr\/wp-json\/wp\/v2\/pages\/628\/revisions"}],"predecessor-version":[{"id":26099,"href":"https:\/\/www.actionmarguerite.ca\/fr\/wp-json\/wp\/v2\/pages\/628\/revisions\/26099"}],"up":[{"embeddable":true,"href":"https:\/\/www.actionmarguerite.ca\/fr\/wp-json\/wp\/v2\/pages\/517"}],"wp:featuredmedia":[{"embeddable":true,"href":"https:\/\/www.actionmarguerite.ca\/fr\/wp-json\/wp\/v2\/media\/25905"}],"wp:attachment":[{"href":"https:\/\/www.actionmarguerite.ca\/fr\/wp-json\/wp\/v2\/media?parent=628"}],"curies":[{"name":"wp","href":"https:\/\/api.w.org\/{rel}","templated":true}]}}