{"id":618,"date":"2016-08-04T15:55:13","date_gmt":"2016-08-04T20:55:13","guid":{"rendered":"http:\/\/actionmarguerite.ca-pr2\/fr\/donations\/volunteer\/"},"modified":"2025-03-28T15:33:45","modified_gmt":"2025-03-28T20:33:45","slug":"offrir-votre-temps","status":"publish","type":"page","link":"https:\/\/www.actionmarguerite.ca\/fr\/dons\/offrir-votre-temps\/","title":{"rendered":"Offrir votre temps"},"content":{"rendered":"<h2>Faire du b\u00e9n\u00e9volat pour partager ses talents<\/h2>\n<p>Aimez-vous le chant, la musique, les arts ou l\u2019artisanat? Lorsque vous partagez vos talents avec nos r\u00e9sidents, vous embellissez leur vie et am\u00e9liorez les soins offerts dans les \u00e9tablissements d\u2019Actionmarguerite. Les b\u00e9n\u00e9voles apportent de tr\u00e8s nombreuses contributions, par exemple :<\/p>\n<ul>\n<li>Organiser et animer des ateliers pour les r\u00e9sidents.<\/li>\n<li>Aider les r\u00e9sidents dans leurs d\u00e9placements sur place (coiffure, dentiste, physioth\u00e9rapie).<\/li>\n<li>Faire manger les r\u00e9sidents (une formation est offerte).<\/li>\n<li>Participer \u00e0 l\u2019organisation d\u2019activit\u00e9s r\u00e9cr\u00e9atives (p. ex., karaok\u00e9, bingo, sorties, magasinage).<\/li>\n<li>Rendre visite aux r\u00e9sidents individuellement.<\/li>\n<li>Participer aux t\u00e2ches administratives (saisie de donn\u00e9es, photocopies, classement, etc.).<\/li>\n<li>Contribuer aux services de soutien spirituel.<\/li>\n<\/ul>\n<p><img loading=\"lazy\" decoding=\"async\" class=\"alignleft wp-image-25932 size-medium\" src=\"https:\/\/www.actionmarguerite.ca\/wp-content\/uploads\/2016\/08\/donations-offer-Four-Women-Talking-on-Couches-SJ-630-HR-300x200.jpg\" alt=\"\" width=\"300\" height=\"200\" srcset=\"https:\/\/www.actionmarguerite.ca\/wp-content\/uploads\/2016\/08\/donations-offer-Four-Women-Talking-on-Couches-SJ-630-HR-300x200.jpg 300w, https:\/\/www.actionmarguerite.ca\/wp-content\/uploads\/2016\/08\/donations-offer-Four-Women-Talking-on-Couches-SJ-630-HR-768x512.jpg 768w, https:\/\/www.actionmarguerite.ca\/wp-content\/uploads\/2016\/08\/donations-offer-Four-Women-Talking-on-Couches-SJ-630-HR-610x407.jpg 610w, https:\/\/www.actionmarguerite.ca\/wp-content\/uploads\/2016\/08\/donations-offer-Four-Women-Talking-on-Couches-SJ-630-HR.jpg 1000w\" sizes=\"(max-width: 300px) 100vw, 300px\" \/>Le b\u00e9n\u00e9volat est plus qu\u2019un simple geste de g\u00e9n\u00e9rosit\u00e9, il procure une satisfaction personnelle et est fort pris\u00e9 par les employeurs. Il permet de vivre des exp\u00e9riences gratifiantes et est un bel ajout \u00e0 un curriculum vitae!<\/p>\n","protected":false},"excerpt":{"rendered":"<p>Faire du b\u00e9n\u00e9volat pour partager ses talents Aimez-vous le chant, la musique, les arts ou l\u2019artisanat? Lorsque vous partagez vos talents avec nos r\u00e9sidents, vous embellissez leur vie et am\u00e9liorez les soins offerts dans les \u00e9tablissements d\u2019Actionmarguerite. Les b\u00e9n\u00e9voles apportent de tr\u00e8s nombreuses contributions, par exemple : Organiser et animer des ateliers pour les r\u00e9sidents. [&hellip;]<\/p>\n","protected":false},"author":42,"featured_media":0,"parent":517,"menu_order":0,"comment_status":"closed","ping_status":"closed","template":"","meta":{"_acf_changed":false,"_et_pb_use_builder":"","_et_pb_old_content":"","_et_gb_content_width":"","footnotes":""},"class_list":["post-618","page","type-page","status-publish","hentry"],"acf":[],"aioseo_notices":[],"_links":{"self":[{"href":"https:\/\/www.actionmarguerite.ca\/fr\/wp-json\/wp\/v2\/pages\/618","targetHints":{"allow":["GET"]}}],"collection":[{"href":"https:\/\/www.actionmarguerite.ca\/fr\/wp-json\/wp\/v2\/pages"}],"about":[{"href":"https:\/\/www.actionmarguerite.ca\/fr\/wp-json\/wp\/v2\/types\/page"}],"author":[{"embeddable":true,"href":"https:\/\/www.actionmarguerite.ca\/fr\/wp-json\/wp\/v2\/users\/42"}],"replies":[{"embeddable":true,"href":"https:\/\/www.actionmarguerite.ca\/fr\/wp-json\/wp\/v2\/comments?post=618"}],"version-history":[{"count":4,"href":"https:\/\/www.actionmarguerite.ca\/fr\/wp-json\/wp\/v2\/pages\/618\/revisions"}],"predecessor-version":[{"id":51979,"href":"https:\/\/www.actionmarguerite.ca\/fr\/wp-json\/wp\/v2\/pages\/618\/revisions\/51979"}],"up":[{"embeddable":true,"href":"https:\/\/www.actionmarguerite.ca\/fr\/wp-json\/wp\/v2\/pages\/517"}],"wp:attachment":[{"href":"https:\/\/www.actionmarguerite.ca\/fr\/wp-json\/wp\/v2\/media?parent=618"}],"curies":[{"name":"wp","href":"https:\/\/api.w.org\/{rel}","templated":true}]}}