{"id":613,"date":"2016-05-24T17:10:02","date_gmt":"2016-05-24T22:10:02","guid":{"rendered":"http:\/\/actionmarguerite.ca-pr2\/fr\/donations\/donate-now\/"},"modified":"2026-03-18T16:08:31","modified_gmt":"2026-03-18T21:08:31","slug":"faites-un-don","status":"publish","type":"page","link":"https:\/\/www.actionmarguerite.ca\/fr\/dons\/faites-un-don\/","title":{"rendered":"Faites un don"},"content":{"rendered":"<p>Votre don am\u00e9liorera la vie des r\u00e9sidents d\u2019Actionmarguerite. Nos deux fondations sont des organismes de bienfaisance enregistr\u00e9s aupr\u00e8s de Revenu Canada qui rehaussent la qualit\u00e9 de vie de nos r\u00e9sidents en contribuant \u00e0 la diversification et \u00e0 l\u2019am\u00e9lioration des programmes ainsi qu\u2019\u00e0 la r\u00e9alisation de travaux de r\u00e9novation et de construction.<\/p>\n<hr \/>\n<p style=\"text-align: center;\"><a href='https:\/\/actionmarguerite.givecloud.co\/fundraising\/forms\/8NDR96EK' class='big-button bigblue' target=\"_blank\">Faites un don !<\/a>\n<hr \/>\n<h2>Il existe plusieurs fa\u00e7ons de donner\u00a0:<\/h2>\n<ul>\n<li>don unique;<\/li>\n<li>don comm\u00e9moratif;<\/li>\n<li>don planifi\u00e9;<\/li>\n<li>fonds de dotation (voir ci-dessous).<\/li>\n<\/ul>\n<h3>Vous pouvez aussi verser un don aujourd\u2019hui m\u00eame en personne ou par t\u00e9l\u00e9phone.<\/h3>\n<p>Pour verser un don \u00e0 la Fondation Actionmarguerite ou la Fondation Friends of St. Joseph\u2019s Residence, veuillez composer le (204) 233\u20113692, poste\u00a0643.<\/p>\n<p>Tous les dons de plus de 15\u00a0$ sont d\u00e9ductibles du revenu imposable et peuvent \u00eatre vers\u00e9s de fa\u00e7on anonyme si d\u00e9sir\u00e9. Nous acceptons l\u2019argent comptant, les cartes de cr\u00e9dit et les ch\u00e8ques.<\/p>\n<h2>Nos fonds de dotation<\/h2>\n<p>Actionmarguerite vous invite \u00e0 soutenir financi\u00e8rement les nombreux projets, programmes ou initiatives de l\u2019un ou l\u2019autre de nos \u00e9tablissements de soins de longue dur\u00e9e. Faites un geste aux r\u00e9percussions durables en choisissant de d\u00e9dier votre don \u00e0 l\u2019un ou l\u2019autre de nos fonds d\u00e9sign\u00e9s.<\/p>\n<h3>La Fondation Actionmarguerite<\/h3>\n<p>Le <strong>Fonds g\u00e9n\u00e9ral de la Fondation Actionmarguerite<\/strong> accepte les dons destin\u00e9s \u00e0 soutenir la mission g\u00e9n\u00e9rale de l\u2019organisme ainsi que les dons \u00e0 la m\u00e9moire d\u2019\u00eatres chers (dons comm\u00e9moratifs). En particulier, les recettes am\u00e9liorent la qualit\u00e9 de vie des r\u00e9sidents de nos \u00e9tablissements de Saint\u2011Vital et de Saint\u2011Boniface en permettant d\u2019allouer des ressources \u00e0 la r\u00e9alisation de projets prioritaires.<\/p>\n<p>Le <strong>Fonds Ghislaine\u2011Lacerte<\/strong> finance des activit\u00e9s et des programmes en fran\u00e7ais \u00e0 Actionmarguerite Saint\u2011Vital. Les recettes aident \u00e0 r\u00e9pondre au besoin toujours grandissant de faire participer et de divertir les r\u00e9sidents dans leur langue maternelle et leur culture, ce qui est essentiel \u00e0 leur bien\u2011\u00eatre.<\/p>\n<p>Le <strong>Fonds de Compassion<\/strong> a \u00e9t\u00e9 cr\u00e9\u00e9 par les S\u0153urs Ursulines de Tildonk pour venir en aide aux r\u00e9sidents qui vivent de revenus fixes et pour offrir au personnel une formation ax\u00e9e sur la compassion. Fid\u00e8le aux valeurs fondamentales de ses cr\u00e9atrices, le fonds encourage des initiatives qui inspirent la bienveillance et l\u2019empathie dans toute la communaut\u00e9 d\u2019Actionmarguerite.<\/p>\n<p>Le <strong>Fonds d\u2019apprentissage approfondi de la d\u00e9mence<\/strong> b\u00e9n\u00e9ficie des recettes du tournoi de golf annuel de First General Services ainsi que d\u2019autres dons. Les fonds amass\u00e9s permettent la mise en \u0153uvre des programmes \u00e9ducatifs sp\u00e9cialis\u00e9s pour le personnel et pour les personnes soignantes qui offrent aux r\u00e9sidents des soins de longue dur\u00e9e avec des besoins sp\u00e9ciaux associ\u00e9s \u00e0 la d\u00e9mence.<\/p>\n<h3>Friends of St. Joseph\u2019s Residence<\/h3>\n<p>Le <strong>Fonds de soutien spirituel<\/strong> a \u00e9t\u00e9 cr\u00e9\u00e9 par les S\u0153urs B\u00e9n\u00e9dictines et d\u2019autres donateurs au fil de nombreuses ann\u00e9es. Le fonds favorise la r\u00e9alisation des programmes de pastorale offerts \u00e0 Actionmarguerite Saint\u2011Joseph. Con\u00e7u pour r\u00e9pondre aux besoins spirituels des r\u00e9sidents, le fonds facilite la prestation de programmes divers tout en tenant compte des besoins, de la confession et des traditions spirituelles de chacun.<\/p>\n<p>Le <strong>Fonds g\u00e9n\u00e9ral Friends of St. Joseph\u2019s Residence<\/strong> soutient les projets qui am\u00e9liorent le niveau de vie des r\u00e9sidents. Ax\u00e9 sur les a\u00een\u00e9s et leur bien\u2011\u00eatre, le fonds a contribu\u00e9 \u00e0 financer une multitude d\u2019am\u00e9liorations, et ce tout en permettant \u00e0 l\u2019organisme de remplir sa mission de fournisseur de soins et de services.<\/p>\n<p>Veuillez noter que pour des raisons de s\u00e9curit\u00e9 nous ne pouvons accepter les dons de meubles, v\u00eatements ou \u00e9quipements usag\u00e9s.<\/p>\n<h2>Faire du b\u00e9n\u00e9volat c\u2019est aussi faire un don<\/h2>\n<p>Vous pouvez aussi choisir de venir faire du <a href=\"https:\/\/actionmarguerite.ca\/fr\/carrieres\/devenez-benevole\/\">b\u00e9n\u00e9volat<\/a> chez nous. Au nom de nos r\u00e9sidents, nous vous sommes reconnaissants de toute contribution et nous vous en remercions.<\/p>\n<p>&nbsp;<\/p>\n","protected":false},"excerpt":{"rendered":"<p>Votre don am\u00e9liorera la vie des r\u00e9sidents d\u2019Actionmarguerite. Nos deux fondations sont des organismes de bienfaisance enregistr\u00e9s aupr\u00e8s de Revenu Canada qui rehaussent la qualit\u00e9 de vie de nos r\u00e9sidents en contribuant \u00e0 la diversification et \u00e0 l\u2019am\u00e9lioration des programmes ainsi qu\u2019\u00e0 la r\u00e9alisation de travaux de r\u00e9novation et de construction. Il existe plusieurs fa\u00e7ons [&hellip;]<\/p>\n","protected":false},"author":42,"featured_media":25935,"parent":517,"menu_order":0,"comment_status":"closed","ping_status":"closed","template":"","meta":{"_acf_changed":false,"_et_pb_use_builder":"off","_et_pb_old_content":"","_et_gb_content_width":"","footnotes":""},"class_list":["post-613","page","type-page","status-publish","has-post-thumbnail","hentry"],"acf":[],"aioseo_notices":[],"_links":{"self":[{"href":"https:\/\/www.actionmarguerite.ca\/fr\/wp-json\/wp\/v2\/pages\/613","targetHints":{"allow":["GET"]}}],"collection":[{"href":"https:\/\/www.actionmarguerite.ca\/fr\/wp-json\/wp\/v2\/pages"}],"about":[{"href":"https:\/\/www.actionmarguerite.ca\/fr\/wp-json\/wp\/v2\/types\/page"}],"author":[{"embeddable":true,"href":"https:\/\/www.actionmarguerite.ca\/fr\/wp-json\/wp\/v2\/users\/42"}],"replies":[{"embeddable":true,"href":"https:\/\/www.actionmarguerite.ca\/fr\/wp-json\/wp\/v2\/comments?post=613"}],"version-history":[{"count":17,"href":"https:\/\/www.actionmarguerite.ca\/fr\/wp-json\/wp\/v2\/pages\/613\/revisions"}],"predecessor-version":[{"id":58352,"href":"https:\/\/www.actionmarguerite.ca\/fr\/wp-json\/wp\/v2\/pages\/613\/revisions\/58352"}],"up":[{"embeddable":true,"href":"https:\/\/www.actionmarguerite.ca\/fr\/wp-json\/wp\/v2\/pages\/517"}],"wp:featuredmedia":[{"embeddable":true,"href":"https:\/\/www.actionmarguerite.ca\/fr\/wp-json\/wp\/v2\/media\/25935"}],"wp:attachment":[{"href":"https:\/\/www.actionmarguerite.ca\/fr\/wp-json\/wp\/v2\/media?parent=613"}],"curies":[{"name":"wp","href":"https:\/\/api.w.org\/{rel}","templated":true}]}}