{"id":611,"date":"2016-08-04T15:44:40","date_gmt":"2016-08-04T20:44:40","guid":{"rendered":"http:\/\/actionmarguerite.ca-pr2\/fr\/careers\/volunteer\/"},"modified":"2025-07-13T13:13:29","modified_gmt":"2025-07-13T18:13:29","slug":"devenez-benevole","status":"publish","type":"page","link":"https:\/\/www.actionmarguerite.ca\/fr\/carrieres\/devenez-benevole\/","title":{"rendered":"\u00catre b\u00e9n\u00e9vole ici"},"content":{"rendered":"<h2>Le b\u00e9n\u00e9volat : Cocr\u00e9er des milieux de vie o\u00f9 il fait bon vivre<\/h2>\n<p>Chez Actionmarguerite, nous nous effor\u00e7ons continuellement \u00e0 cocr\u00e9er des milieux de vie o\u00f9 il fait bon vivre pour les r\u00e9sidents, leurs proches et le personnel. Que ce soit par le biais de conversations sinc\u00e8res ou de loisirs partag\u00e9s, les b\u00e9n\u00e9voles enrichissent notre communaut\u00e9 et jouent un r\u00f4le essentiel en cr\u00e9ant des liens pr\u00e9cieux avec les r\u00e9sidents et leurs familles. Que les b\u00e9n\u00e9voles marchent aux c\u00f4t\u00e9s des r\u00e9sidents ou fassent du b\u00e9n\u00e9volat dans les coulisses, leurs contributions apportent de la signification et de la joie \u00e0 ceux qui vivent ici.<\/p>\n<p>\u00cates-vous pr\u00eat \u00e0 faire une diff\u00e9rence positive dans la vie des autres? Devenez b\u00e9n\u00e9vole ! <a href=\"https:\/\/app.betterimpact.com\/Application?OrganizationGuid=a63bfd94-856a-4a11-a0cc-39ab4daa325b&amp;ApplicationFormNumber=1\">Cliquez ici<\/a> pour compl\u00e9ter la premi\u00e8re \u00e9tape de la demande de b\u00e9n\u00e9volat.<\/p>\n<p>Question? Contactez-nous \u00e0 benevole@actionmarguerite.ca<\/p>\n<p><strong>Veuillez rester en contact avec nous !\u00a0<\/strong>Suivez-nous sur nos m\u00e9dias sociaux @Actionmarguerite sur Facebook et Instagram.<\/p>\n<p>&nbsp;<\/p>\n<p><strong><img loading=\"lazy\" decoding=\"async\" class=\"aligncenter wp-image-25808 size-full\" src=\"https:\/\/www.actionmarguerite.ca\/wp-content\/uploads\/2016\/08\/2383_DesReg_FoyerValade-226.jpg\" alt=\"\" width=\"1000\" height=\"667\" srcset=\"https:\/\/www.actionmarguerite.ca\/wp-content\/uploads\/2016\/08\/2383_DesReg_FoyerValade-226.jpg 1000w, https:\/\/www.actionmarguerite.ca\/wp-content\/uploads\/2016\/08\/2383_DesReg_FoyerValade-226-300x200.jpg 300w, https:\/\/www.actionmarguerite.ca\/wp-content\/uploads\/2016\/08\/2383_DesReg_FoyerValade-226-768x512.jpg 768w, https:\/\/www.actionmarguerite.ca\/wp-content\/uploads\/2016\/08\/2383_DesReg_FoyerValade-226-610x407.jpg 610w\" sizes=\"(max-width: 1000px) 100vw, 1000px\" \/><\/strong><\/p>\n<p><strong>Quelques avantages \u00e0 faire du b\u00e9n\u00e9volat chez Actionmarguerite<\/strong><\/p>\n<ul>\n<li>Vous pouvez acc\u00e9der aux opportunit\u00e9s de formation d&rsquo;Actionmarguerite et du R\u00e9seau Compassion Network.<\/li>\n<li>Vous pouvez demander une r\u00e9f\u00e9rence en vue d&rsquo;un futur emploi ou d&rsquo;une bourse d&rsquo;\u00e9tudes.<\/li>\n<li>Vous pouvez vous joindre aux comit\u00e9s d&rsquo;Actionmarguerite.<\/li>\n<li>Vous \u00eates invit\u00e9(e) aux \u00e9v\u00e9nements de reconnaissance et d&rsquo;appr\u00e9ciation des b\u00e9n\u00e9voles.<\/li>\n<li>Vous faites partie d&rsquo;une communaut\u00e9 dynamique !<\/li>\n<\/ul>\n<p>&nbsp;<\/p>\n","protected":false},"excerpt":{"rendered":"<p>Le b\u00e9n\u00e9volat : Cocr\u00e9er des milieux de vie o\u00f9 il fait bon vivre Chez Actionmarguerite, nous nous effor\u00e7ons continuellement \u00e0 cocr\u00e9er des milieux de vie o\u00f9 il fait bon vivre pour les r\u00e9sidents, leurs proches et le personnel. Que ce soit par le biais de conversations sinc\u00e8res ou de loisirs partag\u00e9s, les b\u00e9n\u00e9voles enrichissent notre [&hellip;]<\/p>\n","protected":false},"author":42,"featured_media":25912,"parent":509,"menu_order":0,"comment_status":"closed","ping_status":"closed","template":"","meta":{"_acf_changed":false,"_et_pb_use_builder":"off","_et_pb_old_content":"","_et_gb_content_width":"","footnotes":""},"class_list":["post-611","page","type-page","status-publish","has-post-thumbnail","hentry"],"acf":[],"aioseo_notices":[],"_links":{"self":[{"href":"https:\/\/www.actionmarguerite.ca\/fr\/wp-json\/wp\/v2\/pages\/611","targetHints":{"allow":["GET"]}}],"collection":[{"href":"https:\/\/www.actionmarguerite.ca\/fr\/wp-json\/wp\/v2\/pages"}],"about":[{"href":"https:\/\/www.actionmarguerite.ca\/fr\/wp-json\/wp\/v2\/types\/page"}],"author":[{"embeddable":true,"href":"https:\/\/www.actionmarguerite.ca\/fr\/wp-json\/wp\/v2\/users\/42"}],"replies":[{"embeddable":true,"href":"https:\/\/www.actionmarguerite.ca\/fr\/wp-json\/wp\/v2\/comments?post=611"}],"version-history":[{"count":19,"href":"https:\/\/www.actionmarguerite.ca\/fr\/wp-json\/wp\/v2\/pages\/611\/revisions"}],"predecessor-version":[{"id":53522,"href":"https:\/\/www.actionmarguerite.ca\/fr\/wp-json\/wp\/v2\/pages\/611\/revisions\/53522"}],"up":[{"embeddable":true,"href":"https:\/\/www.actionmarguerite.ca\/fr\/wp-json\/wp\/v2\/pages\/509"}],"wp:featuredmedia":[{"embeddable":true,"href":"https:\/\/www.actionmarguerite.ca\/fr\/wp-json\/wp\/v2\/media\/25912"}],"wp:attachment":[{"href":"https:\/\/www.actionmarguerite.ca\/fr\/wp-json\/wp\/v2\/media?parent=611"}],"curies":[{"name":"wp","href":"https:\/\/api.w.org\/{rel}","templated":true}]}}