{"id":607,"date":"2016-08-04T15:43:46","date_gmt":"2016-08-04T20:43:46","guid":{"rendered":"http:\/\/actionmarguerite.ca-pr2\/fr\/careers\/teams\/"},"modified":"2017-06-08T00:26:15","modified_gmt":"2017-06-08T05:26:15","slug":"equipes","status":"publish","type":"page","link":"https:\/\/www.actionmarguerite.ca\/fr\/carrieres\/equipes\/","title":{"rendered":"\u00c9quipes"},"content":{"rendered":"<h2>Faites partie de notre \u00e9quipe!<\/h2>\n<p>Vous ne manquerez certainement pas de trouver un poste qui r\u00e9pond \u00e0 vos comp\u00e9tences et \u00e0 vos int\u00e9r\u00eats parmi les nombreuses possibilit\u00e9s offertes par Actionmarguerite. Un excellent esprit de collaboration r\u00e8gne entre les diff\u00e9rentes \u00e9quipes. Peu importe leurs r\u00f4les et leurs postes, tous les employ\u00e9s sont anim\u00e9s par une volont\u00e9 commune d\u2019enrichir la vie des plus jeunes adultes qui d\u00e9pendent de nous et des personnes \u00e2g\u00e9es qui nous ont tant apport\u00e9. Choisissez notre \u00e9quipe et joignez-vous \u00e0 notre grande famille. Actionmarguerite vous attend!<\/p>\n<p><img loading=\"lazy\" decoding=\"async\" class=\"alignnone size-full wp-image-25929\" src=\"https:\/\/actionmarguerite.ca\/wp-content\/uploads\/2016\/08\/careers-team-Checking-Blood-Pressure-2515_TAVA_-105.jpg\" alt=\"\" width=\"1000\" height=\"667\" srcset=\"https:\/\/www.actionmarguerite.ca\/wp-content\/uploads\/2016\/08\/careers-team-Checking-Blood-Pressure-2515_TAVA_-105.jpg 1000w, https:\/\/www.actionmarguerite.ca\/wp-content\/uploads\/2016\/08\/careers-team-Checking-Blood-Pressure-2515_TAVA_-105-300x200.jpg 300w, https:\/\/www.actionmarguerite.ca\/wp-content\/uploads\/2016\/08\/careers-team-Checking-Blood-Pressure-2515_TAVA_-105-768x512.jpg 768w, https:\/\/www.actionmarguerite.ca\/wp-content\/uploads\/2016\/08\/careers-team-Checking-Blood-Pressure-2515_TAVA_-105-610x407.jpg 610w\" sizes=\"(max-width: 1000px) 100vw, 1000px\" \/><\/p>\n<h2>Soins aux r\u00e9sidents<\/h2>\n<p>Personnel infirmier licenci\u00e9 et personnel infirmier auxiliaire<strong><br \/>\n<\/strong>Pr\u00e9pos\u00e9s aux soins<strong><br \/>\n<\/strong>Aides en r\u00e9adaptation<br \/>\nAccompagnateurs \u2013 Programme de logement avec services de soutien<br \/>\nAccompagnateurs \u2013 Programme de jour pour adulte<\/p>\n<h2>Services aux residents<\/h2>\n<p>Travailleurs sociaux<br \/>\nPhysioth\u00e9rapeutes<br \/>\nErgoth\u00e9rapeutes<br \/>\nDi\u00e9t\u00e9ticiens<br \/>\nAum\u00f4niers<br \/>\nCoordonnateurs des loisirs<br \/>\nB\u00e9n\u00e9voles<\/p>\n<h2>Services de soutien<\/h2>\n<p>Administration<br \/>\nRessources humaines, paye et dotation du personnel<br \/>\nComptabilit\u00e9 et finances<br \/>\nEntretien m\u00e9nager et buanderie<br \/>\nDi\u00e9t\u00e9tique<br \/>\nIng\u00e9nieurs et personnel d&rsquo;entretien<\/p>\n","protected":false},"excerpt":{"rendered":"<p>Faites partie de notre \u00e9quipe! Vous ne manquerez certainement pas de trouver un poste qui r\u00e9pond \u00e0 vos comp\u00e9tences et \u00e0 vos int\u00e9r\u00eats parmi les nombreuses possibilit\u00e9s offertes par Actionmarguerite. Un excellent esprit de collaboration r\u00e8gne entre les diff\u00e9rentes \u00e9quipes. Peu importe leurs r\u00f4les et leurs postes, tous les employ\u00e9s sont anim\u00e9s par une volont\u00e9 [&hellip;]<\/p>\n","protected":false},"author":42,"featured_media":25896,"parent":509,"menu_order":0,"comment_status":"closed","ping_status":"closed","template":"","meta":{"_acf_changed":false,"_et_pb_use_builder":"","_et_pb_old_content":"","_et_gb_content_width":"","footnotes":""},"class_list":["post-607","page","type-page","status-publish","has-post-thumbnail","hentry"],"acf":[],"aioseo_notices":[],"_links":{"self":[{"href":"https:\/\/www.actionmarguerite.ca\/fr\/wp-json\/wp\/v2\/pages\/607","targetHints":{"allow":["GET"]}}],"collection":[{"href":"https:\/\/www.actionmarguerite.ca\/fr\/wp-json\/wp\/v2\/pages"}],"about":[{"href":"https:\/\/www.actionmarguerite.ca\/fr\/wp-json\/wp\/v2\/types\/page"}],"author":[{"embeddable":true,"href":"https:\/\/www.actionmarguerite.ca\/fr\/wp-json\/wp\/v2\/users\/42"}],"replies":[{"embeddable":true,"href":"https:\/\/www.actionmarguerite.ca\/fr\/wp-json\/wp\/v2\/comments?post=607"}],"version-history":[{"count":6,"href":"https:\/\/www.actionmarguerite.ca\/fr\/wp-json\/wp\/v2\/pages\/607\/revisions"}],"predecessor-version":[{"id":26286,"href":"https:\/\/www.actionmarguerite.ca\/fr\/wp-json\/wp\/v2\/pages\/607\/revisions\/26286"}],"up":[{"embeddable":true,"href":"https:\/\/www.actionmarguerite.ca\/fr\/wp-json\/wp\/v2\/pages\/509"}],"wp:featuredmedia":[{"embeddable":true,"href":"https:\/\/www.actionmarguerite.ca\/fr\/wp-json\/wp\/v2\/media\/25896"}],"wp:attachment":[{"href":"https:\/\/www.actionmarguerite.ca\/fr\/wp-json\/wp\/v2\/media?parent=607"}],"curies":[{"name":"wp","href":"https:\/\/api.w.org\/{rel}","templated":true}]}}