{"id":599,"date":"2016-08-04T15:41:42","date_gmt":"2016-08-04T20:41:42","guid":{"rendered":"http:\/\/actionmarguerite.ca-pr2\/fr\/benefits\/"},"modified":"2025-03-28T15:31:12","modified_gmt":"2025-03-28T20:31:12","slug":"avantages","status":"publish","type":"page","link":"https:\/\/www.actionmarguerite.ca\/fr\/carrieres\/avantages\/","title":{"rendered":"Avantages"},"content":{"rendered":"<p>Vous vous joindrez \u00e0 une organisation qui s&rsquo;engage \u00e0 soutenir une main-d&rsquo;\u0153uvre forte, heureuse et en sant\u00e9 afin que chaque employ\u00e9 puisse donner le meilleur de soi pour offrir des soins et des services de qualit\u00e9 et empreints de compassion. Nous nous engageons \u00e0 \u00eatre \u00e0 l&rsquo;\u00e9coute des employ\u00e9s et \u00e0 apporter des am\u00e9liorations constantes pour faire en sorte qu&rsquo;Actionmarguerite soit l&rsquo;un des meilleurs endroits o\u00f9 travailler dans notre communaut\u00e9.<\/p>\n<p>Nous offrons des avantages sociaux complets et concurrentiels \u00e0 tous les employ\u00e9s admissibles et \u00e0 leur famille, en fonction de la convention collective et du poste occup\u00e9. Les avantages sociaux comprennent :<\/p>\n<ul>\n<li><a href=\"https:\/\/hebmanitoba.ca\/healthcare_and_dental\/active_members\" target=\"_blank\" rel=\"noopener\">Assurance des soins de sant\u00e9, des soins dentaires et des voyages<\/a><\/li>\n<li><a href=\"https:\/\/hebmanitoba.ca\/healthcare_and_dental\/active_members\" target=\"_blank\" rel=\"noopener\">Assurance vie<\/a><\/li>\n<li><a href=\"https:\/\/hebmanitoba.ca\/disability_and_rehabilitation\/active_members\" target=\"_blank\" rel=\"noopener\">Plans d&rsquo;invalidit\u00e9 et de r\u00e9adaptation<\/a><\/li>\n<li><a href=\"https:\/\/hebmanitoba.ca\/pension\/active_members\" target=\"_blank\" rel=\"noopener\">R\u00e9gime de pension<\/a><\/li>\n<li><a href=\"https:\/\/hebmanitoba.ca\/employee_assistance\" target=\"_blank\" rel=\"noopener\">Programme d&rsquo;aide aux employ\u00e9s et aux familles<\/a><\/li>\n<li>Jours f\u00e9ri\u00e9s et cong\u00e9s<\/li>\n<li><a href=\"https:\/\/professionals.wrha.mb.ca\/star-program\/employee-discount-program\/#:~:text=The%20StAR%20Program%20continues%20to%20increase%20the%20variety,offered%20from%20various%20services%20within%20and%20around%20Winnipeg.\" target=\"_blank\" rel=\"noopener\">Programme de rabais pour les employ\u00e9s<\/a><\/li>\n<li><a href=\"https:\/\/healthcareersmanitoba.ca\/fr\/metiers-de-la-sante\/infirmieres\/subventions-du-fonds-pour-le-recrutement-de-personnel-infirmier-et-le-maintien-des-effectifs\/\" target=\"_blank\" rel=\"noopener\">Subventions du Fonds de recrutement et de maintien en poste des infirmi\u00e8res<\/a> et <a href=\"https:\/\/healthcareersmanitoba.ca\/fr\/metiers-de-la-sante\/infirmieres\/subventions-du-fonds-pour-le-recrutement-de-personnel-infirmier-et-le-maintien-des-effectifs\/\" target=\"_blank\" rel=\"noopener\">subvention pour les postes infirmiers bilingues ou francophones<\/a><\/li>\n<li>Des possibilit\u00e9s de d\u00e9veloppement professionnel et de leadership avec acc\u00e8s \u00e0 des bourses.<\/li>\n<li>Un lieu de travail certifi\u00e9 SAFE Work, le premier au Manitoba<\/li>\n<li>Un environnement respectueux et multiculturel<\/li>\n<li>Des caf\u00e9t\u00e9rias sur place<\/li>\n<li>Des frais de stationnement raisonnables<\/li>\n<li>Des itin\u00e9raires d&rsquo;autobus pratiques<\/li>\n<li>Des \u00e9v\u00e9nements d&rsquo;appr\u00e9ciation du personnel tout au long de l&rsquo;ann\u00e9e<\/li>\n<\/ul>\n<a href='https:\/\/actionmarguerite.ca\/fr\/carrieres\/faites-une-reelle-difference-dans-la-vie-des-gens\/' class='big-button bigblue'>Postulez d\u00e8s aujourd&rsquo;hui<\/a>\n<p>Actionmarguerite vous attend!<\/p>\n<p>&nbsp;<\/p>\n<p><img loading=\"lazy\" decoding=\"async\" class=\"alignnone wp-image-25816 size-full\" src=\"https:\/\/www.actionmarguerite.ca\/wp-content\/uploads\/2016\/08\/2383_DesReg_FoyerValade-507-Training-1.jpg\" alt=\"\" width=\"1000\" height=\"667\" srcset=\"https:\/\/www.actionmarguerite.ca\/wp-content\/uploads\/2016\/08\/2383_DesReg_FoyerValade-507-Training-1.jpg 1000w, https:\/\/www.actionmarguerite.ca\/wp-content\/uploads\/2016\/08\/2383_DesReg_FoyerValade-507-Training-1-300x200.jpg 300w, https:\/\/www.actionmarguerite.ca\/wp-content\/uploads\/2016\/08\/2383_DesReg_FoyerValade-507-Training-1-768x512.jpg 768w, https:\/\/www.actionmarguerite.ca\/wp-content\/uploads\/2016\/08\/2383_DesReg_FoyerValade-507-Training-1-610x407.jpg 610w\" sizes=\"(max-width: 1000px) 100vw, 1000px\" \/><\/p>\n","protected":false},"excerpt":{"rendered":"<p>Vous vous joindrez \u00e0 une organisation qui s&rsquo;engage \u00e0 soutenir une main-d&rsquo;\u0153uvre forte, heureuse et en sant\u00e9 afin que chaque employ\u00e9 puisse donner le meilleur de soi pour offrir des soins et des services de qualit\u00e9 et empreints de compassion. Nous nous engageons \u00e0 \u00eatre \u00e0 l&rsquo;\u00e9coute des employ\u00e9s et \u00e0 apporter des am\u00e9liorations constantes [&hellip;]<\/p>\n","protected":false},"author":42,"featured_media":25894,"parent":509,"menu_order":0,"comment_status":"closed","ping_status":"closed","template":"","meta":{"_acf_changed":false,"_et_pb_use_builder":"off","_et_pb_old_content":"","_et_gb_content_width":"","footnotes":""},"class_list":["post-599","page","type-page","status-publish","has-post-thumbnail","hentry"],"acf":[],"aioseo_notices":[],"_links":{"self":[{"href":"https:\/\/www.actionmarguerite.ca\/fr\/wp-json\/wp\/v2\/pages\/599","targetHints":{"allow":["GET"]}}],"collection":[{"href":"https:\/\/www.actionmarguerite.ca\/fr\/wp-json\/wp\/v2\/pages"}],"about":[{"href":"https:\/\/www.actionmarguerite.ca\/fr\/wp-json\/wp\/v2\/types\/page"}],"author":[{"embeddable":true,"href":"https:\/\/www.actionmarguerite.ca\/fr\/wp-json\/wp\/v2\/users\/42"}],"replies":[{"embeddable":true,"href":"https:\/\/www.actionmarguerite.ca\/fr\/wp-json\/wp\/v2\/comments?post=599"}],"version-history":[{"count":15,"href":"https:\/\/www.actionmarguerite.ca\/fr\/wp-json\/wp\/v2\/pages\/599\/revisions"}],"predecessor-version":[{"id":51976,"href":"https:\/\/www.actionmarguerite.ca\/fr\/wp-json\/wp\/v2\/pages\/599\/revisions\/51976"}],"up":[{"embeddable":true,"href":"https:\/\/www.actionmarguerite.ca\/fr\/wp-json\/wp\/v2\/pages\/509"}],"wp:featuredmedia":[{"embeddable":true,"href":"https:\/\/www.actionmarguerite.ca\/fr\/wp-json\/wp\/v2\/media\/25894"}],"wp:attachment":[{"href":"https:\/\/www.actionmarguerite.ca\/fr\/wp-json\/wp\/v2\/media?parent=599"}],"curies":[{"name":"wp","href":"https:\/\/api.w.org\/{rel}","templated":true}]}}