{"id":574,"date":"2016-05-04T17:06:19","date_gmt":"2016-05-04T21:06:19","guid":{"rendered":"http:\/\/actionmarguerite.ca-pr2\/fr\/care-and-services\/programs\/"},"modified":"2025-03-28T15:26:14","modified_gmt":"2025-03-28T20:26:14","slug":"programmes","status":"publish","type":"page","link":"https:\/\/www.actionmarguerite.ca\/fr\/soins-et-services\/programmes\/","title":{"rendered":"Programmes"},"content":{"rendered":"<p>Nous offrons une impressionnante vari\u00e9t\u00e9 de programmes et de services : foyers de soins personnels, logements avec services de soutien, soins pour les personnes atteintes de d\u00e9mence, soins complexes pour des adultes moins \u00e2g\u00e9s et programme de jour pour adultes, afin de r\u00e9pondre aux besoins de divers membres de la communaut\u00e9.<\/p>\n<h2>Le programme des foyers de soins personnels<\/h2>\n<p>Les foyers de soins personnels s\u2019adressent aux personnes qui ont besoin de soins infirmiers 24 heures sur 24 et qui ne peuvent plus vivre chez elles avec l\u2019aide de leur famille et\/ou de la communaut\u00e9. Les foyers d\u2019Actionmarguerite sont agr\u00e9\u00e9s et fournissent les meilleurs soins qui soient \u00e0 tous les r\u00e9sidents.<\/p>\n<p>Actionmarguerite offre de nombreuses places dans ses foyers de soins personnels : au foyer du 450 du chemin River \u00e0 Saint-Vital, nous avons au total 115 chambres individuelles en milieu francophone. Au foyer du 185 de la rue Despins \u00e0 Saint-Boniface, nous avons plus de 150 chambres individuelles et quelques chambres pour deux personnes pour les soins personnels, dans un milieu bilingue. Au foyer de 1149 de l\u2019avenue Leila, dans le quartier de Maples, nous avons un \u00e9tablissement unique et multiculturel de 100 chambres individuelles.<\/p>\n<p>Nos r\u00e9sidents ont acc\u00e8s \u00e0 des professionnels de la sant\u00e9 et \u00e0 des services sp\u00e9cialis\u00e9s sans devoir quitter leur milieu de vie. Des services d\u2019entretien m\u00e9nager, des services alimentaires, des activit\u00e9s r\u00e9cr\u00e9atives et du soutien spirituel sont aussi offerts sur place.<\/p>\n<p>Nous nous effor\u00e7ons de fournir des services \u00e0 nos r\u00e9sidents dans un milieu chaleureux. Vous pouvez en apprendre plus sur les <a href=\"https:\/\/actionmarguerite.ca\/fr\/soins-et-services\/services-aux-residents\/\">services<\/a> et les soins de sant\u00e9 sp\u00e9cialis\u00e9s offerts par Actionmarguerite.<\/p>\n<p><img loading=\"lazy\" decoding=\"async\" class=\"alignnone wp-image-25882 size-full\" src=\"https:\/\/www.actionmarguerite.ca\/wp-content\/uploads\/2016\/08\/care-programs-Caregiver-and-Two-People-Playing-Bingo-SJ-331-HR.jpg\" alt=\"\" width=\"1000\" height=\"667\" srcset=\"https:\/\/www.actionmarguerite.ca\/wp-content\/uploads\/2016\/08\/care-programs-Caregiver-and-Two-People-Playing-Bingo-SJ-331-HR.jpg 1000w, https:\/\/www.actionmarguerite.ca\/wp-content\/uploads\/2016\/08\/care-programs-Caregiver-and-Two-People-Playing-Bingo-SJ-331-HR-300x200.jpg 300w, https:\/\/www.actionmarguerite.ca\/wp-content\/uploads\/2016\/08\/care-programs-Caregiver-and-Two-People-Playing-Bingo-SJ-331-HR-768x512.jpg 768w, https:\/\/www.actionmarguerite.ca\/wp-content\/uploads\/2016\/08\/care-programs-Caregiver-and-Two-People-Playing-Bingo-SJ-331-HR-610x407.jpg 610w\" sizes=\"(max-width: 1000px) 100vw, 1000px\" \/><\/p>\n<h2>Les soins fournis aux personnes atteintes de d\u00e9mence<\/h2>\n<p>Actionmarguerite a trois unit\u00e9s de soins sp\u00e9cialis\u00e9s con\u00e7ues pour offrir un environnement s\u00fbr, s\u00e9curitaire et chaleureux aux personnes atteintes de d\u00e9mence.<\/p>\n<p>Actionmarguerite a une unit\u00e9 sp\u00e9cialis\u00e9e d\u2019une quarantaine de places au 450 du chemin River, \u00e0 Saint-Vital. Plus de 80 places sont r\u00e9serv\u00e9es dans une unit\u00e9 sp\u00e9cialis\u00e9e et dans une unit\u00e9 r\u00e9gionale pour personnes ayant des probl\u00e8mes comportementaux au 185 de la rue Despins, \u00e0 Saint-Boniface. L\u2019acc\u00e8s \u00e0 toutes les unit\u00e9s est s\u00e9curitaire et le personnel re\u00e7oit une formation sp\u00e9cialis\u00e9e pour que chaque r\u00e9sident soit trait\u00e9 avec amabilit\u00e9 et respect.<\/p>\n<h2>Les soins pour adultes moins \u00e2g\u00e9s ayant des besoins complexes<\/h2>\n<p>Le programme de soins pour adultes moins \u00e2g\u00e9s ayant des besoins complexes est un programme sp\u00e9cialis\u00e9 qui s\u2019adresse aux personnes de moins de 60 ans et qui ont besoin d\u2019une aide consid\u00e9rable au quotidien. Ces personnes ont des l\u00e9sions c\u00e9r\u00e9brales acquises et des besoins complexes en mati\u00e8re de sant\u00e9 qui n\u00e9cessitent des services offerts dans un foyer de soins personnels. Notre unit\u00e9 du 185 de la rue Despins \u00e0 Saint-Boniface compte plus de 40 places et offre un environnement unique et s\u00fbr.<\/p>\n<p>Notre personnel propose aux r\u00e9sidents des programmes, des services et des activit\u00e9s r\u00e9cr\u00e9atives adapt\u00e9s \u00e0 leur \u00e2ge, les encourage \u00e0 participer \u00e0 la prise de d\u00e9cisions concernant les soins qu\u2019ils re\u00e7oivent et \u00e0 rester actifs en participant \u00e0 des activit\u00e9s dans la communaut\u00e9. Les candidats doivent remplir certaines conditions pour \u00eatre admissibles \u00e0 ce programme.<\/p>\n<h2>Les logements avec services de soutien<\/h2>\n<p>Actionmarguerite dirige deux programmes de logements avec services de soutien destin\u00e9s aux personnes qui n\u00e9cessitent une supervision 24 heures sur 24 et qui ont besoin d\u2019aide en raison de contraintes physiques ou de probl\u00e8mes de sant\u00e9, comme la d\u00e9mence en stade pr\u00e9coce.<\/p>\n<p>Les logements de Chez-Nous (187, avenue de la Cath\u00e9drale) et de Windsor Park Place (875, chemin Elizabeth) offrent des services de supervision 24 heures sur 24 et de soutien pour de nombreux aspects de la vie quotidienne. Les r\u00e9sidents re\u00e7oivent de l\u2019aide pour le bain, l\u2019habillage, les repas, le lavage des v\u00eatements et l\u2019entretien m\u00e9nager. Nous offrons aussi des services de rappels et des activit\u00e9s organis\u00e9es.<\/p>\n<p>Si le programme de logements avec services de soutien vous int\u00e9resse et que vous souhaitez savoir s\u2019il r\u00e9pond \u00e0 vos besoins, veuillez communiquer avec l\u2019Office r\u00e9gional de la sant\u00e9 de Winnipeg ou consulter votre coordonnateur de soins \u00e0 domicile.<\/p>\n<p><strong>Liens utiles<\/strong><br \/>\n<a href=\"https:\/\/www.ltcam.mb.ca\/\" target=\"_blank\" rel=\"noopener\">Association de soins continus et \u00e0 long terme du Manitoba<\/a><br \/>\n<a href=\"https:\/\/wrha.mb.ca\/files\/2019\/11\/supportive-housing-fact-sheet-f.pdf\" target=\"_blank\" rel=\"noopener\">Logements avec services de soutien de l\u2019ORSW<\/a><\/p>\n<h2>Le programme de jour pour adultes<\/h2>\n<p>Notre programme de jour pour adultes offre \u00e0 la client\u00e8le qui vit dans la communaut\u00e9 la possibilit\u00e9 de socialiser et de participer \u00e0 des activit\u00e9s qui favorisent leur bien-\u00eatre physique, social, spirituel et psychologique. Il offre aussi un r\u00e9pit aux proches aidants.<\/p>\n<p>Les activit\u00e9s organis\u00e9es incluent des repas, des activit\u00e9s de socialisation, de l\u2019activit\u00e9 physique et divers jeux et divertissements. Le programme est offert au 185 de la rue Despins, est parrain\u00e9 par Actionmarguerite et est financ\u00e9 par l\u2019Office r\u00e9gional de la sant\u00e9 de Winnipeg (ORSW).<\/p>\n<p><strong>Horaire<br \/>\n<\/strong>Programme de jour : du lundi au vendredi, de 8 h 30 \u00e0 14 h 30.<br \/>\nProgramme de soir : du mardi au jeudi, de 14 h \u00e0 19 h 30.<\/p>\n<p>L\u2019admissibilit\u00e9 \u00e0 ce programme est coordonn\u00e9e par l\u2019entremise des soins \u00e0 domicile.<\/p>\n","protected":false},"excerpt":{"rendered":"<p>Nous offrons une impressionnante vari\u00e9t\u00e9 de programmes et de services : foyers de soins personnels, logements avec services de soutien, soins pour les personnes atteintes de d\u00e9mence, soins complexes pour des adultes moins \u00e2g\u00e9s et programme de jour pour adultes, afin de r\u00e9pondre aux besoins de divers membres de la communaut\u00e9. Le programme des foyers [&hellip;]<\/p>\n","protected":false},"author":42,"featured_media":178,"parent":424,"menu_order":0,"comment_status":"closed","ping_status":"closed","template":"","meta":{"_acf_changed":false,"_et_pb_use_builder":"","_et_pb_old_content":"","_et_gb_content_width":"","footnotes":""},"class_list":["post-574","page","type-page","status-publish","has-post-thumbnail","hentry"],"acf":[],"aioseo_notices":[],"_links":{"self":[{"href":"https:\/\/www.actionmarguerite.ca\/fr\/wp-json\/wp\/v2\/pages\/574","targetHints":{"allow":["GET"]}}],"collection":[{"href":"https:\/\/www.actionmarguerite.ca\/fr\/wp-json\/wp\/v2\/pages"}],"about":[{"href":"https:\/\/www.actionmarguerite.ca\/fr\/wp-json\/wp\/v2\/types\/page"}],"author":[{"embeddable":true,"href":"https:\/\/www.actionmarguerite.ca\/fr\/wp-json\/wp\/v2\/users\/42"}],"replies":[{"embeddable":true,"href":"https:\/\/www.actionmarguerite.ca\/fr\/wp-json\/wp\/v2\/comments?post=574"}],"version-history":[{"count":7,"href":"https:\/\/www.actionmarguerite.ca\/fr\/wp-json\/wp\/v2\/pages\/574\/revisions"}],"predecessor-version":[{"id":51968,"href":"https:\/\/www.actionmarguerite.ca\/fr\/wp-json\/wp\/v2\/pages\/574\/revisions\/51968"}],"up":[{"embeddable":true,"href":"https:\/\/www.actionmarguerite.ca\/fr\/wp-json\/wp\/v2\/pages\/424"}],"wp:featuredmedia":[{"embeddable":true,"href":"https:\/\/www.actionmarguerite.ca\/fr\/wp-json\/wp\/v2\/media\/178"}],"wp:attachment":[{"href":"https:\/\/www.actionmarguerite.ca\/fr\/wp-json\/wp\/v2\/media?parent=574"}],"curies":[{"name":"wp","href":"https:\/\/api.w.org\/{rel}","templated":true}]}}