{"id":568,"date":"2019-02-28T11:30:13","date_gmt":"2019-02-28T17:30:13","guid":{"rendered":"http:\/\/actionmarguerite.ca-pr2\/fr\/admission-process\/"},"modified":"2025-05-22T16:38:33","modified_gmt":"2025-05-22T21:38:33","slug":"processus-dadmission","status":"publish","type":"page","link":"https:\/\/www.actionmarguerite.ca\/fr\/soins-et-services\/processus-dadmission\/","title":{"rendered":"Devenir un r\u00e9sident"},"content":{"rendered":"<p>Chacun m\u00e9rite de vivre dans un milieu s\u00fbr, s\u00e9curitaire et confortable. Notre \u00e9quipe d\u00e9vou\u00e9e aide nos r\u00e9sidents \u00e0 vivre de fa\u00e7on autonome et dans la dignit\u00e9 en leur permettant de profiter de la meilleure qualit\u00e9 de vie possible.<\/p>\n<p><img loading=\"lazy\" decoding=\"async\" class=\"wp-image-25833 size-full aligncenter\" src=\"https:\/\/actionmarguerite.ca\/wp-content\/uploads\/2016\/08\/2515_Actionmarquerite_3-4984.jpg\" alt=\"\" width=\"1000\" height=\"667\" srcset=\"https:\/\/www.actionmarguerite.ca\/wp-content\/uploads\/2016\/08\/2515_Actionmarquerite_3-4984.jpg 1000w, https:\/\/www.actionmarguerite.ca\/wp-content\/uploads\/2016\/08\/2515_Actionmarquerite_3-4984-300x200.jpg 300w, https:\/\/www.actionmarguerite.ca\/wp-content\/uploads\/2016\/08\/2515_Actionmarquerite_3-4984-768x512.jpg 768w, https:\/\/www.actionmarguerite.ca\/wp-content\/uploads\/2016\/08\/2515_Actionmarquerite_3-4984-610x407.jpg 610w\" sizes=\"(max-width: 1000px) 100vw, 1000px\" \/><\/p>\n<h2>Choisir un programme<\/h2>\n<h3>Les foyers de soins personnels<\/h3>\n<p>Un foyer de soins personnels fournit des soins infirmiers 24 heures sur 24 aux r\u00e9sidents qui ne sont plus capables de vivre chez eux. Les r\u00e9sidents potentiels doivent d\u2019abord \u00eatre accept\u00e9s dans les programmes de soins \u00e0 domicile et de foyers de soins personnels de l\u2019Office r\u00e9gional de la sant\u00e9 de Winnipeg (ORSW). La demande doit \u00eatre pr\u00e9sent\u00e9e par le m\u00e9decin de la personne, son coordonnateur de soins \u00e0 domicile ou son travailleur social.<\/p>\n<p>Apprenez-en plus sur les programmes de soins \u00e0 domicile et les <a href=\"https:\/\/wrha.mb.ca\/fr\/soins-de-longue-duree\/foyers-de-soins-de-longue-duree\/\" target=\"_blank\" rel=\"noopener\">foyers de soins personnels<\/a> de l\u2019ORSW.<\/p>\n<h3>Les logements avec services de soutien<\/h3>\n<p><img loading=\"lazy\" decoding=\"async\" class=\"size-medium wp-image-25787 alignleft\" src=\"https:\/\/actionmarguerite.ca\/wp-content\/uploads\/2016\/08\/2515_Actionmarquerite-047-300x200.jpg\" alt=\"\" width=\"300\" height=\"200\" srcset=\"https:\/\/www.actionmarguerite.ca\/wp-content\/uploads\/2016\/08\/2515_Actionmarquerite-047-300x200.jpg 300w, https:\/\/www.actionmarguerite.ca\/wp-content\/uploads\/2016\/08\/2515_Actionmarquerite-047-768x512.jpg 768w, https:\/\/www.actionmarguerite.ca\/wp-content\/uploads\/2016\/08\/2515_Actionmarquerite-047-610x407.jpg 610w, https:\/\/www.actionmarguerite.ca\/wp-content\/uploads\/2016\/08\/2515_Actionmarquerite-047.jpg 1000w\" sizes=\"(max-width: 300px) 100vw, 300px\" \/>Le programme de logements avec services de soutien d\u2019Actionmarguerite donne acc\u00e8s \u00e0 des services de supervision offerts 24 heures sur 24 aux personnes qui ne sont plus en mesure de vivre de fa\u00e7on ind\u00e9pendante sans surveillance, mais qui n\u2019ont pas besoin de toute la gamme de services d\u2019un foyer de soins personnels.<\/p>\n<p>Les demandes pour un logement avec services de soutien sont trait\u00e9es par un coordonnateur des soins \u00e0 domicile (si la personne vit dans la communaut\u00e9) ou par l\u2019entremise d\u2019un centre d\u2019acc\u00e8s aux soins de longue dur\u00e9e (si la personne est hospitalis\u00e9e).<\/p>\n<p>Apprenez-en plus sur les programmes de <a href=\"https:\/\/wrha.mb.ca\/files\/2019\/11\/supportive-housing-fact-sheet-f.pdf\" target=\"_blank\" rel=\"noopener\">logements avec services de soutien<\/a> et de <a href=\"https:\/\/www.ltcam.mb.ca\" target=\"_blank\" rel=\"noopener\">soins continus et \u00e0 long terme<\/a> de l\u2019ORSW pour le Manitoba.<\/p>\n<h2>Apr\u00e8s avoir choisi Actionmarguerite<\/h2>\n<p>Une fois qu\u2019un client a \u00e9t\u00e9 accept\u00e9 par le centre d\u2019acc\u00e8s aux soins de longue dur\u00e9e de l\u2019ORSW et a choisi un \u00e9tablissement d\u2019Actionmarguerite, le processus interne d\u2019admission d\u00e9bute. Une fois que nous recevons la demande du centre d\u2019acc\u00e8s aux soins de longue dur\u00e9e, l\u2019un de nos travailleurs sociaux communique avec le client ou la cliente et lui rend visite avant son admission en vue de d\u00e9terminer ses besoins en mati\u00e8re de soins.<\/p>\n<p>\u00c0 cette occasion, nous remettons \u00e0 la personne une trousse compl\u00e8te d\u2019information sur nos \u00e9tablissements, ainsi que notre entente en mati\u00e8re d\u2019admission et d\u2019h\u00e9bergement. Le travailleur social peut r\u00e9pondre \u00e0 toutes les questions des nouveaux r\u00e9sidents.<\/p>\n<p>Le jour de l\u2019admission, un travailleur social accueille le r\u00e9sident ou la r\u00e9sidente, l\u2019am\u00e8ne \u00e0 sa chambre et fait les pr\u00e9sentations aupr\u00e8s de l\u2019\u00e9quipe soignante de l\u2019unit\u00e9. L\u2019\u00e9quipe soignante aide le r\u00e9sident ou la r\u00e9sidente \u00e0 s\u2019installer et r\u00e9pond \u00e0 toutes ses questions ou pr\u00e9occupations.<\/p>\n<p>Pour obtenir plus d\u2019information et savoir ce qu\u2019il faut apporter, veuillez consulter nos guides \u00e0 l\u2019intention des r\u00e9sidents.<\/p>\n<p><a href=\"https:\/\/heyzine.com\/flip-book\/3bf2022582.html\" target=\"_blank\" rel=\"noopener\">Guide des r\u00e9sidents et des familles 2025<\/a><\/p>\n","protected":false},"excerpt":{"rendered":"<p>Chacun m\u00e9rite de vivre dans un milieu s\u00fbr, s\u00e9curitaire et confortable. Notre \u00e9quipe d\u00e9vou\u00e9e aide nos r\u00e9sidents \u00e0 vivre de fa\u00e7on autonome et dans la dignit\u00e9 en leur permettant de profiter de la meilleure qualit\u00e9 de vie possible. Choisir un programme Les foyers de soins personnels Un foyer de soins personnels fournit des soins infirmiers [&hellip;]<\/p>\n","protected":false},"author":42,"featured_media":0,"parent":424,"menu_order":0,"comment_status":"closed","ping_status":"closed","template":"","meta":{"_acf_changed":false,"_et_pb_use_builder":"","_et_pb_old_content":"Chacun m\u00e9rite de vivre dans un milieu s\u00fbr, s\u00e9curitaire et confortable. Notre \u00e9quipe d\u00e9vou\u00e9e aide nos r\u00e9sidents \u00e0 vivre de fa\u00e7on autonome et dans la dignit\u00e9 en leur permettant de profiter de la meilleure qualit\u00e9 de vie possible.\r\n\r\n<img class=\"wp-image-25833 size-full aligncenter\" src=\"https:\/\/actionmarguerite.ca\/wp-content\/uploads\/2016\/08\/2515_Actionmarquerite_3-4984.jpg\" width=\"1000\" height=\"667\" \/>\r\n<h2>Choisir un programme<\/h2>\r\n<h3>Les foyers de soins personnels<\/h3>\r\nUn foyer de soins personnels fournit des soins infirmiers 24 heures sur 24 aux r\u00e9sidents qui ne sont plus capables de vivre chez eux. Les r\u00e9sidents potentiels doivent d\u2019abord \u00eatre accept\u00e9s dans les programmes de soins \u00e0 domicile et de foyers de soins personnels de l\u2019Office r\u00e9gional de la sant\u00e9 de Winnipeg (ORSW). La demande doit \u00eatre pr\u00e9sent\u00e9e par le m\u00e9decin de la personne, son coordonnateur de soins \u00e0 domicile ou son travailleur social.\r\n\r\nApprenez-en plus sur les programmes de soins \u00e0 domicile et les <a href=\"https:\/\/www.wrha.mb.ca\/ltc\/pch\/\" target=\"_blank\" rel=\"noopener\">foyers de soins personnels<\/a> de l\u2019ORSW.\r\n<h3>Les logements avec services de soutien<\/h3>\r\n<img class=\"size-medium wp-image-25787 alignleft\" src=\"https:\/\/actionmarguerite.ca\/wp-content\/uploads\/2016\/08\/2515_Actionmarquerite-047-300x200.jpg\" alt=\"\" width=\"300\" height=\"200\" \/>Le programme de logements avec services de soutien d\u2019Actionmarguerite donne acc\u00e8s \u00e0 des services de supervision offerts 24 heures sur 24 aux personnes qui ne sont plus en mesure de vivre de fa\u00e7on ind\u00e9pendante sans surveillance, mais qui n\u2019ont pas besoin de toute la gamme de services d\u2019un foyer de soins personnels.\r\n\r\nLes demandes pour un logement avec services de soutien sont trait\u00e9es par un coordonnateur des soins \u00e0 domicile (si la personne vit dans la communaut\u00e9) ou par l\u2019entremise d\u2019un centre d\u2019acc\u00e8s aux soins de longue dur\u00e9e (si la personne est hospitalis\u00e9e).\r\n\r\nApprenez-en plus sur les programmes de <a href=\"https:\/\/www.wrha.mb.ca\/ltc\/housing.php\" target=\"_blank\" rel=\"noopener\">logements avec services de soutien<\/a> et de <a href=\"https:\/\/www.ltcam.mb.ca\" target=\"_blank\" rel=\"noopener\">soins continus et \u00e0 long terme<\/a> de l\u2019ORSW pour le Manitoba.\r\n<h2>Apr\u00e8s avoir choisi Actionmarguerite<\/h2>\r\nUne fois qu\u2019un client a \u00e9t\u00e9 accept\u00e9 par le centre d\u2019acc\u00e8s aux soins de longue dur\u00e9e de l\u2019ORSW et a choisi un \u00e9tablissement d\u2019Actionmarguerite, le processus interne d\u2019admission d\u00e9bute. Une fois que nous recevons la demande du centre d\u2019acc\u00e8s aux soins de longue dur\u00e9e, l\u2019un de nos travailleurs sociaux communique avec le client ou la cliente et lui rend visite avant son admission en vue de d\u00e9terminer ses besoins en mati\u00e8re de soins.\r\n\r\n\u00c0 cette occasion, nous remettons \u00e0 la personne une trousse compl\u00e8te d\u2019information sur nos \u00e9tablissements, ainsi que notre entente en mati\u00e8re d\u2019admission et d\u2019h\u00e9bergement. Le travailleur social peut r\u00e9pondre \u00e0 toutes les questions des nouveaux r\u00e9sidents.\r\n\r\nLe jour de l\u2019admission, un travailleur social accueille le r\u00e9sident ou la r\u00e9sidente, l\u2019am\u00e8ne \u00e0 sa chambre et fait les pr\u00e9sentations aupr\u00e8s de l\u2019\u00e9quipe soignante de l\u2019unit\u00e9. L\u2019\u00e9quipe soignante aide le r\u00e9sident ou la r\u00e9sidente \u00e0 s\u2019installer et r\u00e9pond \u00e0 toutes ses questions ou pr\u00e9occupations.\r\n\r\nPour obtenir plus d\u2019information et savoir ce qu\u2019il faut apporter, veuillez consulter nos guides \u00e0 l\u2019intention des r\u00e9sidents.\r\n\r\n<a href=\"https:\/\/actionmarguerite.ca\/wp-content\/uploads\/2019\/03\/AM-Resident-Guide-r\u00e9v-mars-2019-FR.pdf\">Guides des r\u00e9sidents et des familles 2019<\/a>\r\n\r\n\u00a0\r\n\r\n\u00a0\r\n\r\n\u00a0\r\n\r\n\u00a0\r\n\r\n\u00a0\r\n\r\n\u00a0","_et_gb_content_width":"","footnotes":""},"class_list":["post-568","page","type-page","status-publish","hentry"],"acf":[],"aioseo_notices":[],"_links":{"self":[{"href":"https:\/\/www.actionmarguerite.ca\/fr\/wp-json\/wp\/v2\/pages\/568","targetHints":{"allow":["GET"]}}],"collection":[{"href":"https:\/\/www.actionmarguerite.ca\/fr\/wp-json\/wp\/v2\/pages"}],"about":[{"href":"https:\/\/www.actionmarguerite.ca\/fr\/wp-json\/wp\/v2\/types\/page"}],"author":[{"embeddable":true,"href":"https:\/\/www.actionmarguerite.ca\/fr\/wp-json\/wp\/v2\/users\/42"}],"replies":[{"embeddable":true,"href":"https:\/\/www.actionmarguerite.ca\/fr\/wp-json\/wp\/v2\/comments?post=568"}],"version-history":[{"count":15,"href":"https:\/\/www.actionmarguerite.ca\/fr\/wp-json\/wp\/v2\/pages\/568\/revisions"}],"predecessor-version":[{"id":52575,"href":"https:\/\/www.actionmarguerite.ca\/fr\/wp-json\/wp\/v2\/pages\/568\/revisions\/52575"}],"up":[{"embeddable":true,"href":"https:\/\/www.actionmarguerite.ca\/fr\/wp-json\/wp\/v2\/pages\/424"}],"wp:attachment":[{"href":"https:\/\/www.actionmarguerite.ca\/fr\/wp-json\/wp\/v2\/media?parent=568"}],"curies":[{"name":"wp","href":"https:\/\/api.w.org\/{rel}","templated":true}]}}