{"id":555,"date":"2019-07-30T04:00:58","date_gmt":"2019-07-30T09:00:58","guid":{"rendered":"http:\/\/actionmarguerite.ca-pr2\/fr\/management\/"},"modified":"2026-04-30T15:41:23","modified_gmt":"2026-04-30T20:41:23","slug":"gestion","status":"publish","type":"page","link":"https:\/\/www.actionmarguerite.ca\/fr\/en-bref\/gestion\/","title":{"rendered":"Gestion"},"content":{"rendered":"<h2>Les propri\u00e9taires<\/h2>\n<p>Les religieuses fondatrices ont maintenu une solide tradition de participation la\u00efque \u00e0 leurs \u0153uvres de bienfaisance. En 2000, les S\u0153urs Grises ont transf\u00e9r\u00e9 leur division caritative, soit le Centre Tach\u00e9 et le Foyer Valade, \u00e0 la Corporation catholique de la sant\u00e9 du Manitoba (CCSM).\u00a0 Cette corporation est maintenant connue sous le nom de R\u00e9seau Compassion Network (RCN).\u00a0 En 2005, les S\u0153urs B\u00e9n\u00e9dictines ont fait de m\u00eame avec St. Joseph&rsquo;s Residence. \u00c0 titre de propri\u00e9taire et de parraineur d\u2019Actionmarguerite, le RCN assure une gouvernance efficace et responsable d\u2019Actionmarguerite et de ses fondations.<\/p>\n<p>En plus d\u2019Actionmarguerite, le RCN poss\u00e8de et parraine la mission des communaut\u00e9s de service suivantes :<\/p>\n<p><a href=\"https:\/\/www.marymound.com\/main\/\" target=\"_blank\" rel=\"noopener\">Marymound (site anglais)<\/a><a href=\"https:\/\/stamant.ca\/\" target=\"_blank\" rel=\"noopener\"><br \/>\nSt. Amant (site anglais)<\/a><br \/>\n<a href=\"https:\/\/www.youville.ca\/\" target=\"_blank\" rel=\"noopener\">Centre Youville Centre<\/a><a href=\"https:\/\/stbonifacehospital.ca\/fr\/\" target=\"_blank\" rel=\"noopener\"><br \/>\nH\u00f4pital Saint-Boniface <\/a><br \/>\n<a href=\"https:\/\/centredesante.mb.ca\/\" target=\"_blank\" rel=\"noopener\">Centre de sant\u00e9 Saint-Boniface Health Centre<\/a><br \/>\n<a href=\"https:\/\/www.cflc.info\/fr\/\" target=\"_blank\" rel=\"noopener\">Centre Flavie-Laurent<\/a><br \/>\n<a href=\"https:\/\/www.sararielinc.com\/language\/fr\/accueil\/\" target=\"_blank\" rel=\"noopener\">Sara Riel<\/a><br \/>\n<a href=\"https:\/\/accueilfrancophonemb.com\/logement-de-transition\/\" target=\"_blank\" rel=\"noopener\">Abri Marguerite<\/a><br \/>\n<a href=\"https:\/\/www.resdespins.ca\/\" target=\"_blank\" rel=\"noopener\">Residence Despins<\/a><br \/>\n<a href=\"https:\/\/www.villaaulneau.ca\/index.php?lang=fr\" target=\"_blank\" rel=\"noopener\">Villa Aulneau<\/a><a href=\"https:\/\/www.chcm-ccsm.ca\/communities-of-service\/ste-rose-general-hospital\/\" target=\"_blank\" rel=\"noopener\"><br \/>\nH\u00f4pital g\u00e9n\u00e9ral Sainte-Rose<\/a><br \/>\n<a href=\"https:\/\/www.prairiemountainhealth.ca\/index.php\/8-our-locations\/61-welcome-to-winnipegosis\" target=\"_blank\" rel=\"noopener\">Winnipegosis &amp; District Health Centre (site anglais)<\/a><\/p>\n<h2>Le conseil d\u2019administration<\/h2>\n<p>Actionmarguerite est dirig\u00e9e par un conseil d\u2019administration dont les membres sont nomm\u00e9s chaque ann\u00e9e par le RCN. Les membres du conseil d\u2019administration sont des chefs de file de la communaut\u00e9 d\u00e9termin\u00e9s \u00e0 assurer une saine gouvernance, une bonne g\u00e9rance financi\u00e8re et la mise en \u0153uvre efficace de son plan strat\u00e9gique.<\/p>\n<h4><strong>Membres du conseil :<\/strong><\/h4>\n<p>Ren\u00e9 Bouchard, Pr\u00e9sident\u00a0 \u2022\u00a0 R\u00e9al Cloutier\u00a0 \u2022\u00a0 \u00c9ric Courcelles \u00a0\u2022\u00a0 Andr\u00e9 Granger\u00a0 \u2022\u00a0 Lorette Beaudry-Ferland\u00a0 \u2022\u00a0 Murielle Fontaine\u00a0 \u2022\u00a0 Diane Labossi\u00e8re<\/p>\n<h2>\u00c9quipe de direction<\/h2>\n<p>Les membres de l\u2019\u00e9quipe de direction sont :<br \/>\nMicheline St-Hilaire, directrice g\u00e9n\u00e9rale<br \/>\nVacant, chef des soins infirmiers et directrice des soins<br \/>\nDenis Freynet, chef des op\u00e9rations et des finances<br \/>\nSheila Bayda, chef des ressources humaines<br \/>\nJennifer Rodrigue, chef de l&rsquo;innovation et de la strat\u00e9gie<br \/>\nDr. Pravin Mehta, directeur m\u00e9dical<\/p>\n<h2>\u00c9quipe de leadership<\/h2>\n<p>L\u2019\u00e9quipe de leadership d\u2019Actionmarguerite est compos\u00e9e des personnes suivantes :<\/p>\n<p><strong>Services cliniques<\/strong><\/p>\n<p>Melanie Day, directrice des soins, 185, rue Despins<br \/>\nPhilibert Ruberandinda, directeur des soins, 450, chemin River<br \/>\nStephen Tautjo, directeur des soins, 1149, avenue Leila<br \/>\nBrenda Yates, gestionnaire, services aux r\u00e9sidents, 4 ABC et 5 ABC,185, rue Despins<br \/>\nPierre Ruberandinda, gestionnaire, services aux r\u00e9sidents, 2 et 3 ABC, 185, rue Despins<br \/>\nZouhair Guennouni, gestionnaire, services aux r\u00e9sidents, 2, 3 et 4 DE, 185, rue Despins<br \/>\nAngelique Uwizeye, gestionnaire, services aux r\u00e9sidents, 1er, 2e, 3e \u00e9tages et UM, 450, chemin River<br \/>\nRachid Marrakchi, gestionnaire, services aux r\u00e9sidents, unit\u00e9s 1 et 2, 1149, avenue Leila<\/p>\n<p><strong>Autres Services<\/strong><\/p>\n<p>Andr\u00e9 Vermette, directeur des installations et services de soutien<br \/>\nChloe Habeeb, gestionnaire, finances<br \/>\nAnil Johnson, superviseur, services d\u2019alimentation, 1149, avenue Leila<br \/>\nMatthew Jankowiak, superviseur, services d\u2019alimentation, 450, chemin River<br \/>\nPauline Chin, superviseure, services d\u2019alimentation, 185, rue Despins<br \/>\nFeza Kungwa, gestionnaire, entretien m\u00e9nager, buanderie et des mati\u00e8res<br \/>\nMichelle Burr, gestionnaire, ressources humaines<br \/>\nSarah Schiller, g<span data-teams=\"true\">estionnaire, formation, d\u00e9veloppement, et s\u00e9curit\u00e9 au travail<\/span><br \/>\nSteven Shwaykosky, gestionnaire, b\u00e2timents et entretien<br \/>\nMegan Lamirande, superviseure, programmes communautaires (Windsor Park Place et Chez-Nous)<br \/>\nGinette Castro, g<span data-teams=\"true\">estionnaire, engagement des b\u00e9n\u00e9voles et enrichissement de la vie<\/span><br \/>\nGabrielle H\u00e9bert, superviseure, services b\u00e9n\u00e9volat<br \/>\nChristie Lafreniere, directrice, d\u00e9veloppement de fonds (Fondation)<br \/>\nDanielle Robidoux, coordinatrice du projet vie centr\u00e9 sur la personne<\/p>\n<h2>Personnel<\/h2>\n<p>Notre \u00e9quipe comprend plus de 900 professionnels, employ\u00e9s et b\u00e9n\u00e9voles qui offrent \u00e0 nos r\u00e9sidents, \u00e0 nos clients et \u00e0 leurs familles des services de grande qualit\u00e9.<\/p>\n<p>Infirmiers (IA, IPA, IAA)<br \/>\nM\u00e9decins et conseillers sp\u00e9cialistes<br \/>\nPr\u00e9pos\u00e9s aux soins<br \/>\nTravailleurs sociaux<br \/>\nDi\u00e9t\u00e9tistes<br \/>\nPhysioth\u00e9rapeutes<br \/>\nErgoth\u00e9rapeutes<br \/>\nAides en r\u00e9adaptation<br \/>\n\u00c9ducateurs<br \/>\nServices spirituels<br \/>\nPr\u00e9pos\u00e9s aux loisirs<br \/>\nPr\u00e9pos\u00e9s \u00e0 l\u2019entretien m\u00e9nager et \u00e0 la buanderie<br \/>\nCuisiniers<br \/>\nAides en di\u00e9t\u00e9tique<br \/>\nPersonnel de ressources humaines<br \/>\nPersonnel de la comptabilit\u00e9 et de la paie<br \/>\nIng\u00e9nieurs et personnels charg\u00e9s de l\u2019entretien<br \/>\nCommis d\u2019unit\u00e9<br \/>\nR\u00e9ceptionnistes et aides administratives<br \/>\nB\u00e9n\u00e9voles<\/p>\n","protected":false},"excerpt":{"rendered":"<p>Les propri\u00e9taires Les religieuses fondatrices ont maintenu une solide tradition de participation la\u00efque \u00e0 leurs \u0153uvres de bienfaisance. En 2000, les S\u0153urs Grises ont transf\u00e9r\u00e9 leur division caritative, soit le Centre Tach\u00e9 et le Foyer Valade, \u00e0 la Corporation catholique de la sant\u00e9 du Manitoba (CCSM).\u00a0 Cette corporation est maintenant connue sous le nom de [&hellip;]<\/p>\n","protected":false},"author":42,"featured_media":25877,"parent":539,"menu_order":0,"comment_status":"closed","ping_status":"closed","template":"","meta":{"_acf_changed":false,"_et_pb_use_builder":"","_et_pb_old_content":"","_et_gb_content_width":"","footnotes":""},"class_list":["post-555","page","type-page","status-publish","has-post-thumbnail","hentry"],"acf":[],"aioseo_notices":[],"_links":{"self":[{"href":"https:\/\/www.actionmarguerite.ca\/fr\/wp-json\/wp\/v2\/pages\/555","targetHints":{"allow":["GET"]}}],"collection":[{"href":"https:\/\/www.actionmarguerite.ca\/fr\/wp-json\/wp\/v2\/pages"}],"about":[{"href":"https:\/\/www.actionmarguerite.ca\/fr\/wp-json\/wp\/v2\/types\/page"}],"author":[{"embeddable":true,"href":"https:\/\/www.actionmarguerite.ca\/fr\/wp-json\/wp\/v2\/users\/42"}],"replies":[{"embeddable":true,"href":"https:\/\/www.actionmarguerite.ca\/fr\/wp-json\/wp\/v2\/comments?post=555"}],"version-history":[{"count":52,"href":"https:\/\/www.actionmarguerite.ca\/fr\/wp-json\/wp\/v2\/pages\/555\/revisions"}],"predecessor-version":[{"id":58757,"href":"https:\/\/www.actionmarguerite.ca\/fr\/wp-json\/wp\/v2\/pages\/555\/revisions\/58757"}],"up":[{"embeddable":true,"href":"https:\/\/www.actionmarguerite.ca\/fr\/wp-json\/wp\/v2\/pages\/539"}],"wp:featuredmedia":[{"embeddable":true,"href":"https:\/\/www.actionmarguerite.ca\/fr\/wp-json\/wp\/v2\/media\/25877"}],"wp:attachment":[{"href":"https:\/\/www.actionmarguerite.ca\/fr\/wp-json\/wp\/v2\/media?parent=555"}],"curies":[{"name":"wp","href":"https:\/\/api.w.org\/{rel}","templated":true}]}}