{"id":551,"date":"2016-08-04T15:14:09","date_gmt":"2016-08-04T20:14:09","guid":{"rendered":"http:\/\/actionmarguerite.ca-pr2\/fr\/our-story\/"},"modified":"2021-07-21T15:43:14","modified_gmt":"2021-07-21T20:43:14","slug":"une-riche-histoire","status":"publish","type":"page","link":"https:\/\/www.actionmarguerite.ca\/fr\/en-bref\/une-riche-histoire\/","title":{"rendered":"Une riche histoire"},"content":{"rendered":"<h2>Notre histoire, notre nom, notre inspiration<\/h2>\n<h3>Une histoire de service et de compassion<\/h3>\n<p>Notre histoire est simple. Elle commence il y a plus de 250 ans, lorsque Sainte Marguerite d\u2019Youville constate un besoin et prend les mesures n\u00e9cessaires pour y r\u00e9pondre. Aujourd\u2019hui, Actionmarguerite perp\u00e9tue l\u2019h\u00e9ritage de Sainte Marguerite d\u2019Youville. Nous lui rendons hommage en prenant soin des personnes \u00e2g\u00e9es et des personnes ayant des besoins complexes. Nos \u00e9tablissements permettent aux r\u00e9sidents de vivre une vie riche et bien remplie. Notre personnel et nos b\u00e9n\u00e9voles leur offrent des services avec d\u00e9vouement et compassion. Les \u00e9tablissements et les programmes permettent aux r\u00e9sidents et aux clients de rester engag\u00e9s, heureux et en sant\u00e9. Nous sommes fiers d\u2019offrir un milieu qui am\u00e9liore la vie de nos r\u00e9sidents, un endroit qui r\u00e9pond \u00e0 leurs besoins particuliers de dignit\u00e9 et de confort.<\/p>\n<h3>Un nom riche de promesses<\/h3>\n<p><img loading=\"lazy\" decoding=\"async\" class=\"alignleft wp-image-25827 size-full\" src=\"https:\/\/actionmarguerite.ca\/wp-content\/uploads\/2016\/08\/Photo-Statue.jpg\" alt=\"\" width=\"290\" height=\"189\" \/>Actionmarguerite ne se contente pas de pr\u00e9server l\u2019h\u00e9ritage de Sainte Marguerite d\u2019Youville, mais s\u2019engage \u00e0 offrir la m\u00eame compassion et les m\u00eames soins que celle-ci offrait lorsqu\u2019elle a fond\u00e9 les S\u0153urs Grises, au 18e si\u00e8cle. Nous continuons de nous en inspirer pour poursuivre la tradition altruiste des religieuses fondatrices qui sont arriv\u00e9es dans la colonie de la Rivi\u00e8re-Rouge en 1844, ainsi que la tradition des S\u0153urs de Saint-Joseph et des S\u0153urs B\u00e9n\u00e9dictines qui ont aussi cr\u00e9\u00e9 une partie de nos programmes et de nos \u00e9tablissements. Actionmarguerite a \u00e9t\u00e9 fond\u00e9e en 2011 dans le but d\u2019offrir des soins de longue dur\u00e9e d\u2019exception aux membres vuln\u00e9rables de notre soci\u00e9t\u00e9. Propri\u00e9t\u00e9 de la Corporation catholique de la sant\u00e9 du Manitoba, Actionmarguerite exploite quatre foyers de soins personnels, des programmes de soins sp\u00e9cialis\u00e9s et des fondations dans le but de servir la communaut\u00e9. L\u2019objectif commun est d\u2019accorder la plus haute importance \u00e0 la qualit\u00e9 de vie et \u00e0 l\u2019autonomie. Actionmarguerite est un symbole d\u2019excellence en mati\u00e8re de soins de sant\u00e9 qui r\u00e9unit trois \u00e9tablissements de longue date : l\u2019ancien Centre Tach\u00e9, le Foyer Valade et la St. Joseph\u2019s Residence dans le but d\u2019offrir une atmosph\u00e8re chaleureuse, la s\u00e9curit\u00e9 et des soins compatissants pour que nos r\u00e9sidents s\u2019\u00e9panouissent et profitent pleinement de la vie.<\/p>\n<p><img loading=\"lazy\" decoding=\"async\" class=\"alignleft wp-image-25871 size-full\" src=\"https:\/\/actionmarguerite.ca\/wp-content\/uploads\/2016\/08\/about-story-Woman-Picking-Tomatoes-2515_TAVA_-177.jpg\" alt=\"\" width=\"1000\" height=\"667\" srcset=\"https:\/\/www.actionmarguerite.ca\/wp-content\/uploads\/2016\/08\/about-story-Woman-Picking-Tomatoes-2515_TAVA_-177.jpg 1000w, https:\/\/www.actionmarguerite.ca\/wp-content\/uploads\/2016\/08\/about-story-Woman-Picking-Tomatoes-2515_TAVA_-177-300x200.jpg 300w, https:\/\/www.actionmarguerite.ca\/wp-content\/uploads\/2016\/08\/about-story-Woman-Picking-Tomatoes-2515_TAVA_-177-768x512.jpg 768w, https:\/\/www.actionmarguerite.ca\/wp-content\/uploads\/2016\/08\/about-story-Woman-Picking-Tomatoes-2515_TAVA_-177-610x407.jpg 610w\" sizes=\"(max-width: 1000px) 100vw, 1000px\" \/><\/p>\n<h3>Actionmarguerite sert la communaut\u00e9<\/h3>\n<p>Nous sommes un organisme communautaire et un fournisseur de services bilingues d\u00e9termin\u00e9 \u00e0 am\u00e9liorer la qualit\u00e9 de vie de nos r\u00e9sidents francophones et anglophones, dans un milieu chaleureux tenant compte des diff\u00e9rences culturelles. Nous offrons une grande vari\u00e9t\u00e9 de services et de programmes :<\/p>\n<ul>\n<li>Soins personnels pour les personnes \u00e2g\u00e9es.<\/li>\n<li>Soins pour les adultes ayant des probl\u00e8mes de sant\u00e9 complexes et chroniques.<\/li>\n<li>Soins sp\u00e9cialis\u00e9s pour les personnes ayant des l\u00e9sions c\u00e9r\u00e9brales acquises et les comportements connexes.<\/li>\n<li>Soins sp\u00e9cialis\u00e9s pour les personnes \u00e2g\u00e9es atteintes de d\u00e9mence et les comportements connexes.<\/li>\n<li>Soutien spirituel et services r\u00e9cr\u00e9atifs.<\/li>\n<li>Centre de jour pour les personnes \u00e2g\u00e9es et les adultes ayant des handicaps physiques.<\/li>\n<li>Logements avec services de soutien pour les personnes \u00e2g\u00e9es, en fonction des revenus.<\/li>\n<li>Services de r\u00e9adaptation et soutien social.<\/li>\n<li>Services alimentaires et d\u2019entretien m\u00e9nager et services financiers pour les r\u00e9sidents.<\/li>\n<\/ul>\n","protected":false},"excerpt":{"rendered":"<p>Notre histoire, notre nom, notre inspiration Une histoire de service et de compassion Notre histoire est simple. Elle commence il y a plus de 250 ans, lorsque Sainte Marguerite d\u2019Youville constate un besoin et prend les mesures n\u00e9cessaires pour y r\u00e9pondre. Aujourd\u2019hui, Actionmarguerite perp\u00e9tue l\u2019h\u00e9ritage de Sainte Marguerite d\u2019Youville. Nous lui rendons hommage en prenant [&hellip;]<\/p>\n","protected":false},"author":42,"featured_media":25875,"parent":539,"menu_order":0,"comment_status":"closed","ping_status":"closed","template":"","meta":{"_acf_changed":false,"_et_pb_use_builder":"off","_et_pb_old_content":"<h2>Our Story, Our Name, Our Inspiration<\/h2>\r\n<h3>A story of service and compassion<\/h3>\r\nOur story is simple. It began over 250 years ago when Saint Marguerite d\u2019Youville saw a need and took action to fill that need. Today Actionmarguerite continues the legacy of Saint Marguerite d\u2019Youville. We act in her honour - caring for the elderly and people with complex needs.\r\n\r\nOur homes offer residents a robust and full life. Our staff and volunteers serve them with compassion and dedication. The facilities and programs keep residents and clients engaged, happy and healthy. We are proud to offer an environment that improves the lives of our residents, a place that meets their unique needs for dignity and comfort.\r\n<h3>A name that is a promise<\/h3>\r\n<img class=\"alignleft size-full wp-image-25827\" src=\"https:\/\/actionmarguerite.ca\/wp-content\/uploads\/2016\/08\/Photo-Statue.jpg\" alt=\"\" width=\"290\" height=\"189\" \/>Actionmarguerite does more than recognize the legacy of Saint Marguerite d\u2019Youville. It promises the same compassion and care she showed when she founded the Grey Nuns in the 18th century. It inspires us to carry on the caring tradition of the founding sisters, who arrived in the Red River Settlement in 1844, as well as the Sisters of St. Joseph and the Benedictine Sisters who also created some of our programs and facilities.\r\n\r\nActionmarguerite was established in 2011 to offer exceptional long-term care to the vulnerable individuals in our society. Owned by the Catholic Health Corporation of Manitoba, Actionmarguerite operates personal care homes, specialized care programs, and foundations to serve the community. The common goal is to place utmost importance on quality of life and personal autonomy.\r\n\r\nActionmarguerite is a symbol of health care excellence uniting three long-established institutions: the former Tach\u00e9 Centre, Foyer Valade and St. Joseph\u2019s Residence, to provide the warmth and security and compassionate care where our residents thrive and enjoy life to the fullest.\r\n\r\n<img class=\"alignleft wp-image-25871 size-full\" src=\"https:\/\/actionmarguerite.ca\/wp-content\/uploads\/2016\/08\/about-story-Woman-Picking-Tomatoes-2515_TAVA_-177.jpg\" width=\"1000\" height=\"667\" \/>\r\n<h3>Actionmarguerite serves the community<\/h3>\r\nWe are a community-based organization and a designated bilingual service provider, dedicated to improving the quality of life of both our French- and English-speaking residents. We offer a wide range of services and programs:\r\n<ul>\r\n \t<li>Personal care for the elderly<\/li>\r\n \t<li>Care for adults with complex and chronic health conditions<\/li>\r\n \t<li>Specialized care for persons with acquired brain injuries and related behaviours<\/li>\r\n \t<li>Specialized care to the elderly suffering from dementia and related behaviours<\/li>\r\n \t<li>Spiritual care and recreation services<\/li>\r\n \t<li>Day Centre for the elderly and adults with physical challenges<\/li>\r\n \t<li>Supportive housing for the elderly and geared to income<\/li>\r\n \t<li>Rehabilitation services and social work supports<\/li>\r\n \t<li>Food and housekeeping services and resident financial services.<\/li>\r\n<\/ul>","_et_gb_content_width":"","footnotes":""},"class_list":["post-551","page","type-page","status-publish","has-post-thumbnail","hentry"],"acf":[],"aioseo_notices":[],"_links":{"self":[{"href":"https:\/\/www.actionmarguerite.ca\/fr\/wp-json\/wp\/v2\/pages\/551","targetHints":{"allow":["GET"]}}],"collection":[{"href":"https:\/\/www.actionmarguerite.ca\/fr\/wp-json\/wp\/v2\/pages"}],"about":[{"href":"https:\/\/www.actionmarguerite.ca\/fr\/wp-json\/wp\/v2\/types\/page"}],"author":[{"embeddable":true,"href":"https:\/\/www.actionmarguerite.ca\/fr\/wp-json\/wp\/v2\/users\/42"}],"replies":[{"embeddable":true,"href":"https:\/\/www.actionmarguerite.ca\/fr\/wp-json\/wp\/v2\/comments?post=551"}],"version-history":[{"count":7,"href":"https:\/\/www.actionmarguerite.ca\/fr\/wp-json\/wp\/v2\/pages\/551\/revisions"}],"predecessor-version":[{"id":37432,"href":"https:\/\/www.actionmarguerite.ca\/fr\/wp-json\/wp\/v2\/pages\/551\/revisions\/37432"}],"up":[{"embeddable":true,"href":"https:\/\/www.actionmarguerite.ca\/fr\/wp-json\/wp\/v2\/pages\/539"}],"wp:featuredmedia":[{"embeddable":true,"href":"https:\/\/www.actionmarguerite.ca\/fr\/wp-json\/wp\/v2\/media\/25875"}],"wp:attachment":[{"href":"https:\/\/www.actionmarguerite.ca\/fr\/wp-json\/wp\/v2\/media?parent=551"}],"curies":[{"name":"wp","href":"https:\/\/api.w.org\/{rel}","templated":true}]}}