{"id":547,"date":"2016-08-04T15:12:35","date_gmt":"2016-08-04T20:12:35","guid":{"rendered":"http:\/\/actionmarguerite.ca-pr2\/fr\/vision-and-mission\/"},"modified":"2022-11-10T12:08:01","modified_gmt":"2022-11-10T18:08:01","slug":"ce-qui-nous-definit","status":"publish","type":"page","link":"https:\/\/www.actionmarguerite.ca\/fr\/en-bref\/ce-qui-nous-definit\/","title":{"rendered":"Ce qui nous d\u00e9finit"},"content":{"rendered":"<h2>Vision<\/h2>\n<p>Actionmarguerite se distingue par l\u2019offre de soins de longue dur\u00e9e et de services de sant\u00e9 exceptionnels en fran\u00e7ais et en anglais.<\/p>\n<h2>Mission<\/h2>\n<p>Actionmarguerite am\u00e9liore la qualit\u00e9 de vie de ses r\u00e9sidents en leur fournissant des soins et des services qui favorisent leur autonomie et renforcent leur capacit\u00e9 \u00e0 demeurer aussi ind\u00e9pendants que possible. Notre milieu est accueillant et respectueux de la dignit\u00e9 humaine. Nous sommes attentifs aux besoins de chacun, qu\u2019il s\u2019agisse de notre client\u00e8le, de notre personnel ou de nos b\u00e9n\u00e9voles. Notre mandat principal consiste \u00e0 servir la communaut\u00e9 francophone du Manitoba, tout en valorisant sa diversit\u00e9 culturelle.<\/p>\n<p><img loading=\"lazy\" decoding=\"async\" class=\"alignnone wp-image-25775 size-full\" alt=\"\" src=\"https:\/\/actionmarguerite.ca\/wp-content\/uploads\/2016\/08\/2515_Actionmarquerite_-035-1.jpg\" width=\"1000\" height=\"667\" srcset=\"https:\/\/www.actionmarguerite.ca\/wp-content\/uploads\/2016\/08\/2515_Actionmarquerite_-035-1.jpg 1000w, https:\/\/www.actionmarguerite.ca\/wp-content\/uploads\/2016\/08\/2515_Actionmarquerite_-035-1-300x200.jpg 300w, https:\/\/www.actionmarguerite.ca\/wp-content\/uploads\/2016\/08\/2515_Actionmarquerite_-035-1-768x512.jpg 768w, https:\/\/www.actionmarguerite.ca\/wp-content\/uploads\/2016\/08\/2515_Actionmarquerite_-035-1-610x407.jpg 610w\" sizes=\"(max-width: 1000px) 100vw, 1000px\" \/><\/p>\n<h2>Valeurs<\/h2>\n<p>Actionmarguerite puise son inspiration aupr\u00e8s de ses communaut\u00e9s religieuses fondatrices, les S\u0153urs Grises, les S\u0153urs de Saint-Joseph et les S\u0153urs B\u00e9n\u00e9dictines. Aujourd\u2019hui, nous sommes fiers d\u2019incarner leurs valeurs de <strong>respect, d\u2019hospitalit\u00e9, de collaboration et d\u2019excellence.<\/strong><\/p>\n<p>Le <strong>respect<\/strong> des r\u00e9sidents \u2013 en tant que personnes uniques et en tant que communaut\u00e9 \u2013 est au c\u0153ur de tout ce que nous faisons. Il motive chacune de nos d\u00e9cisions.<\/p>\n<p>Nous sommes d\u00e9termin\u00e9s \u00e0 respecter les plus grandes traditions d\u2019<strong>hospitalit\u00e9<\/strong>. Les r\u00e9sidents, leurs familles et les b\u00e9n\u00e9voles se sentent accueillis et en s\u00e9curit\u00e9, ce qui est essentiel \u00e0 notre succ\u00e8s.<\/p>\n<p>Nous favorisons et c\u00e9l\u00e9brons la <strong>collaboration<\/strong> avec les r\u00e9sidents, leurs familles, notre personnel et divers organismes de sant\u00e9. Lorsque nous travaillons ensemble, tous en b\u00e9n\u00e9ficient.<\/p>\n<p>Nous visons l\u2019<strong>excellence<\/strong> quand vient le temps de r\u00e9pondre aux besoins des r\u00e9sidents.<\/p>\n<h2>Nous respectons les droits des personnes qui vivent ici<\/h2>\n<p>Actionmarguerite a \u00e0 c\u0153ur le bien-\u00eatre, la dignit\u00e9 et les droits des personnes dont nous nous occupons. Conform\u00e9ment \u00e0 nos valeurs et \u00e0 nos convictions, les r\u00e9sidents ont les droits suivants :<\/p>\n<ul>\n<li>obtenir de l\u2019information;<\/li>\n<li>s\u2019exprimer librement;<\/li>\n<li>avoir la protection de leur vie priv\u00e9e;<\/li>\n<li>\u00eatre trait\u00e9s avec respect et dignit\u00e9;<\/li>\n<li>participer aux d\u00e9cisions concernant les soins qu\u2019ils re\u00e7oivent;<\/li>\n<li>avoir la continuit\u00e9 des soins et des services;<\/li>\n<li>vivre dans un milieu s\u00fbr et s\u00e9curitaire.<\/li>\n<\/ul>\n","protected":false},"excerpt":{"rendered":"<p>Vision Actionmarguerite se distingue par l\u2019offre de soins de longue dur\u00e9e et de services de sant\u00e9 exceptionnels en fran\u00e7ais et en anglais. Mission Actionmarguerite am\u00e9liore la qualit\u00e9 de vie de ses r\u00e9sidents en leur fournissant des soins et des services qui favorisent leur autonomie et renforcent leur capacit\u00e9 \u00e0 demeurer aussi ind\u00e9pendants que possible. Notre [&hellip;]<\/p>\n","protected":false},"author":42,"featured_media":25824,"parent":539,"menu_order":0,"comment_status":"closed","ping_status":"closed","template":"","meta":{"_acf_changed":false,"_et_pb_use_builder":"","_et_pb_old_content":"","_et_gb_content_width":"","footnotes":""},"class_list":["post-547","page","type-page","status-publish","has-post-thumbnail","hentry"],"acf":[],"aioseo_notices":[],"_links":{"self":[{"href":"https:\/\/www.actionmarguerite.ca\/fr\/wp-json\/wp\/v2\/pages\/547","targetHints":{"allow":["GET"]}}],"collection":[{"href":"https:\/\/www.actionmarguerite.ca\/fr\/wp-json\/wp\/v2\/pages"}],"about":[{"href":"https:\/\/www.actionmarguerite.ca\/fr\/wp-json\/wp\/v2\/types\/page"}],"author":[{"embeddable":true,"href":"https:\/\/www.actionmarguerite.ca\/fr\/wp-json\/wp\/v2\/users\/42"}],"replies":[{"embeddable":true,"href":"https:\/\/www.actionmarguerite.ca\/fr\/wp-json\/wp\/v2\/comments?post=547"}],"version-history":[{"count":5,"href":"https:\/\/www.actionmarguerite.ca\/fr\/wp-json\/wp\/v2\/pages\/547\/revisions"}],"predecessor-version":[{"id":41142,"href":"https:\/\/www.actionmarguerite.ca\/fr\/wp-json\/wp\/v2\/pages\/547\/revisions\/41142"}],"up":[{"embeddable":true,"href":"https:\/\/www.actionmarguerite.ca\/fr\/wp-json\/wp\/v2\/pages\/539"}],"wp:featuredmedia":[{"embeddable":true,"href":"https:\/\/www.actionmarguerite.ca\/fr\/wp-json\/wp\/v2\/media\/25824"}],"wp:attachment":[{"href":"https:\/\/www.actionmarguerite.ca\/fr\/wp-json\/wp\/v2\/media?parent=547"}],"curies":[{"name":"wp","href":"https:\/\/api.w.org\/{rel}","templated":true}]}}