{"id":543,"date":"2016-08-04T15:09:12","date_gmt":"2016-08-04T20:09:12","guid":{"rendered":"http:\/\/actionmarguerite.ca-pr2\/fr\/homes\/"},"modified":"2023-07-24T15:49:34","modified_gmt":"2023-07-24T20:49:34","slug":"centres-de-soins","status":"publish","type":"page","link":"https:\/\/www.actionmarguerite.ca\/fr\/en-bref\/centres-de-soins\/","title":{"rendered":"Centres de soins"},"content":{"rendered":"<p>Actionmarguerite fournit actuellement des soins et des services \u00e0 des personnes \u00e2g\u00e9es et \u00e0 des personnes qui ont des besoins complexes en mati\u00e8re de sant\u00e9, dans cinq \u00e9tablissements. Nous administrons aussi deux fondations. Des possibilit\u00e9s de participation sont offertes dans le cadre de notre programme de b\u00e9n\u00e9volat et de notre groupe auxiliaire.<\/p>\n<p><img loading=\"lazy\" decoding=\"async\" class=\"alignnone wp-image-25866 size-medium\" src=\"https:\/\/actionmarguerite.ca\/wp-content\/uploads\/2016\/08\/about-cf-2383_DesReg_FoyerValade-018-Playing-Cards-300x200.jpg\" alt=\"\" width=\"300\" height=\"200\" srcset=\"https:\/\/www.actionmarguerite.ca\/wp-content\/uploads\/2016\/08\/about-cf-2383_DesReg_FoyerValade-018-Playing-Cards-300x200.jpg 300w, https:\/\/www.actionmarguerite.ca\/wp-content\/uploads\/2016\/08\/about-cf-2383_DesReg_FoyerValade-018-Playing-Cards-768x512.jpg 768w, https:\/\/www.actionmarguerite.ca\/wp-content\/uploads\/2016\/08\/about-cf-2383_DesReg_FoyerValade-018-Playing-Cards-610x407.jpg 610w, https:\/\/www.actionmarguerite.ca\/wp-content\/uploads\/2016\/08\/about-cf-2383_DesReg_FoyerValade-018-Playing-Cards.jpg 1000w\" sizes=\"(max-width: 300px) 100vw, 300px\" \/><\/p>\n<h2>Actionmarguerite Saint-Vital<\/h2>\n<p><strong>450, chemin River<\/strong><br \/>\nWinnipeg, MB R2M 5M4<br \/>\nT\u00e9l\u00e9phone : (204) 254-3332<br \/>\nT\u00e9l\u00e9copieur : (204) 254-0329<\/p>\n<p><strong>Programmes :<\/strong><br \/>\nSoins de longues dur\u00e9e<br \/>\nSoins aux personnes souffrant de d\u00e9mence<br \/>\n<strong>Lits :<\/strong> 154<br \/>\n<strong>Nombre d\u2019employ\u00e9s :<\/strong> 220<\/p>\n<p>L\u2019\u00e9tablissement d\u2019Actionmarguerite, situ\u00e9 au 450 du chemin River \u00e0 Saint-Vital, accueille des personnes \u00e2g\u00e9es francophones ayant besoin de soins personnels et de soins de longue dur\u00e9e. Les programmes et les services sont sp\u00e9cialement adapt\u00e9s au milieu francophone et assurent une exp\u00e9rience adapt\u00e9e \u00e0 la r\u00e9alit\u00e9 culturelle de nos r\u00e9sidents.<\/p>\n<p>Fond\u00e9 par les S\u0153urs Grises en 1988 (sous le nom de Foyer Valade), l\u2019\u00e9tablissement est un site d\u00e9sign\u00e9 par la province qui fournit des services en fran\u00e7ais \u00e0 la communaut\u00e9 francophone du Manitoba. Avant 1988, l\u2019\u00e9tablissement a aussi port\u00e9 le nom de Foyer Saint-Boniface.<\/p>\n<p>Prenez une visite virtuelle chez Actionmarguerite Saint-Vital :<\/p>\n<div class=\"epyt-video-wrapper\"><iframe loading=\"lazy\"  id=\"_ytid_46254\"  width=\"1080\" height=\"607\"  data-origwidth=\"1080\" data-origheight=\"607\"  data-relstop=\"1\" src=\"https:\/\/www.youtube.com\/embed\/lY_SqVf3qNQ?enablejsapi=1&autoplay=0&cc_load_policy=0&cc_lang_pref=&iv_load_policy=1&loop=0&rel=0&fs=1&playsinline=1&autohide=2&theme=dark&color=red&controls=1&disablekb=0&\" class=\"__youtube_prefs__  no-lazyload\" data-vol=\"50\"  title=\"Actionmarguerite Saint-Vital\"  allow=\"fullscreen; accelerometer; autoplay; clipboard-write; encrypted-media; gyroscope; picture-in-picture; web-share\" referrerpolicy=\"strict-origin-when-cross-origin\" allowfullscreen data-no-lazy=\"1\" data-skipgform_ajax_framebjll=\"\"><\/iframe><\/div>\n<p>&nbsp;<\/p>\n<h2>Actionmarguerite Saint-Boniface<\/h2>\n<p><strong>185, rue Despins<\/strong><br \/>\nWinnipeg, MB R2H 2B3<br \/>\nT\u00e9l\u00e9phone : (204) 233-3692<br \/>\nT\u00e9l\u00e9copieur : (204) 233-6803<\/p>\n<p><strong>Programmes :<\/strong><br \/>\nSoins de longue dur\u00e9e<br \/>\nSoins aux personnes souffrant de d\u00e9mence<br \/>\nSoins aux personnes avec besoins complexes de sant\u00e9<br \/>\nSoins aux personnes avec lesion c\u00e9r\u00e9brale acquise<br \/>\nCentre de jour<\/p>\n<p><strong>Lits :<\/strong> 299<br \/>\n<strong>Nombre d\u2019employ\u00e9s :<\/strong> 525<\/p>\n<p>L\u2019\u00e9tablissement d\u2019Actionmarguerite, situ\u00e9 au 185 de la rue Despins \u00e0 Saint\u2011Boniface, est un \u00e9tablissement bilingue de soins de longue dur\u00e9e qui fournit un \u00e9ventail de services \u00e0 des personnes \u00e2g\u00e9es et \u00e0 des adultes ayant des incapacit\u00e9s physiques et une perte d\u2019autonomie.<\/p>\n<p>En 1935, les S\u0153urs Grises ont fond\u00e9 le Centre hospitalier Tach\u00e9 Nursing Centre qui a port\u00e9 jusqu\u2019\u00e0 r\u00e9cemment le nom de Centre Tach\u00e9. Notre mandat consiste \u00e0 desservir la population francophone de Winnipeg et \u00e0 fournir des services r\u00e9gionaux sp\u00e9cialis\u00e9s dans trois domaines pr\u00e9cis : les soins li\u00e9s \u00e0 la d\u00e9mence et aux comportements connexes, les soins complexes et chroniques et les soins aux personnes qui ont une l\u00e9sion c\u00e9r\u00e9brale acquise. Nous offrons aussi des soins de rel\u00e8ve et un centre de jour pour les personnes \u00e2g\u00e9es et les adultes qui vivent dans la communaut\u00e9 et qui peuvent tirer avantage des interactions sociales dans un contexte de groupe.<\/p>\n<p>Prenez une visite virtuelle chez Actionmarguerite Saint-Boniface :<\/p>\n<div class=\"epyt-video-wrapper\"><iframe loading=\"lazy\"  id=\"_ytid_54027\"  width=\"1080\" height=\"607\"  data-origwidth=\"1080\" data-origheight=\"607\"  data-relstop=\"1\" src=\"https:\/\/www.youtube.com\/embed\/rkLCMQOgfQI?enablejsapi=1&autoplay=0&cc_load_policy=0&cc_lang_pref=&iv_load_policy=1&loop=0&rel=0&fs=1&playsinline=1&autohide=2&theme=dark&color=red&controls=1&disablekb=0&\" class=\"__youtube_prefs__  no-lazyload\" data-vol=\"50\"  title=\"Actionmarguerite Saint-Boniface\"  allow=\"fullscreen; accelerometer; autoplay; clipboard-write; encrypted-media; gyroscope; picture-in-picture; web-share\" referrerpolicy=\"strict-origin-when-cross-origin\" allowfullscreen data-no-lazy=\"1\" data-skipgform_ajax_framebjll=\"\"><\/iframe><\/div>\n<p>&nbsp;<\/p>\n<h2>Actionmarguerite Saint-Joseph<\/h2>\n<p><strong>1149, avenue Leila<\/strong><br \/>\nWinnipeg, MB R2P 1S6<br \/>\nT\u00e9l\u00e9phone : (204) 697-8031<br \/>\nT\u00e9l\u00e9copieur : (204) 697-8075<\/p>\n<p><strong>Programme :<\/strong> Soins de longue dur\u00e9e<\/p>\n<p><strong>Lits : <\/strong>100<br \/>\n<strong>Nombre d\u2019employ\u00e9s :<\/strong> 150<\/p>\n<p>L\u2019\u00e9tablissement d\u2019Actionmarguerite, situ\u00e9 au 1149 de l\u2019avenue Leila et commun\u00e9ment appel\u00e9 la St. Joseph\u2019s Residence, est un foyer de soins personnels qui offre des services \u00e0 des personnes \u00e2g\u00e9es de diverses communaut\u00e9s culturelles du nord-ouest de Winnipeg. La r\u00e9sidence a \u00e9t\u00e9 fond\u00e9e par les S\u0153urs de Saint-Joseph en 1923, sur l\u2019avenue Salter, et a \u00e9t\u00e9 g\u00e9r\u00e9e sous le nom d\u2019H\u00f4pital Saint-Joseph. L\u2019\u00e9tablissement a \u00e9t\u00e9 c\u00e9d\u00e9 aux S\u0153urs B\u00e9n\u00e9dictines en 1973 qui ont alors entrepris la construction d\u2019un foyer de soins personnels de 100 places \u00e0 l\u2019emplacement actuel.<\/p>\n<p>Prenez une visite virtuelle chez Actionmarguerite Saint-Joseph :<\/p>\n<div class=\"epyt-video-wrapper\"><iframe loading=\"lazy\"  id=\"_ytid_50781\"  width=\"1080\" height=\"607\"  data-origwidth=\"1080\" data-origheight=\"607\"  data-relstop=\"1\" src=\"https:\/\/www.youtube.com\/embed\/yaL9Sb28OqI?enablejsapi=1&autoplay=0&cc_load_policy=0&cc_lang_pref=&iv_load_policy=1&loop=0&rel=0&fs=1&playsinline=1&autohide=2&theme=dark&color=red&controls=1&disablekb=0&\" class=\"__youtube_prefs__  no-lazyload\" data-vol=\"50\"  title=\"Actionmarguerite Saint-Joseph\"  allow=\"fullscreen; accelerometer; autoplay; clipboard-write; encrypted-media; gyroscope; picture-in-picture; web-share\" referrerpolicy=\"strict-origin-when-cross-origin\" allowfullscreen data-no-lazy=\"1\" data-skipgform_ajax_framebjll=\"\"><\/iframe><\/div>\n<p>&nbsp;<\/p>\n<h2>Les logements avec services de soutien d\u2019Actionmarguerite<\/h2>\n<p>Actionmarguerite fournit des logements avec services de soutien aux personnes \u00e2g\u00e9es de Saint-Boniface, \u00e0 deux endroits. Nous offrons un \u00e9ventail de services qui favorisent l\u2019autonomie des r\u00e9sidents et une meilleure qualit\u00e9 de vie globale. Les programmes des r\u00e9sidences Chez-Nous et Windsor Park Place proposent des logements \u00e0 prix abordables et subventionn\u00e9s en fonction des revenus.<\/p>\n<h3>Chez-Nous<\/h3>\n<p><strong>187, avenue de la Cath\u00e9drale<\/strong><br \/>\nWinnipeg, MB R3E 1C4<br \/>\nT\u00e9l\u00e9phone : (204) 231-9532 ou (204) 231-9534<br \/>\nT\u00e9l\u00e9copieur : (204) 231-9439<\/p>\n<p><strong>Suites :<\/strong> 24<br \/>\n<strong>Nombre d\u2019employ\u00e9s :<\/strong> 15<br \/>\n<strong>Propri\u00e9taire :<\/strong> Accueil Colombien<\/p>\n<h3>Windsor Park Place<\/h3>\n<p><strong>875, rue Elizabeth<\/strong><br \/>\nWinnipeg, MB R2J 3K6<br \/>\nT\u00e9l\u00e9phone : (204) 416-0052<br \/>\nT\u00e9l\u00e9copieur : (204) 416-0053<\/p>\n<p><strong>Suites :<\/strong> 24<br \/>\n<strong>Nombre d\u2019employ\u00e9s :<\/strong> 17<br \/>\n<strong>Propri\u00e9taire :<\/strong> Manitoba Housing<\/p>\n<p>Prenez une visite virtuelle chez les logements avec services de soutien d&rsquo;Actionmarguerite :<\/p>\n<div class=\"epyt-video-wrapper\"><iframe loading=\"lazy\"  id=\"_ytid_60818\"  width=\"1080\" height=\"607\"  data-origwidth=\"1080\" data-origheight=\"607\"  data-relstop=\"1\" src=\"https:\/\/www.youtube.com\/embed\/_WgxvVJs7PU?enablejsapi=1&autoplay=0&cc_load_policy=0&cc_lang_pref=&iv_load_policy=1&loop=0&rel=0&fs=1&playsinline=1&autohide=2&theme=dark&color=red&controls=1&disablekb=0&\" class=\"__youtube_prefs__  no-lazyload\" data-vol=\"50\"  title=\"Les logements avec services de soutien d\u2019Actionmarguerite\"  allow=\"fullscreen; accelerometer; autoplay; clipboard-write; encrypted-media; gyroscope; picture-in-picture; web-share\" referrerpolicy=\"strict-origin-when-cross-origin\" allowfullscreen data-no-lazy=\"1\" data-skipgform_ajax_framebjll=\"\"><\/iframe><\/div>\n<p>&nbsp;<\/p>\n<h2>Les fondations<\/h2>\n<p>Actionmarguerite est infiniment reconnaissante de la g\u00e9n\u00e9rosit\u00e9 des donateurs, des donatrices, des contributeurs et des contributrices qui partagent la vision commune de ses Fondations et de ses fonds de dotation. La Fondation Actionmarguerite et la Fondation Friends of St. Joseph\u2019s Residence sont des organismes de bienfaisance dont l\u2019unique but consiste \u00e0 appuyer la mission, le mandat et les objectifs li\u00e9s aux programmes et services. Les contributions et les dons servent \u00e0 la promotion des initiatives visant \u00e0 am\u00e9liorer la qualit\u00e9 et le cadre de vie des r\u00e9sidents. Pour obtenir plus d\u2019information ou pour faire un don, veuillez consulter la page <a href=\"https:\/\/actionmarguerite.ca\/fr\/dons\/faites-un-don\/\">Faire un don<\/a>.<\/p>\n<h2>Les Auxiliaires d\u2019Actionmarguerite<\/h2>\n<p>Actionmarguerite b\u00e9n\u00e9ficie aussi de la g\u00e9n\u00e9rosit\u00e9 des Auxiliaires d\u2019Actionmarguerite. Autrefois appel\u00e9es les Dames auxiliaires, ce groupe d\u2019entraide form\u00e9 de femmes d\u00e9vou\u00e9es et attentionn\u00e9es continue de promouvoir et de soutenir les activit\u00e9s de financement par l\u2019entremise de leur boutique de cadeaux, situ\u00e9e au 185 de la rue Despins, \u00e0 Saint-Boniface. Les produits des ventes de la boutique servent \u00e0 r\u00e9pondre aux besoins des r\u00e9sidents et \u00e0 financer des activit\u00e9s pour des occasions sp\u00e9ciales.<\/p>\n","protected":false},"excerpt":{"rendered":"<p>Actionmarguerite fournit actuellement des soins et des services \u00e0 des personnes \u00e2g\u00e9es et \u00e0 des personnes qui ont des besoins complexes en mati\u00e8re de sant\u00e9, dans cinq \u00e9tablissements. Nous administrons aussi deux fondations. Des possibilit\u00e9s de participation sont offertes dans le cadre de notre programme de b\u00e9n\u00e9volat et de notre groupe auxiliaire. Actionmarguerite Saint-Vital 450, [&hellip;]<\/p>\n","protected":false},"author":42,"featured_media":25936,"parent":539,"menu_order":0,"comment_status":"closed","ping_status":"closed","template":"","meta":{"_acf_changed":false,"_et_pb_use_builder":"off","_et_pb_old_content":"<p>Actionmarguerite currently provides care and services for the elderly and for persons with complex health needs at five locations. It also manages two foundations and provides opportunities for involvement through its auxiliary group.<\/p><h2><img class=\"alignnone wp-image-25866 size-medium\" src=\"https:\/\/actionmarguerite.ca\/wp-content\/uploads\/2016\/08\/about-cf-2383_DesReg_FoyerValade-018-Playing-Cards-300x200.jpg\" width=\"300\" height=\"200\" \/><\/h2><h2>Actionmarguerite on River Road<\/h2><p><strong>450 River Road<\/strong><br \/> Winnipeg, MB  R2M 5M4<br \/> Telephone: (204) 254-3332<br \/> Fax: (204) 254-0329<\/p><p><strong>Programs:<\/strong><br \/> Personal care<br \/> Dementia care<br \/> <strong>Beds:<\/strong> 154<br \/> <strong>Employees:<\/strong> 220<\/p><p>Actionmarguerite, located at 450 River Road in St. Vital, is a home for francophone seniors requiring personal and long term care services. The programs and services are uniquely adapted to a Francophone milieu and provide a culturally sensitive experience to its residents.<\/p><p>Established by the Grey Nuns in 1988 (under the name Foyer Valade), the home is a provincially designated site, offering services in French to Manitoba\u2019s francophone community. Prior to 1988, it was also known as Foyer Saint-Boniface.<\/p><p><img class=\"size-full wp-image-25781 aligncenter\" src=\"https:\/\/actionmarguerite.ca\/wp-content\/uploads\/2017\/03\/2383_DesReg_FoyerValade-0039.jpg\" alt=\"\" width=\"1000\" height=\"667\" \/><\/p><h2>Actionmarguerite on Despins Street<\/h2><p><strong>185 Despins Street<\/strong><br \/> Winnipeg, MB  R2H 2B3<br \/> Telephone: (204) 233-3692<br \/> Fax: (204) 233-6803<\/p><p><strong>Programs:<\/strong><br \/> Personal care<br \/> Dementia care<br \/> Adults with complex health needs<br \/> Acquired Brain Injury<br \/> Day Program<br \/> <strong>Beds:<\/strong> 299<br \/> <strong>Employees:<\/strong> 525<\/p><p>Actionmarguerite, located at 185 Despins Street in St. Boniface, is a bilingual long-term care facility providing a range of services to seniors and adults with physical disabilities and loss of autonomy.<\/p><p>In 1935, the Grey Nuns established Centre hospitalier Tach\u00e9 Nursing Centre, commonly known as Tach\u00e9 Centre. Its mandate is to serve Winnipeg\u2019s Francophone population and deliver regional specialized services in three specific areas: dementia care with related behaviours, complex and chronic care, and care for those who suffer from an acquired brain injury.<\/p><p>The programs at Chez-Nous and Windsor Park Place are affordable and subsidized based on income.<\/p><h2><img class=\"alignnone wp-image-25864 size-medium\" src=\"https:\/\/actionmarguerite.ca\/wp-content\/uploads\/2016\/08\/about-cf-3347_Deschenes-St-Josephs466-1-300x200.jpg\" width=\"300\" height=\"200\" \/><\/h2><h2>Actionmarguerite on Leila Avenue<\/h2><p><strong>1149 Leila Avenue<\/strong><br \/> Winnipeg, MB R2P 1S6<br \/> Telephone: (204) 697-8031<br \/> Fax: (204) 697-8075<\/p><p><strong>Program:<\/strong> Personal Care<br \/> <strong>Beds:<\/strong> 100<br \/> <strong>Employees:<\/strong> 150<\/p><p>Actionmarguerite, located at 1149 Leila Avenue in Northwest Winnipeg, is a personal care home serving the elderly in both the Maples and Seven Oaks communities. The home was founded by the Sisters of St. Joseph in 1923 and operated as St. Joseph's Hospital on Salter Avenue. It was then transferred to the Benedictine Sisters in 1973 who proceeded to build a 100-bed personal care home at the current location.<\/p><h2>Actionmarguerite Supportive Housing<\/h2><p>Actionmarguerite provides supportive housing services to the elderly in St. Boniface at two locations. Actionmarguerite provides a range of services that contribute to the residents\u2019 autonomy and to an overall better quality of their life.<\/p><h3>Chez-nous<\/h3><p><strong>187 de la Cath\u00e9drale Avenue <\/strong><br \/> Winnipeg, MB  R3E 1C4<br \/> Telephone: (204) 231-9532 or (204) 231-9534<br \/> Fax: (204) 231-9439<\/p><p><strong>Suites:<\/strong> 24<br \/> <strong>Employees:<\/strong> 15<br \/> <strong>Owned by:<\/strong> Accueil Colombien<\/p><h3>Windsor Park Place<\/h3><p><strong>875 Elizabeth Road<\/strong><br \/> Winnipeg, MB  R2J 3K6<br \/> Telephone: (204) 416-0052<br \/> Fax: (204) 416-0053<\/p><p><strong>Suites:<\/strong> 24<br \/> <strong>Employees:<\/strong> 17<br \/> <strong>Owned by:<\/strong> Manitoba Housing<\/p><h2>Foundations<\/h2><p>Actionmarguerite appreciates the generous donors and contributors who share the common vision of its Foundations and endowment funds. The Actionmarguerite Foundation and the Friends of St. Joseph\u2019s Foundation are both charitable organizations whose sole purpose is to support the mission, mandate and objectives offered by their programs and services. Contributions and donations are used in promoting initiatives to improve residents\u2019 quality of life and living environments. For more information or to donate, please see our <a href=\"https:\/\/actionmarguerite.ca\/donations\/donate-now\/\">Donate Now<\/a> page.<\/p><h2>Actionmarguerite Auxiliary<\/h2><p>Actionmarguerite also benefits from the generosity of the Actionmarguerite Auxiliary. Formerly the Ladies Auxiliary, this benevolent group of dedicated and committed women continue to promote and support fundraising activities through their gift shop at 185 Despins Street in St. Boniface. The proceeds and the sale of items in the gift shop contribute to addressing residents\u2019 needs and to fund special occasion activities.<\/p>","_et_gb_content_width":"","footnotes":""},"class_list":["post-543","page","type-page","status-publish","has-post-thumbnail","hentry"],"acf":[],"aioseo_notices":[],"_links":{"self":[{"href":"https:\/\/www.actionmarguerite.ca\/fr\/wp-json\/wp\/v2\/pages\/543","targetHints":{"allow":["GET"]}}],"collection":[{"href":"https:\/\/www.actionmarguerite.ca\/fr\/wp-json\/wp\/v2\/pages"}],"about":[{"href":"https:\/\/www.actionmarguerite.ca\/fr\/wp-json\/wp\/v2\/types\/page"}],"author":[{"embeddable":true,"href":"https:\/\/www.actionmarguerite.ca\/fr\/wp-json\/wp\/v2\/users\/42"}],"replies":[{"embeddable":true,"href":"https:\/\/www.actionmarguerite.ca\/fr\/wp-json\/wp\/v2\/comments?post=543"}],"version-history":[{"count":13,"href":"https:\/\/www.actionmarguerite.ca\/fr\/wp-json\/wp\/v2\/pages\/543\/revisions"}],"predecessor-version":[{"id":43426,"href":"https:\/\/www.actionmarguerite.ca\/fr\/wp-json\/wp\/v2\/pages\/543\/revisions\/43426"}],"up":[{"embeddable":true,"href":"https:\/\/www.actionmarguerite.ca\/fr\/wp-json\/wp\/v2\/pages\/539"}],"wp:featuredmedia":[{"embeddable":true,"href":"https:\/\/www.actionmarguerite.ca\/fr\/wp-json\/wp\/v2\/media\/25936"}],"wp:attachment":[{"href":"https:\/\/www.actionmarguerite.ca\/fr\/wp-json\/wp\/v2\/media?parent=543"}],"curies":[{"name":"wp","href":"https:\/\/api.w.org\/{rel}","templated":true}]}}