{"id":539,"date":"2016-05-24T17:00:25","date_gmt":"2016-05-24T22:00:25","guid":{"rendered":"http:\/\/actionmarguerite.ca-pr2\/fr\/about-us\/"},"modified":"2016-08-04T16:11:43","modified_gmt":"2016-08-04T21:11:43","slug":"en-bref","status":"publish","type":"page","link":"https:\/\/www.actionmarguerite.ca\/fr\/en-bref\/","title":{"rendered":"En bref"},"content":{"rendered":"<p>Actionmarguerite est une corporation communautaire \u00e0 but non lucratif qui offre des soins et des services aux a\u00een\u00e9s et aux personnes \u00e9prouvant des probl\u00e8mes de sant\u00e9 complexes dans la r\u00e9gion de Winnipeg. Elle appartient \u00e0 la <a href=\"https:\/\/www.chcm-ccsm.ca\/accueil\/\" target=\"_blank\">Corporation catholique de la sant\u00e9 du Manitoba<\/a> et elle est financ\u00e9e principalement par <a href=\"https:\/\/www.wrha.mb.ca\/fr\/\" target=\"_blank\">l\u2019Office r\u00e9gional de la sant\u00e9 de Winnipeg<\/a>.<\/p>\n<p>Actionmarguerite est l\u2019union du Centre Tach\u00e9, du Foyer Valade et de St. Joseph\u2019s Residence. En combinant leurs forces sous un seul nom et une nouvelle structure, les \u00e9tablissements d\u2019Actionmarguerite offrent les programmes et les services suivants :<\/p>\n<ul>\n<li>Soins personnels<\/li>\n<li>Soins aux personnes \u00e9prouvant des probl\u00e8mes de sant\u00e9 chroniques et complexes<\/li>\n<li>Soins sp\u00e9cialis\u00e9s aux personnes souffrant de d\u00e9mence ou de troubles comportementaux<\/li>\n<li>Services spirituels et de loisirs<\/li>\n<li>Centre de jour<\/li>\n<li>Logements avec services de soutien<\/li>\n<li>Services de r\u00e9adaptation<\/li>\n<li>Services de r\u00e9habilitation et travail social<\/li>\n<li>Alimentation, entretien m\u00e9nager et services financiers pour les r\u00e9sidents.<\/li>\n<\/ul>\n","protected":false},"excerpt":{"rendered":"<p>Actionmarguerite est une corporation communautaire \u00e0 but non lucratif qui offre des soins et des services aux a\u00een\u00e9s et aux personnes \u00e9prouvant des probl\u00e8mes de sant\u00e9 complexes dans la r\u00e9gion de Winnipeg. Elle appartient \u00e0 la Corporation catholique de la sant\u00e9 du Manitoba et elle est financ\u00e9e principalement par l\u2019Office r\u00e9gional de la sant\u00e9 de [&hellip;]<\/p>\n","protected":false},"author":42,"featured_media":0,"parent":0,"menu_order":0,"comment_status":"closed","ping_status":"closed","template":"","meta":{"_acf_changed":false,"_et_pb_use_builder":"","_et_pb_old_content":"","_et_gb_content_width":"","footnotes":""},"class_list":["post-539","page","type-page","status-publish","hentry"],"acf":[],"aioseo_notices":[],"_links":{"self":[{"href":"https:\/\/www.actionmarguerite.ca\/fr\/wp-json\/wp\/v2\/pages\/539","targetHints":{"allow":["GET"]}}],"collection":[{"href":"https:\/\/www.actionmarguerite.ca\/fr\/wp-json\/wp\/v2\/pages"}],"about":[{"href":"https:\/\/www.actionmarguerite.ca\/fr\/wp-json\/wp\/v2\/types\/page"}],"author":[{"embeddable":true,"href":"https:\/\/www.actionmarguerite.ca\/fr\/wp-json\/wp\/v2\/users\/42"}],"replies":[{"embeddable":true,"href":"https:\/\/www.actionmarguerite.ca\/fr\/wp-json\/wp\/v2\/comments?post=539"}],"version-history":[{"count":2,"href":"https:\/\/www.actionmarguerite.ca\/fr\/wp-json\/wp\/v2\/pages\/539\/revisions"}],"predecessor-version":[{"id":36313,"href":"https:\/\/www.actionmarguerite.ca\/fr\/wp-json\/wp\/v2\/pages\/539\/revisions\/36313"}],"wp:attachment":[{"href":"https:\/\/www.actionmarguerite.ca\/fr\/wp-json\/wp\/v2\/media?parent=539"}],"curies":[{"name":"wp","href":"https:\/\/api.w.org\/{rel}","templated":true}]}}