{"id":53161,"date":"2025-07-03T11:33:12","date_gmt":"2025-07-03T16:33:12","guid":{"rendered":"https:\/\/www.actionmarguerite.ca\/?page_id=53161"},"modified":"2026-04-17T14:44:13","modified_gmt":"2026-04-17T19:44:13","slug":"eclosions","status":"publish","type":"page","link":"https:\/\/www.actionmarguerite.ca\/fr\/eclosions\/","title":{"rendered":"Statut des \u00e9closions"},"content":{"rendered":"<p>\u00c0 partir du 1er juillet 2025, Actionmarguerite a mis \u00e0 jour sa fa\u00e7on de g\u00e9rer et de communiquer l\u2019information sur les \u00e9closions. Le tableau du statut des \u00e9closions est mis \u00e0 jour chaque jeudi avant 18\u202fh, et d\u00e8s que possible apr\u00e8s la d\u00e9claration officielle d\u2019une nouvelle \u00e9closion.<\/p>\n<table style=\"border-collapse: collapse; width: 100%; height: 484px;\">\n<tbody>\n<tr style=\"height: 47px;\">\n<td style=\"border: 2px solid #000000; height: 47px; width: 28.7368%;\" width=\"179\"><strong>Living environment<br \/>\nEnvironnement de vie<\/strong><\/td>\n<td style=\"border: 2px solid #000000; height: 47px; width: 28.8421%;\" width=\"180\"><strong>Outbreak Status<br \/>\nStatut des \u00e9closions<\/strong><\/td>\n<td style=\"border: 2px solid #000000; height: 47px; width: 42.2105%;\" width=\"265\"><strong>Comments<br \/>\nCommentaires<\/strong><\/td>\n<\/tr>\n<tr style=\"height: 23px;\">\n<td style=\"border: 2px solid #000000; height: 23px; width: 99.7894%;\" colspan=\"3\"><strong>Actionmarguerite Saint-Boniface (185 Despins)<\/strong><\/td>\n<\/tr>\n<tr style=\"height: 23px;\">\n<td style=\"border: 2px solid #000000; height: 23px; width: 28.7368%;\"><strong>2AB<\/strong><\/td>\n<td style=\"border: 2px solid #000000; height: 23px; width: 28.8421%;\"><\/td>\n<td style=\"border: 2px solid #000000; height: 23px; width: 42.2105%;\"><\/td>\n<\/tr>\n<tr style=\"height: 23px;\">\n<td style=\"border: 2px solid #000000; height: 23px; width: 28.7368%;\"><strong>2C<\/strong><\/td>\n<td style=\"border: 2px solid #000000; height: 23px; width: 28.8421%;\"><\/td>\n<td style=\"border: 2px solid #000000; height: 23px; width: 42.2105%;\"><\/td>\n<\/tr>\n<tr style=\"height: 23px;\">\n<td style=\"border: 2px solid #000000; width: 28.7368%; height: 23px;\"><strong>2DE<\/strong><\/td>\n<td style=\"border: 2px solid #000000; width: 28.8421%; height: 23px;\"><\/td>\n<td style=\"border: 2px solid #000000; width: 42.2105%; height: 23px;\"><\/td>\n<\/tr>\n<tr style=\"height: 23px;\">\n<td style=\"border: 2px solid #000000; height: 23px; width: 28.7368%;\"><strong>3ABC<\/strong><\/td>\n<td style=\"border: 2px solid #000000; height: 23px; width: 28.8421%;\"><\/td>\n<td style=\"border: 2px solid #000000; height: 23px; width: 42.2105%;\"><\/td>\n<\/tr>\n<tr style=\"height: 23px;\">\n<td style=\"border: 2px solid #000000; width: 28.7368%; height: 23px;\"><strong>3DE<\/strong><\/td>\n<td style=\"border: 2px solid #000000; width: 28.8421%; height: 23px;\"><\/td>\n<td style=\"border: 2px solid #000000; width: 42.2105%; height: 23px;\"><\/td>\n<\/tr>\n<tr style=\"height: 23px;\">\n<td style=\"border: 2px solid #000000; height: 23px; width: 28.7368%;\"><strong>4AB<\/strong><\/td>\n<td style=\"border: 2px solid #000000; height: 23px; width: 28.8421%;\"><\/td>\n<td style=\"border: 2px solid #000000; height: 23px; width: 42.2105%;\"><\/td>\n<\/tr>\n<tr style=\"height: 23px;\">\n<td style=\"border: 2px solid #000000; height: 23px; width: 28.7368%;\"><strong>4C<\/strong><\/td>\n<td style=\"border: 2px solid #000000; height: 23px; width: 28.8421%;\"><\/td>\n<td style=\"border: 2px solid #000000; height: 23px; width: 42.2105%;\"><\/td>\n<\/tr>\n<tr style=\"height: 23px;\">\n<td style=\"border: 2px solid #000000; width: 28.7368%; height: 23px;\"><strong>4DE<\/strong><\/td>\n<td style=\"border: 2px solid #000000; width: 28.8421%; height: 23px;\"><\/td>\n<td style=\"border: 2px solid #000000; width: 42.2105%; height: 23px;\"><\/td>\n<\/tr>\n<tr style=\"height: 23px;\">\n<td style=\"border: 2px solid #000000; height: 23px; width: 28.7368%;\"><strong>5AB<\/strong><\/td>\n<td style=\"border: 2px solid #000000; height: 23px; width: 28.8421%;\"><\/td>\n<td style=\"border: 2px solid #000000; height: 23px; width: 42.2105%;\"><\/td>\n<\/tr>\n<tr style=\"height: 23px;\">\n<td style=\"border: 2px solid #000000; height: 23px; width: 28.7368%;\"><strong>5C<\/strong><\/td>\n<td style=\"border: 2px solid #000000; height: 23px; width: 28.8421%;\"><\/td>\n<td style=\"border: 2px solid #000000; height: 23px; width: 42.2105%;\"><\/td>\n<\/tr>\n<tr style=\"height: 23px;\">\n<td style=\"border: 2px solid #000000; height: 23px; width: 99.7894%;\" colspan=\"3\"><strong>Actionmarguerite Saint-Vital (450, chemin River Road)<\/strong><\/td>\n<\/tr>\n<tr style=\"height: 23px;\">\n<td style=\"border: 2px solid #000000; height: 23px; width: 28.7368%;\"><strong>1<sup>st<\/sup> floor | 1<sup>er<\/sup> \u00e9tage<\/strong><\/td>\n<td style=\"border: 2px solid #000000; height: 23px; width: 28.8421%;\"><\/td>\n<td style=\"border: 2px solid #000000; height: 23px; width: 42.2105%;\"><\/td>\n<\/tr>\n<tr style=\"height: 23px;\">\n<td style=\"border: 2px solid #000000; height: 23px; width: 28.7368%;\"><strong>2<sup>nd<\/sup> floor | 2<sup>e<\/sup> \u00e9tage<\/strong><\/td>\n<td style=\"border: 2px solid #000000; height: 23px; width: 28.8421%;\"><\/td>\n<td style=\"border: 2px solid #000000; height: 23px; width: 42.2105%;\"><\/td>\n<\/tr>\n<tr style=\"height: 23px;\">\n<td style=\"border: 2px solid #000000; height: 23px; width: 28.7368%;\"><strong>3<sup>rd<\/sup> floor | 3<sup>e<\/sup> \u00e9tage<\/strong><\/td>\n<td style=\"border: 2px solid #000000; height: 23px; width: 28.8421%;\"><\/td>\n<td style=\"border: 2px solid #000000; height: 23px; width: 42.2105%;\"><\/td>\n<\/tr>\n<tr style=\"height: 23px;\">\n<td style=\"border: 2px solid #000000; height: 23px; width: 28.7368%;\"><strong>Unit\u00e9 Marguerite<\/strong><\/td>\n<td style=\"border: 2px solid #000000; height: 23px; width: 28.8421%;\"><\/td>\n<td style=\"border: 2px solid #000000; height: 23px; width: 42.2105%;\"><\/td>\n<\/tr>\n<tr style=\"height: 23px;\">\n<td style=\"border: 2px solid #000000; height: 23px; width: 99.7894%;\" colspan=\"3\"><strong>Actionmarguerite St. Joseph (1149 Leila)<\/strong><\/td>\n<\/tr>\n<tr style=\"height: 23px;\">\n<td style=\"border: 2px solid #000000; height: 23px; width: 28.7368%;\"><strong>Unit 1<\/strong><\/td>\n<td style=\"border: 2px solid #000000; height: 23px; width: 28.8421%;\"><\/td>\n<td style=\"border: 2px solid #000000; height: 23px; width: 42.2105%;\"><\/td>\n<\/tr>\n<tr style=\"height: 23px;\">\n<td style=\"border: 2px solid #000000; height: 23px; width: 28.7368%;\"><strong>Unit 2<\/strong><\/td>\n<td style=\"border: 2px solid #000000; height: 23px; width: 28.8421%;\"><\/td>\n<td style=\"border: 2px solid #000000; height: 23px; width: 42.2105%;\"><\/td>\n<\/tr>\n<\/tbody>\n<\/table>\n<p>Consultez le tableau ci-dessous pour conna\u00eetre le statut actuel de chaque milieu de vie: <a href=\"https:\/\/www.actionmarguerite.ca\/wp-content\/uploads\/2025\/06\/Feuille-dinformation-Mise-a-jour-des-mesures-de-prevention-et-de-controle-des-infections-en-cas-declosion-chez-AM.pdf\" target=\"_blank\" rel=\"noopener noreferrer\">Cliquez ici<\/a>\u00a0pour acc\u00e9der \u00e0 la fiche d&rsquo;information mise \u00e0 jour sur les mesures d&rsquo;\u00e9closion d&rsquo;Actionmarguerite.<\/p>\n","protected":false},"excerpt":{"rendered":"<p>\u00c0 partir du 1er juillet 2025, Actionmarguerite a mis \u00e0 jour sa fa\u00e7on de g\u00e9rer et de communiquer l\u2019information sur les \u00e9closions. Le tableau du statut des \u00e9closions est mis \u00e0 jour chaque jeudi avant 18\u202fh, et d\u00e8s que possible apr\u00e8s la d\u00e9claration officielle d\u2019une nouvelle \u00e9closion. Living environment Environnement de vie Outbreak Status Statut [&hellip;]<\/p>\n","protected":false},"author":41,"featured_media":53174,"parent":0,"menu_order":0,"comment_status":"closed","ping_status":"closed","template":"","meta":{"_acf_changed":false,"_et_pb_use_builder":"","_et_pb_old_content":"","_et_gb_content_width":"","footnotes":""},"class_list":["post-53161","page","type-page","status-publish","has-post-thumbnail","hentry"],"acf":[],"aioseo_notices":[],"_links":{"self":[{"href":"https:\/\/www.actionmarguerite.ca\/fr\/wp-json\/wp\/v2\/pages\/53161","targetHints":{"allow":["GET"]}}],"collection":[{"href":"https:\/\/www.actionmarguerite.ca\/fr\/wp-json\/wp\/v2\/pages"}],"about":[{"href":"https:\/\/www.actionmarguerite.ca\/fr\/wp-json\/wp\/v2\/types\/page"}],"author":[{"embeddable":true,"href":"https:\/\/www.actionmarguerite.ca\/fr\/wp-json\/wp\/v2\/users\/41"}],"replies":[{"embeddable":true,"href":"https:\/\/www.actionmarguerite.ca\/fr\/wp-json\/wp\/v2\/comments?post=53161"}],"version-history":[{"count":56,"href":"https:\/\/www.actionmarguerite.ca\/fr\/wp-json\/wp\/v2\/pages\/53161\/revisions"}],"predecessor-version":[{"id":58703,"href":"https:\/\/www.actionmarguerite.ca\/fr\/wp-json\/wp\/v2\/pages\/53161\/revisions\/58703"}],"wp:featuredmedia":[{"embeddable":true,"href":"https:\/\/www.actionmarguerite.ca\/fr\/wp-json\/wp\/v2\/media\/53174"}],"wp:attachment":[{"href":"https:\/\/www.actionmarguerite.ca\/fr\/wp-json\/wp\/v2\/media?parent=53161"}],"curies":[{"name":"wp","href":"https:\/\/api.w.org\/{rel}","templated":true}]}}