{"id":529,"date":"2016-08-04T14:30:50","date_gmt":"2016-08-04T19:30:50","guid":{"rendered":"http:\/\/actionmarguerite.ca-pr2\/fr\/visitor-information\/"},"modified":"2025-08-11T13:51:59","modified_gmt":"2025-08-11T18:51:59","slug":"renseignements-pour-visiteurs","status":"publish","type":"page","link":"https:\/\/www.actionmarguerite.ca\/fr\/renseignements-pour-visiteurs\/","title":{"rendered":"Renseignements pour visiteurs"},"content":{"rendered":"<h2>Pratiques \u00e0 l\u2019entr\u00e9e d\u2019Actionmarguerite<\/h2>\n<p>Lorsque vous entrerez chez Actionmarguerite, vous serez tenu de :<\/p>\n<ul>\n<li>faire un auto-d\u00e9pistage des sympt\u00f4mes de maladie et de ne pas vous rendre sur place si vous \u00eates malade;<\/li>\n<li>vous d\u00e9sinfecter les mains avant et apr\u00e8s avoir mis un masque; et<\/li>\n<li>signer le registre des visiteurs en entrant et en sortant.<\/li>\n<\/ul>\n<p>** Veuillez noter qu&rsquo;\u00e0 partir du 8 mai 2023, l&rsquo;utilisation d&rsquo;un masque de qualit\u00e9 m\u00e9dicale est facultative. Des masques continueront d&rsquo;\u00eatre disponibles \u00e0 l&rsquo;entr\u00e9e pour ceux qui le souhaitent. Il peut vous \u00eatre demand\u00e9 de porter un masque de qualit\u00e9 m\u00e9dicale en cas d&rsquo;activit\u00e9 virale respiratoire dans l&rsquo;unit\u00e9 que vous visitez.<\/p>\n<h2>Heures et espaces de visite<\/h2>\n<p>Les heures de visite sont de 9 h \u00e0 21 h tous les jours. Plus de deux personnes peuvent d\u00e9sormais se rendre \u00e0 la chambre d\u2019un r\u00e9sident tout en tenant compte des contraintes d&rsquo;espace et d&rsquo;autres consid\u00e9rations. Les r\u00e9sidents et leurs familles sont encourag\u00e9s \u00e0 profiter de nos espaces communs int\u00e9rieurs et de nos espaces ext\u00e9rieurs.<\/p>\n<h2>Acc\u00e8s s\u00e9curitaire<\/h2>\n<p>Afin d\u2019offrir un environnement de vie et de travail le plus s\u00fbr possible, les portes d\u2019entr\u00e9e resteront s\u00e9curis\u00e9es \u00e0 tout moment. Pour entrer dans le b\u00e2timent, vous devrez utiliser une carte d\u2019acc\u00e8s pendant les heures de visite. Pour les visiteurs sans carte d\u2019acc\u00e8s et en dehors des heures de visite, l\u2019acc\u00e8s est possible en sonnant \u00e0 la porte d\u2019entr\u00e9e de nos b\u00e2timents.<\/p>\n<p>Chaque r\u00e9sident a droit \u00e0 un maximum de 5 cartes d\u2019acc\u00e8s. Un d\u00e9p\u00f4t de 10 dollars est exig\u00e9 pour chaque carte. Pour obtenir votre carte d\u2019acc\u00e8s, veuillez-vous adresser \u00e0 un membre de l\u2019\u00e9quipe de la r\u00e9ception :<\/p>\n<ul>\n<li>Actionmarguerite Saint-Boniface (204) 233-3692 ou par courriel\u00a0<a href=\"mailto:receptionsb@actionmarguerite.ca\">receptionsb@actionmarguerite.ca<\/a><\/li>\n<li>Actionmarguerite St. Joseph (204) 697-8031, poste 236 ou par courriel\u00a0<a href=\"mailto:rrubio@actionmarguerite.ca\">rrubio@actionmarguerite.ca<\/a><\/li>\n<li>Actionmarguerite Saint-Vital (204) 254-3332, poste 520 ou par courriel\u00a0<a href=\"mailto:fmekwi@actionmarguerite.ca\">fmekwi@actionmarguerite.ca<\/a><\/li>\n<\/ul>\n<h2>L\u2019exp\u00e9rience des repas<\/h2>\n<p>Les boissons et les repas peuvent d\u00e9sormais \u00eatre partag\u00e9s ensemble dans des zones d\u00e9sign\u00e9es. Si vous souhaitez apporter votre aide pendant les repas, veuillez consulter un membre de l&rsquo;\u00e9quipe soignante. Vous pouvez \u00e9galement visionner une <a href=\"https:\/\/can01.safelinks.protection.outlook.com\/?url=https%3A%2F%2Fr20.rs6.net%2Ftn.jsp%3Ff%3D001mHRkPVOifHUAYqBI8Y8ENNeNi5nLrhG-7zRNGfV2qmw_NSDRNDB_s6_adWlXByyyoJIwS3yVBewIeqLeoQnfcWLYaXOD8EbJelsvQVVfv0p_byFo49QEVLlYLm7GsiSbTSPEJKQdL9iGX09cLaSFsZHQ-77J5TrHN0lTpS__nUgcvB92DQYSjg%3D%3D%26c%3DFoOpWDgIns8liNpxdyBhT9DXrQWLzDPLmBS6jwwgpvlQogMDJqbi9Q%3D%3D%26ch%3DcWqy13dUf25JLz8jGwFirTen6LjDgUrOVj_sd4I7vY6YYL1FOZbuzA%3D%3D&amp;data=05%7C01%7Cgcastro%40actionmarguerite.ca%7C5caeff5c88d34b3752b608db65ecb94d%7C5d5f5f27cb0e40849a5003d772edb858%7C0%7C0%7C638215840055234985%7CUnknown%7CTWFpbGZsb3d8eyJWIjoiMC4wLjAwMDAiLCJQIjoiV2luMzIiLCJBTiI6Ik1haWwiLCJXVCI6Mn0%3D%7C3000%7C%7C%7C&amp;sdata=UyX8RYh0C31ds185PmpqqROfrVbMrt9TNUnlK3db16Q%3D&amp;reserved=0\">courte vid\u00e9o<\/a> sur l&rsquo;alimentation et la d\u00e9glutition en toute s\u00e9curit\u00e9 si vous aidez votre proche pendant les repas. En raison de contraintes d&rsquo;espace, les visites sont d\u00e9conseill\u00e9es dans certaines salles \u00e0 manger pendant les repas. Aidez-nous \u00e0 enrayer la propagation des germes et continuez \u00e0 d\u00e9sinfecter les espaces \u00e0 l&rsquo;aide des produits de nettoyage fournis.<\/p>\n<h2>Activit\u00e9s de loisirs et d\u2019accompagnement spirituel<\/h2>\n<p>Vous pouvez participer aux activit\u00e9s r\u00e9cr\u00e9atives et assister aux offices \u00e0 la chapelle avec votre proche. Pour toute question, n&rsquo;h\u00e9sitez pas \u00e0 contacter un membre de l&rsquo;\u00e9quipe des soins spirituels ou de l&rsquo;\u00e9quipe des loisirs.<\/p>\n<h2>Location de salles pour des rassemblements<\/h2>\n<p>Nous envisagerons la location de salles au cas par cas. Nous vous remercions de votre soutien continu alors que nous adaptons nos pratiques \u00e0 un environnement en constante \u00e9volution.<\/p>\n<h2>Cong\u00e9s sociaux<\/h2>\n<p>Les cong\u00e9s sociaux sont des sorties hors site, quelle qu\u2019en soit la dur\u00e9e, qui ne sont pas n\u00e9cessaires pour des services de soins de sant\u00e9 essentiels. Appelez directement l\u2019unit\u00e9 pour informer l\u2019\u00e9quipe soignante d\u2019une absence de courte dur\u00e9e. Pour les s\u00e9jours d\u2019une nuit, veuillez contacter directement le gestionnaire des soins aux r\u00e9sidents.<\/p>\n<h2>Cr\u00e9er des visites enrichissantes<\/h2>\n<p>Pour obtenir des id\u00e9es et des suggestions sur la mani\u00e8re de cr\u00e9er des visites enrichissantes, veuillez cliquer <a href=\"https:\/\/can01.safelinks.protection.outlook.com\/?url=https%3A%2F%2Fr20.rs6.net%2Ftn.jsp%3Ff%3D001mHRkPVOifHUAYqBI8Y8ENNeNi5nLrhG-7zRNGfV2qmw_NSDRNDB_s4JByLQzQa_RKROCHdHPOsF1-plF_rGXXt_ddL8WkD92Q3fhf0reccCSPiJiK_f6VD9Og0O83FvWSAUb2lSte8pt725VVF13V8iWN_FvjvKcMeDuByKYbz93qQOaNTUodK21iYThelFSZvTMr0gmNo2mF1LqhESF042EzwmOfRnl%26c%3DFoOpWDgIns8liNpxdyBhT9DXrQWLzDPLmBS6jwwgpvlQogMDJqbi9Q%3D%3D%26ch%3DcWqy13dUf25JLz8jGwFirTen6LjDgUrOVj_sd4I7vY6YYL1FOZbuzA%3D%3D&amp;data=05%7C01%7Cgcastro%40actionmarguerite.ca%7C5caeff5c88d34b3752b608db65ecb94d%7C5d5f5f27cb0e40849a5003d772edb858%7C0%7C0%7C638215840055234985%7CUnknown%7CTWFpbGZsb3d8eyJWIjoiMC4wLjAwMDAiLCJQIjoiV2luMzIiLCJBTiI6Ik1haWwiLCJXVCI6Mn0%3D%7C3000%7C%7C%7C&amp;sdata=Jg4sCk8kbncrQPWuFc0bSoKFQUDPI%2BxAYO59jBLLCb4%3D&amp;reserved=0\">ici<\/a> pour plus d&rsquo;informations.<\/p>\n<h2>Visites virtuelles<\/h2>\n<p>Nous avons appris pendant la pand\u00e9mie que les visites virtuelles \u00e9taient possibles et appr\u00e9ci\u00e9es par les r\u00e9sidents et les membres de leur famille, en particulier ceux qui vivent hors de la province. Les visites virtuelles resteront donc une option de visite. \u00c0 l\u2019avenir, veuillez communiquer avec un membre de notre \u00e9quipe des loisirs pour r\u00e9server votre visite virtuelle :<\/p>\n<ul>\n<li>Actionmarguerite Saint-Boniface (204) 233-3692, poste 523<\/li>\n<li>Actionmarguerite St. Vital (204) 254-3332, poste 555<\/li>\n<li>Actionmarguerite St-Joseph (204) 697-8031, poste 233<\/li>\n<\/ul>\n<h2>Pratiques visant \u00e0 minimiser le risque de propagation des germes<\/h2>\n<ul>\n<li>D\u00e9pistez les signes et les sympt\u00f4mes de maladie et ne visitez pas si vous \u00eates malade.<\/li>\n<li>D\u00e9sinfectez vos mains \u00e0 l\u2019entr\u00e9e et souvent au cours de votre visite. Visionnez la\u00a0<a href=\"https:\/\/can01.safelinks.protection.outlook.com\/?url=https%3A%2F%2Fr20.rs6.net%2Ftn.jsp%3Ff%3D001mHRkPVOifHUAYqBI8Y8ENNeNi5nLrhG-7zRNGfV2qmw_NSDRNDB_s6_adWlXByyybd15Lr5DvVVbtCOLDNyBQQGU9iYR032PxoDjNC0cUiyQbKMwrCkf4HYfhcJaMADksCYNyTEiuC4dAR60-lhxsJroLLLzwdR13t5pTBlJVM07YKk39wyDdsOTyv_KPpZIB0f6IUqL_1aQvNfu2Qjtyeg3K1wbksmF%26c%3DFoOpWDgIns8liNpxdyBhT9DXrQWLzDPLmBS6jwwgpvlQogMDJqbi9Q%3D%3D%26ch%3DcWqy13dUf25JLz8jGwFirTen6LjDgUrOVj_sd4I7vY6YYL1FOZbuzA%3D%3D&amp;data=05%7C01%7Cgcastro%40actionmarguerite.ca%7C5caeff5c88d34b3752b608db65ecb94d%7C5d5f5f27cb0e40849a5003d772edb858%7C0%7C0%7C638215840055234985%7CUnknown%7CTWFpbGZsb3d8eyJWIjoiMC4wLjAwMDAiLCJQIjoiV2luMzIiLCJBTiI6Ik1haWwiLCJXVCI6Mn0%3D%7C3000%7C%7C%7C&amp;sdata=SrWonE1T0aQLnTM8zabSrhl5RqQsndl1ZV%2Fdpn0DR0s%3D&amp;reserved=0\">vid\u00e9o<\/a>sur l\u2019hygi\u00e8ne des mains pour savoir comment vous prot\u00e9ger et prot\u00e9ger vos proches.<\/li>\n<li>Il se peut que l\u2019on vous demande de porter un masque et des lunettes de protection et d\u2019autres \u00e9quipements de protection individuelle en cas d\u2019\u00e9closion.<\/li>\n<li>Couvrez-vous le nez et la bouche avec un mouchoir lorsque vous toussez ou \u00e9ternuez, jetez le mouchoir et d\u00e9sinfectez vos mains. Si vous n\u2019avez pas de mouchoir, \u00e9ternuez ou toussez dans le haut de votre manche ou dans votre coude.<\/li>\n<\/ul>\n<h2>Statut des \u00e9closions<\/h2>\n<p>\u00c0 partir du 1er juillet 2025, Actionmarguerite a mis \u00e0 jour sa fa\u00e7on de g\u00e9rer et de communiquer l\u2019information sur les \u00e9closions. Le tableau du statut des \u00e9closions est mis \u00e0 jour chaque jeudi avant 18\u202fh, et d\u00e8s que possible apr\u00e8s la d\u00e9claration officielle d\u2019une nouvelle \u00e9closion.<\/p>\n<p>Veuillez <a href=\"https:\/\/www.actionmarguerite.ca\/fr\/eclosions\/\">cliquer ici<\/a> pour voir le statut actuel de chaque milieu de vie.<\/p>\n<p><a href=\"https:\/\/www.actionmarguerite.ca\/wp-content\/uploads\/2025\/06\/Feuille-dinformation-Mise-a-jour-des-mesures-de-prevention-et-de-controle-des-infections-en-cas-declosion-chez-AM.pdf\">Cliquez ici<\/a>\u00a0pour acc\u00e9der \u00e0 la fiche d\u2019information mise \u00e0 jour sur les mesures d\u2019\u00e9closion d\u2019Actionmarguerite.<\/p>\n<p>&nbsp;<\/p>\n","protected":false},"excerpt":{"rendered":"<p>Pratiques \u00e0 l\u2019entr\u00e9e d\u2019Actionmarguerite Lorsque vous entrerez chez Actionmarguerite, vous serez tenu de : faire un auto-d\u00e9pistage des sympt\u00f4mes de maladie et de ne pas vous rendre sur place si vous \u00eates malade; vous d\u00e9sinfecter les mains avant et apr\u00e8s avoir mis un masque; et signer le registre des visiteurs en entrant et en sortant. [&hellip;]<\/p>\n","protected":false},"author":42,"featured_media":25878,"parent":0,"menu_order":0,"comment_status":"closed","ping_status":"closed","template":"","meta":{"_acf_changed":false,"_et_pb_use_builder":"off","_et_pb_old_content":"<h2>Les visiteurs sont les bienvenus chaque jour, y compris les jours f\u00e9ri\u00e9s.<\/h2>\r\nVous pouvez faire des visites en tout temps dans les \u00e9tablissements d\u2019Actionmarguerite. En fait, nous vous encourageons non seulement \u00e0 faire des visites, mais aussi \u00e0 participer \u00e0 nos nombreuses activit\u00e9s. En dehors des heures normales d\u2019ouverture, les portes de l\u2019entr\u00e9e principale sont ferm\u00e9es et vous devez utiliser l\u2019interphone pour avoir acc\u00e8s aux r\u00e9sidences.\r\n\r\nNous vous demandons toutefois de ne pas faire de visite si vous toussez, avez de la fi\u00e8vre et avez le rhume, la grippe ou des sympt\u00f4mes de toute autre maladie contagieuse. Les enfants doivent \u00eatre accompagn\u00e9s d\u2019un adulte en tout temps.\r\n<h2><img class=\"alignnone wp-image-25907 size-full\" src=\"https:\/\/actionmarguerite.ca\/wp-content\/uploads\/2016\/08\/visitor-info-Two-Friends-Hanging-Out-SJ-806-HR.jpg\" alt=\"\" width=\"1000\" height=\"667\"><\/h2>\r\n<h2>Le stationnement r\u00e9serv\u00e9 aux visiteurs<\/h2>\r\nQuelques espaces de stationnement gratuit sont r\u00e9serv\u00e9s dans des zones d\u00e9sign\u00e9es. Des places sont aussi r\u00e9serv\u00e9es pour les personnes handicap\u00e9es dans la plupart des \u00e9tablissements. Des places de stationnement sont accessibles sur la voie publique avec certaines restrictions.\r\n<h2>Le transport par autobus<\/h2>\r\nLes autobus de Winnipeg Transit desservent tous les \u00e9tablissements d\u2019Actionmarguerite. Pour obtenir plus d\u2019information sur les parcours et les horaires d\u2019autobus, veuillez consulter le site Web de <a href=\"https:\/\/www.winnipegtransit.com\/\">Winnipeg Transit<\/a>.\r\n\r\n185, rue Despins <a href=\"https:\/\/winnipegtransit.com\/en\/routes\/10\" target=\"_blank\" rel=\"noopener\">10<\/a>, <a href=\"https:\/\/winnipegtransit.com\/en\/routes\/56\" target=\"_blank\" rel=\"noopener\">56<\/a>, <a href=\"https:\/\/winnipegtransit.com\/en\/routes\/110\" target=\"_blank\" rel=\"noopener\">110\u2028<\/a>\r\n450, chemin River <a href=\"https:\/\/winnipegtransit.com\/en\/routes\/16\" target=\"_blank\" rel=\"noopener\">16 (Plaza Dr.)<\/a>, <a href=\"https:\/\/winnipegtransit.com\/en\/routes\/54\" target=\"_blank\" rel=\"noopener\">54 (St. Amant)\u2028<\/a>\r\n187, avenue de la Cath\u00e9drale <a href=\"https:\/\/winnipegtransit.com\/en\/routes\/10\" target=\"_blank\" rel=\"noopener\">10<\/a>, <a href=\"https:\/\/winnipegtransit.com\/en\/routes\/56\" target=\"_blank\" rel=\"noopener\">56<\/a>, <a href=\"https:\/\/winnipegtransit.com\/en\/routes\/110\" target=\"_blank\" rel=\"noopener\">110\u2028<\/a>\r\n875, chemin Elizabeth <a href=\"https:\/\/winnipegtransit.com\/en\/routes\/19\" target=\"_blank\" rel=\"noopener\">19\u2028<\/a>\r\n1149, avenue Leila <a href=\"https:\/\/winnipegtransit.com\/en\/routes\/17\" target=\"_blank\" rel=\"noopener\">17<\/a>, <a href=\"https:\/\/winnipegtransit.com\/en\/routes\/77\" target=\"_blank\" rel=\"noopener\">77<\/a>\r\n<h2>Le service de caf\u00e9t\u00e9ria<\/h2>\r\nVous pouvez manger avec vos proches. Un service de caf\u00e9t\u00e9ria est offert \u00e0 l\u2019\u00e9tablissement du 185 de la rue Despins et un service alimentaire limit\u00e9 pour les familles est offert \u00e0 l\u2019\u00e9tablissement du 450 du chemin River. Au foyer du 1149 de l\u2019avenue Leila, les familles et les amis peuvent se joindre aux r\u00e9sidents \u00e0 l\u2019heure des repas dans les endroits d\u00e9sign\u00e9s (auditorium) ou dans la salle \u00e0 manger de Baba et acheter un repas au menu du jour. Veuillez nous fournir un pr\u00e9avis de votre pr\u00e9sence.\r\n\r\n<strong>Heures d\u2019ouverture :\r\n<\/strong>185, rue Despins : 8 h 30 \u2013 16 h 30\r\n450, chemin River : 9 h \u2013 16 h, 17 h 30 \u2013 19 h\r\n1149, avenue Leila : heures des repas 8 h, 11 h 30 et 17 h\r\n<h2>Comment nous trouver<\/h2>\r\n185, rue Despins <a href=\"https:\/\/maps.google.ca\/maps?f=q&source=s_q&hl=fr&geocode=&q=185+Rue+Despins,+Winnipeg,+MB&aq=0&sll=49.891235,-97.15369&sspn=32.073578,79.013672&ie=UTF8&hq=&hnear=185+Rue+Despins,+Winnipeg,+Division+No.+11,+Manitoba+R2H+2B3&z=16%22%20class=%22nav%22%20target=%22_blank%22\" target=\"_blank\" rel=\"noopener\">Carte Google<\/a> \/ <a href=\"https:\/\/maps.google.ca\/maps?f=q&source=s_q&hl=fr&geocode=&q=185+Rue+Despins,+Winnipeg,+MB&aq=0&sll=49.891235,-97.15369&sspn=32.073578,79.013672&ie=UTF8&hq=&hnear=185+Rue+Despins,+Winnipeg,+Division+No.+11,+Manitoba+R2H+2B3&layer=c&cbll=49.887235,-97.120813&panoid=146pyKD23loW9VUCvbL-wA&cbp=12,340.6,,0,5.9&ll=49.887239,-97.120686&spn=0.007797,0.01929&z=16%22%20class=%22nav%22%20target=%22_blank%22\" target=\"_blank\" rel=\"noopener\">Vue de la rue\r\n<\/a>450, chemin River <a href=\"https:\/\/maps.google.ca\/maps?f=q&source=s_q&hl=fr&geocode=&q=450+River+Road,+Winnipeg,+Manitoba&aq=1&sll=49.887239,-97.120836&sspn=0.007853,0.01929&ie=UTF8&hq=&hnear=450+River+Rd,+Winnipeg,+Division+No.+11,+Manitoba&ll=49.816984,-97.130964&spn=0.007809,0.01929&z=16\" target=\"_blank\" rel=\"noopener\">Carte Google<\/a> \/ <a href=\"https:\/\/maps.google.ca\/maps?q=450+River+Road,+Winnipeg,+Manitoba&layer=c&sll=49.816963,-97.130959&cbp=13,168.16,,0,1.4&cbll=49.817043,-97.131077&hl=fr&sspn=0.006295,0.006295&ie=UTF8&hq=&hnear=450+River+Rd,+Winnipeg,+Division+No.+11,+Manitoba&ll=49.816984,-97.13105&spn=0.003904,0.009645&z=17&panoid=k6C36ybX2j8LEcd-zSP-1g\" target=\"_blank\" rel=\"noopener\">Vue de la rue\r\n<\/a>187, avenue de la Cathedrale <a href=\"https:\/\/maps.google.ca\/maps?f=q&source=s_q&hl=fr&geocode=&q=Chez-Nous+Inc,+187+Delacathedrale,+MB+R2H+1Z2&aq=0&sll=49.889948,-97.120943&sspn=0.007797,0.019226&g=187+Avenue+de+la+Cathedrale,+Winnipeg,+Division+No.+11,+Manitoba+R2H+1Z2&ie=UTF8&hq=Chez-Nous+Inc,+187+Delacathedrale,&hnear=Winnipeg,+Manitoba+R2H+1Z2&ll=49.889782,-97.120643&spn=0.007451,0.019226&z=16\" target=\"_blank\" rel=\"noopener\">Carte Google<\/a> \/ <a href=\"https:\/\/maps.google.ca\/maps?f=q&source=s_q&hl=fr&geocode=&q=Chez-Nous+Inc,+187+Delacathedrale,+MB+R2H+1Z2&aq=0&sll=49.889948,-97.120943&sspn=0.007797,0.019226&g=187+Avenue+de+la+Cathedrale,+Winnipeg,+Division+No.+11,+Manitoba+R2H+1Z2&ie=UTF8&hq=Chez-Nous+Inc,+187+Delacathedrale,&hnear=Winnipeg,+Manitoba+R2H+1Z2&ll=49.889782,-97.120943&spn=0.003373,0.019226&z=16&layer=c&cbll=49.88977,-97.120945&panoid=Ws6laRmX4keRPamiIM59Ig&cbp=11,323.64,,0,-0.52\" target=\"_blank\" rel=\"noopener\">Vue de la rue\r\n<\/a>875, chemin Elizabeth <a href=\"https:\/\/maps.google.ca\/maps?f=q&source=s_q&hl=fr&geocode=&q=875+Elizabeth+Road,+Winnipeg,+Manitoba&aq=0&sll=49.817046,-97.131071&sspn=0.003932,0.009645&ie=UTF8&hq=&hnear=875+Elizabeth+Rd,+Winnipeg,+Division+No.+11,+Manitoba+R2J+1A8&ll=49.871033,-97.080967&spn=0.0078,0.01929&z=16\" target=\"_blank\" rel=\"noopener\">Carte Google<\/a> \/ <a href=\"https:\/\/maps.google.ca\/maps?q=875+Elizabeth+Road,+Winnipeg,+Manitoba&layer=c&sll=49.871006,-97.080976&cbp=13,328.75,,0,6.28&cbll=49.870991,-97.080999&hl=fr&sspn=0.006295,0.006295&ie=UTF8&hq=&hnear=875+Elizabeth+Rd,+Winnipeg,+Division+No.+11,+Manitoba+R2J+1A8&ll=49.871002,-97.080981&spn=0.000975,0.002411&z=19&panoid=7O_pvr3yvjshbBdYzw080Q\" target=\"_blank\" rel=\"noopener\">Vue de la rue\r\n<\/a>1149, avenue Leila <a href=\"https:\/\/www.google.ca\/maps\/place\/1149+Leila+Ave,+Winnipeg,+MB+R2P+1S6\/@49.9563913,-97.1566071,17z\/data=!3m1!4b1!4m5!3m4!1s0x52ea71fb752cb77b:0x3c070070001a0a4c!8m2!3d49.9563913!4d-97.1544184?hl=fr\" target=\"_blank\" rel=\"noopener\">Carte Google<\/a> \/ <a href=\"https:\/\/www.google.ca\/maps\/place\/1149+Leila+Ave,+Winnipeg,+MB+R2P+1S6\/@49.9558502,-97.1549454,3a,75y,32h,90t\/data=!3m7!1e1!3m5!1sU0f02fvjjAjOtKMED4DOdw!2e0!6s%2F%2Fgeo1.ggpht.com%2Fcbk%3Fpanoid%3DU0f02fvjjAjOtKMED4DOdw%26output%3Dthumbnail%26cb_client%3Dsearch.TACTILE.gps%26thumb%3D2%26w%3D86%26h%3D86%26yaw%3D32.288414%26pitch%3D0!7i13312!8i6656!4m5!3m4!1s0x52ea71fb752cb77b:0x3c070070001a0a4c!8m2!3d49.9563913!4d-97.1544184?hl=fr\" target=\"_blank\" rel=\"noopener\">Vue de la rue<\/a>\r\n<h2>Offices religieux<\/h2>\r\nLes amis et les familles des r\u00e9sidents d\u2019Actionmarguerite sont invit\u00e9s \u00e0 assister aux offices religieux r\u00e9guliers qui se tiennent aux endroits et aux heures suivantes :\r\n<h3>185, rue Despins<\/h3>\r\nMesses \u2013 10 h 30 \u2014 les mardis, les jeudis et les dimanches\r\nCulte multiconfessionnel \u2013 10 h 30 \u2014 2e mercredi du mois\r\nC\u00e9r\u00e9monie de purification \u2013 14 h \u2014 3e mercredi du mois\r\n<h3>450, chemin River<\/h3>\r\nMesses \u2013 11 h, les mercredis et 14 h 30, les samedis\r\n<h3>1149, avenue Leila<\/h3>\r\n<strong>Service anglican<\/strong>\r\nLe premier mercredi du mois\r\nLe quatri\u00e8me mercredi du mois\r\n11 h\r\n\r\n<strong>Messes de l\u2019\u00e9glise catholique romaine St. Peter\u2019s Church<\/strong>\r\nLe deuxi\u00e8me mercredi du mois\r\nLes deuxi\u00e8me, troisi\u00e8me, quatri\u00e8me et les derniers vendredis du mois\r\n11 h\r\n\r\n<strong>Messes de l\u2019\u00e9glise catholique romaine St. Peter\u2019s Church<\/strong>\r\nTous les samedis\r\n16 h\r\n\r\n<strong>Messes de l\u2019\u00e9glise polonaise romaine<\/strong>\r\nLe deuxi\u00e8me lundi du mois\r\n11 h\r\n\r\n<strong>Messes de l\u2019\u00e9glise portuguaise romaine<\/strong>\r\nLe premier mercredi du mois\r\n11 h\r\n\r\n<strong>Divine liturgie ukrainiene<\/strong>\r\nLe premier vendredi du mois\r\n11 h\r\n\r\n<strong>Messes de l\u2019\u00e9glise catholique romaine<\/strong>\r\nLes premier, troisi\u00e8me et quatri\u00e8me lundis du mois\r\n11 h\r\n<h2>La boutique de cadeaux<\/h2>\r\nLes Auxiliaires g\u00e8rent une boutique de cadeaux \u00e0 l\u2019\u00e9tablissement d\u2019Actionmarguerite du 185 de la rue Despins \u00e0 Saint-Boniface. Veuillez v\u00e9rifier les heures d\u2019ouverture de la boutique, car elles peuvent varier.\r\n<h2>La location d\u2019une salle<\/h2>\r\nVous pouvez c\u00e9l\u00e9brer les anniversaires et organiser des f\u00eates familiales dans les aires communes de nos \u00e9tablissements de la rue Despins, du chemin River et de l'avenue Leila. Chez Actionmarguerite, situ\u00e9e avenue Leila, la salle \u00e0 manger <em>Baba's<\/em> peut \u00eatre lou\u00e9e par des groupes de six personnes et moins et la salle multifonctionnelle peut \u00eatre lou\u00e9e pour les groupes plus nombreux.\r\n<h2>L\u2019usage du tabac<\/h2>\r\nIl est interdit de fumer dans les \u00e9tablissements et sur la propri\u00e9t\u00e9 d\u2019Actionmarguerite.","_et_gb_content_width":"","footnotes":""},"class_list":["post-529","page","type-page","status-publish","has-post-thumbnail","hentry"],"acf":[],"aioseo_notices":[],"_links":{"self":[{"href":"https:\/\/www.actionmarguerite.ca\/fr\/wp-json\/wp\/v2\/pages\/529","targetHints":{"allow":["GET"]}}],"collection":[{"href":"https:\/\/www.actionmarguerite.ca\/fr\/wp-json\/wp\/v2\/pages"}],"about":[{"href":"https:\/\/www.actionmarguerite.ca\/fr\/wp-json\/wp\/v2\/types\/page"}],"author":[{"embeddable":true,"href":"https:\/\/www.actionmarguerite.ca\/fr\/wp-json\/wp\/v2\/users\/42"}],"replies":[{"embeddable":true,"href":"https:\/\/www.actionmarguerite.ca\/fr\/wp-json\/wp\/v2\/comments?post=529"}],"version-history":[{"count":27,"href":"https:\/\/www.actionmarguerite.ca\/fr\/wp-json\/wp\/v2\/pages\/529\/revisions"}],"predecessor-version":[{"id":53982,"href":"https:\/\/www.actionmarguerite.ca\/fr\/wp-json\/wp\/v2\/pages\/529\/revisions\/53982"}],"wp:featuredmedia":[{"embeddable":true,"href":"https:\/\/www.actionmarguerite.ca\/fr\/wp-json\/wp\/v2\/media\/25878"}],"wp:attachment":[{"href":"https:\/\/www.actionmarguerite.ca\/fr\/wp-json\/wp\/v2\/media?parent=529"}],"curies":[{"name":"wp","href":"https:\/\/api.w.org\/{rel}","templated":true}]}}