{"id":447,"date":"2016-05-24T17:40:33","date_gmt":"2016-05-24T22:40:33","guid":{"rendered":"http:\/\/actionmarguerite.ca-pr2\/fr\/contact-us\/"},"modified":"2025-01-24T14:10:26","modified_gmt":"2025-01-24T20:10:26","slug":"nous-joindre","status":"publish","type":"page","link":"https:\/\/www.actionmarguerite.ca\/fr\/nous-joindre\/","title":{"rendered":"Nous joindre"},"content":{"rendered":"<h2>Bureaux administratifs<\/h2>\n<p><strong>185, rue Despins<br \/>\n<\/strong>Winnipeg (MB) R2H 2B3<br \/>\nT\u00e9l\u00e9phone : (204) 233-3692<br \/>\nT\u00e9l\u00e9copieur : (204) 233-6803<br \/>\n<a href=\"https:\/\/www.google.ca\/maps\/place\/185+Rue+Despins,+Winnipeg,+MB+R2H+2B2\/@49.8882365,-97.123757,17z\/data=!3m1!4b1!4m5!3m4!1s0x52ea7149fdae3737:0x274d6d3637bcc3cb!8m2!3d49.8882365!4d-97.1215683\" target=\"_blank\" rel=\"noopener\">Carte Google<\/a> \/ <a href=\"https:\/\/www.google.ca\/maps\/@49.887818,-97.1207916,3a,75y,325.64h,87.93t\/data=!3m6!1e1!3m4!1snbEyAr3eLXdFoIZL8uBDoQ!2e0!7i13312!8i6656?hl=fr\" target=\"_blank\" rel=\"noopener\">Vue de la rue<\/a><\/p>\n<p><strong>Information g\u00e9n\u00e9rale \/ Relations avec les clients\u00a0<\/strong> <a href=\"mailto:info@actionmarguerite.ca\">info@actionmarguerite.ca<\/a><strong><br \/>\nDons<\/strong> <a href=\"mailto:marguerite@actionmarguerite.ca\">marguerite@actionmarguerite.ca<\/a><strong><br \/>\nServices de b\u00e9n\u00e9voles<\/strong> <a href=\"mailto:service@actionmarguerite.ca\">service@actionmarguerite.ca<\/a><strong><br \/>\nRessources humaines<\/strong> <a href=\"mailto:action@actionmarguerite.ca\">action@actionmarguerite.ca<\/a><\/p>\n<h2>Programme de soins de longue dur\u00e9e et programme des soins aux personnes atteintes de d\u00e9mence<\/h2>\n<p><strong>450, chemin River<\/strong><br \/>\nWinnipeg (MB) R2M 5M4<br \/>\nT\u00e9l\u00e9phone : (204) 254-3332 T\u00e9l\u00e9copieur : (204) 254-0329<br \/>\n<a href=\"https:\/\/www.google.ca\/maps\/place\/450+River+Rd,+Winnipeg,+MB+R2M+5M4\/@49.81572,-97.1326217,17z\/data=!3m1!4b1!4m5!3m4!1s0x52ea75e191f12681:0xb6d0128248e273c4!8m2!3d49.81572!4d-97.130433\" target=\"_blank\" rel=\"noopener\">Carte Google<\/a> \/ <a href=\"https:\/\/www.google.ca\/maps\/@49.8170329,-97.1310706,3a,75y,168.16h,88.6t\/data=!3m6!1e1!3m4!1sk6C36ybX2j8LEcd-zSP-1g!2e0!7i13312!8i6656?hl=fr\" target=\"_blank\" rel=\"noopener\">Vue de la rue<\/a><\/p>\n<h2>Programme de soins de longue dur\u00e9e, programme de soins aux personnes avec besoins sp\u00e9ciaux et programme de jour pour adultes<\/h2>\n<p><strong>185, rue Despins<\/strong><br \/>\nWinnipeg (MB) R2H 2B3<br \/>\nT\u00e9l\u00e9phone : (204) 233-3692 T\u00e9l\u00e9copieur : (204) 233-6803<br \/>\n<a href=\"https:\/\/www.google.ca\/maps\/place\/185+Rue+Despins,+Winnipeg,+MB+R2H+2B2\/@49.8882365,-97.123757,17z\/data=%213m1%214b1%214m5%213m4%211s0x52ea7149fdae3737:0x274d6d3637bcc3cb%218m2%213d49.8882365%214d-97.1215683\" target=\"_blank\" rel=\"noopener\">Carte Google<\/a> \/ <a href=\"https:\/\/www.google.ca\/maps\/@49.887818,-97.1207916,3a,75y,325.64h,87.93t\/data=!3m6!1e1!3m4!1snbEyAr3eLXdFoIZL8uBDoQ!2e0!7i13312!8i6656?hl=fr\" target=\"_blank\" rel=\"noopener\">Vue de la rue<\/a><\/p>\n<h2>Programme de logements avec services de soutien<\/h2>\n<h3>Chez-Nous<strong><br \/>\n<\/strong><\/h3>\n<p><strong>187, avenue de la Cath\u00e9drale<\/strong><br \/>\nWinnipeg (MB) R2H 3C6<br \/>\nT\u00e9l\u00e9phone : (204) 231-9532 T\u00e9l\u00e9copieur : (204) 231-9439<br \/>\n<a href=\"https:\/\/www.google.ca\/maps\/place\/187+Avenue+de+la+Cathedrale,+Winnipeg,+MB+R2H+1Z2\/@49.8899925,-97.1233453,17z\/data=!3m1!4b1!4m5!3m4!1s0x52ea7136363006f3:0xf1ac6950b3ded8ce!8m2!3d49.8899925!4d-97.1211566\" target=\"_blank\" rel=\"noopener\">Carte Google<\/a> \/ <a href=\"https:\/\/www.google.ca\/maps\/place\/187+Avenue+de+la+Cathedrale,+Winnipeg,+MB+R2H+1Z2\/@49.8904668,-97.1213288,3a,75y,177.7h,95t\/data=!3m7!1e1!3m5!1s0GOV8S5YVXf3yQjH9J06kA!2e0!6s%2F%2Fgeo3.ggpht.com%2Fcbk%3Fpanoid%3D0GOV8S5YVXf3yQjH9J06kA%26output%3Dthumbnail%26cb_client%3Dmaps_sv.tactile.gps%26thumb%3D2%26w%3D203%26h%3D100%26yaw%3D141.44882%26pitch%3D0%26thumbfov%3D100!7i13312!8i6656!4m5!3m4!1s0x52ea7136363006f3:0xf1ac6950b3ded8ce!8m2!3d49.8899925!4d-97.1211566!6m1!1e1\" target=\"_blank\" rel=\"noopener\">Vue de la rue<\/a><\/p>\n<h3>Windsor Park Place<\/h3>\n<p><strong>875, chemin Elizabeth<\/strong><br \/>\nWinnipeg (MB) R2J 3K6<br \/>\nT\u00e9l\u00e9phone : (204) 416-0052 T\u00e9l\u00e9copieur : (204) 416-0053<br \/>\n<a href=\"https:\/\/www.google.ca\/maps\/place\/875+Elizabeth+Rd,+Winnipeg,+MB+R2J+3K6\/@49.871033,-97.080967,16z\/data=!4m5!3m4!1s0x52ea7724f9e467ab:0x72388186c2912c4b!8m2!3d49.8714298!4d-97.081627?hl=fr\" target=\"_blank\" rel=\"noopener\">Carte Google<\/a> \/ <a href=\"https:\/\/www.google.ca\/maps\/place\/875+Elizabeth+Rd,+Winnipeg,+MB+R2J+3K6\/@49.8709782,-97.0814024,3a,75y,349.23h,88.2t\/data=!3m7!1e1!3m5!1scZWqZKEAEFjDYGwJxzE-Xg!2e0!6s%2F%2Fgeo2.ggpht.com%2Fcbk%3Fpanoid%3DcZWqZKEAEFjDYGwJxzE-Xg%26output%3Dthumbnail%26cb_client%3Dmaps_sv.tactile.gps%26thumb%3D2%26w%3D203%26h%3D100%26yaw%3D328.75186%26pitch%3D0%26thumbfov%3D100!7i13312!8i6656!4m5!3m4!1s0x52ea7724f9f9fe41:0x5760a62536079bb2!8m2!3d49.871437!4d-97.081503!6m1!1e1\" target=\"_blank\" rel=\"noopener\">Vue de la rue<\/a><\/p>\n<h2>Programme de soins de longue dur\u00e9e<\/h2>\n<p><strong>1149, avenue Leila<\/strong><br \/>\nWinnipeg (MB) R2P 1S6<br \/>\nT\u00e9l\u00e9phone : (204) 697-8031 T\u00e9l\u00e9copieur : (204) 697-8075<br \/>\n<a href=\"https:\/\/www.google.ca\/maps\/place\/1149+Leila+Ave,+Winnipeg,+MB+R2P+1S6\/@49.9563913,-97.1566071,17z\/data=!3m1!4b1!4m5!3m4!1s0x52ea71fb752cb77b:0x3c070070001a0a4c!8m2!3d49.9563913!4d-97.1544184?hl=fr\" target=\"_blank\" rel=\"noopener\">Carte Google<\/a> \/ <a href=\"https:\/\/www.google.ca\/maps\/place\/1149+Leila+Ave,+Winnipeg,+MB+R2P+1S6\/@49.9556943,-97.1544114,3a,75y,24.67h,86.87t\/data=!3m7!1e1!3m5!1sYsJDZGo3g-DMRJ4IkgYfkQ!2e0!6s%2F%2Fgeo1.ggpht.com%2Fcbk%3Fpanoid%3DYsJDZGo3g-DMRJ4IkgYfkQ%26output%3Dthumbnail%26cb_client%3Dmaps_sv.tactile.gps%26thumb%3D2%26w%3D203%26h%3D100%26yaw%3D21.627344%26pitch%3D0%26thumbfov%3D100!7i13312!8i6656!4m5!3m4!1s0x52ea71fb752cb77b:0x3c070070001a0a4c!8m2!3d49.9563913!4d-97.1544184!6m1!1e1\" target=\"_blank\" rel=\"noopener\">Vue de la rue<\/a><\/p>\n","protected":false},"excerpt":{"rendered":"<p>Bureaux administratifs 185, rue Despins Winnipeg (MB) R2H 2B3 T\u00e9l\u00e9phone : (204) 233-3692 T\u00e9l\u00e9copieur : (204) 233-6803 Carte Google \/ Vue de la rue Information g\u00e9n\u00e9rale \/ Relations avec les clients\u00a0 info@actionmarguerite.ca Dons marguerite@actionmarguerite.ca Services de b\u00e9n\u00e9voles service@actionmarguerite.ca Ressources humaines action@actionmarguerite.ca Programme de soins de longue dur\u00e9e et programme des soins aux personnes atteintes de [&hellip;]<\/p>\n","protected":false},"author":42,"featured_media":25919,"parent":0,"menu_order":0,"comment_status":"closed","ping_status":"closed","template":"","meta":{"_acf_changed":false,"_et_pb_use_builder":"","_et_pb_old_content":"","_et_gb_content_width":"","footnotes":""},"class_list":["post-447","page","type-page","status-publish","has-post-thumbnail","hentry"],"acf":[],"aioseo_notices":[],"_links":{"self":[{"href":"https:\/\/www.actionmarguerite.ca\/fr\/wp-json\/wp\/v2\/pages\/447","targetHints":{"allow":["GET"]}}],"collection":[{"href":"https:\/\/www.actionmarguerite.ca\/fr\/wp-json\/wp\/v2\/pages"}],"about":[{"href":"https:\/\/www.actionmarguerite.ca\/fr\/wp-json\/wp\/v2\/types\/page"}],"author":[{"embeddable":true,"href":"https:\/\/www.actionmarguerite.ca\/fr\/wp-json\/wp\/v2\/users\/42"}],"replies":[{"embeddable":true,"href":"https:\/\/www.actionmarguerite.ca\/fr\/wp-json\/wp\/v2\/comments?post=447"}],"version-history":[{"count":9,"href":"https:\/\/www.actionmarguerite.ca\/fr\/wp-json\/wp\/v2\/pages\/447\/revisions"}],"predecessor-version":[{"id":50901,"href":"https:\/\/www.actionmarguerite.ca\/fr\/wp-json\/wp\/v2\/pages\/447\/revisions\/50901"}],"wp:featuredmedia":[{"embeddable":true,"href":"https:\/\/www.actionmarguerite.ca\/fr\/wp-json\/wp\/v2\/media\/25919"}],"wp:attachment":[{"href":"https:\/\/www.actionmarguerite.ca\/fr\/wp-json\/wp\/v2\/media?parent=447"}],"curies":[{"name":"wp","href":"https:\/\/api.w.org\/{rel}","templated":true}]}}