{"id":424,"date":"2016-05-24T17:03:47","date_gmt":"2016-05-24T22:03:47","guid":{"rendered":"http:\/\/actionmarguerite.ca-pr2\/fr\/care-and-services\/"},"modified":"2016-08-04T16:19:45","modified_gmt":"2016-08-04T21:19:45","slug":"soins-et-services","status":"publish","type":"page","link":"https:\/\/www.actionmarguerite.ca\/fr\/soins-et-services\/","title":{"rendered":"Soins et services"},"content":{"rendered":"<p>Chaque personne m\u00e9rite de vivre dans un environnement s\u00fbr, paisible et agr\u00e9able. L\u2019\u00e9quipe interdisciplinaire de soins de sant\u00e9 d\u2019Actionmarguerite aide ses r\u00e9sidents \u00e0 maintenir leur autonomie et leur ind\u00e9pendance autant que possible. Notre personnel compatissant et d\u00e9vou\u00e9 est d\u00e9termin\u00e9 \u00e0 offrir en toute s\u00e9curit\u00e9 des soins de qualit\u00e9 \u00e0 ceux qui ont le plus besoin d\u2019aide.<\/p>\n<p>Le personnel d\u2019Actionmarguerite d\u00e9ploie tous les efforts n\u00e9cessaires pour respecter et m\u00eame surpasser les normes de qualit\u00e9 nationales d\u2019Agr\u00e9ment Canada en mati\u00e8re de soins de longue dur\u00e9e ainsi que les normes de Sant\u00e9 Manitoba en ce qui concerne les foyers de soins de longue dur\u00e9e.<\/p>\n<p>Les logements des r\u00e9sidents et les unit\u00e9s de soins sont regroup\u00e9s selon les besoins et selon le type de soins sp\u00e9cialis\u00e9s requis. Le personnel d\u2019Actionmarguerite est form\u00e9 pour adapter ses strat\u00e9gies de soins et ses services en fonction de la variation des besoins des r\u00e9sidents.<\/p>\n","protected":false},"excerpt":{"rendered":"<p>Chaque personne m\u00e9rite de vivre dans un environnement s\u00fbr, paisible et agr\u00e9able. L\u2019\u00e9quipe interdisciplinaire de soins de sant\u00e9 d\u2019Actionmarguerite aide ses r\u00e9sidents \u00e0 maintenir leur autonomie et leur ind\u00e9pendance autant que possible. Notre personnel compatissant et d\u00e9vou\u00e9 est d\u00e9termin\u00e9 \u00e0 offrir en toute s\u00e9curit\u00e9 des soins de qualit\u00e9 \u00e0 ceux qui ont le plus besoin [&hellip;]<\/p>\n","protected":false},"author":42,"featured_media":0,"parent":0,"menu_order":0,"comment_status":"closed","ping_status":"closed","template":"","meta":{"_acf_changed":false,"_et_pb_use_builder":"","_et_pb_old_content":"","_et_gb_content_width":"","footnotes":""},"class_list":["post-424","page","type-page","status-publish","hentry"],"acf":[],"aioseo_notices":[],"_links":{"self":[{"href":"https:\/\/www.actionmarguerite.ca\/fr\/wp-json\/wp\/v2\/pages\/424","targetHints":{"allow":["GET"]}}],"collection":[{"href":"https:\/\/www.actionmarguerite.ca\/fr\/wp-json\/wp\/v2\/pages"}],"about":[{"href":"https:\/\/www.actionmarguerite.ca\/fr\/wp-json\/wp\/v2\/types\/page"}],"author":[{"embeddable":true,"href":"https:\/\/www.actionmarguerite.ca\/fr\/wp-json\/wp\/v2\/users\/42"}],"replies":[{"embeddable":true,"href":"https:\/\/www.actionmarguerite.ca\/fr\/wp-json\/wp\/v2\/comments?post=424"}],"version-history":[{"count":1,"href":"https:\/\/www.actionmarguerite.ca\/fr\/wp-json\/wp\/v2\/pages\/424\/revisions"}],"predecessor-version":[{"id":565,"href":"https:\/\/www.actionmarguerite.ca\/fr\/wp-json\/wp\/v2\/pages\/424\/revisions\/565"}],"wp:attachment":[{"href":"https:\/\/www.actionmarguerite.ca\/fr\/wp-json\/wp\/v2\/media?parent=424"}],"curies":[{"name":"wp","href":"https:\/\/api.w.org\/{rel}","templated":true}]}}