{"id":38263,"date":"2021-11-03T14:47:39","date_gmt":"2021-11-03T19:47:39","guid":{"rendered":"https:\/\/www.actionmarguerite.ca\/?page_id=38263"},"modified":"2021-11-08T10:02:48","modified_gmt":"2021-11-08T16:02:48","slug":"ressources-covid-19","status":"publish","type":"page","link":"https:\/\/www.actionmarguerite.ca\/fr\/ressources-covid-19\/","title":{"rendered":"Mat\u00e9riel \u00e9ducatif sur le COVID-19"},"content":{"rendered":"<div id=\"main-content\">\n<div class=\"container\">\n<div id=\"content-area\" class=\"clearfix\">\n<div id=\"left-area\">\n<article id=\"post-38219\" class=\"post-38219 page type-page status-publish has-post-thumbnail hentry\">\n<div class=\"entry-content\">\n<p>Nous avons rassembl\u00e9 le mat\u00e9riel \u00e9ducatif COVID-19 suivant pour une r\u00e9f\u00e9rence facile. Nous nous concentrons et nous nous engageons \u00e0 fournir des soins s\u00fbrs et compatissants \u00e0 nos populations vuln\u00e9rables \u00e0 haut risque et \u00e0 offrir un environnement de travail s\u00fbr \u00e0 notre personnel d\u00e9vou\u00e9.<\/p>\n<p>Ressources f\u00e9d\u00e9rales :<\/p>\n<ul>\n<li><a href=\"https:\/\/www.canada.ca\/fr\/sante-publique\/services\/maladies\/maladie-coronavirus-covid-19\/ressources-aines-aidants-naturels.html\" target=\"_blank\" rel=\"noopener\">COVID-19 : Ressources pour les a\u00een\u00e9s et les aidants naturels<\/a><\/li>\n<li><a href=\"https:\/\/www.canada.ca\/fr\/sante-canada\/services\/medicaments-produits-sante\/covid19-industrie\/medicaments-vaccins-traitements\/vaccins\/developpement-approbation-infographie.html\" target=\"_blank\" rel=\"noopener\">Aper\u00e7u du processus de d\u00e9veloppement et d&rsquo;approbation de vaccins au Canada<\/a><\/li>\n<\/ul>\n<p>Ressources provinciales:<\/p>\n<ul>\n<li><a href=\"https:\/\/www.gov.mb.ca\/covid19\/updates\/index.fr.html\" target=\"_blank\" rel=\"noopener\">Mises \u00e0 jour sur la COVID-19<\/a><\/li>\n<li><a href=\"https:\/\/www.gov.mb.ca\/covid19\/vaccine\/media.html\" target=\"_blank\" rel=\"noopener\">Communiqu\u00e9s &#8211; vaccins contre la COVID-19<\/a><\/li>\n<li><a href=\"https:\/\/www.gov.mb.ca\/asset_library\/en\/covidvaccine\/covid19_vaccine_factsheet.fr.pdf\" target=\"_blank\" rel=\"noopener\">vaccins COVID-19 mRNA<\/a><\/li>\n<li><a href=\"https:\/\/www.gov.mb.ca\/covid19\/vaccine\/eligibility-criteria.fr.html\" target=\"_blank\" rel=\"noopener\">Crit\u00e8res d&rsquo;admissibilit\u00e9 au vaccin contre la COVID-19<\/a><\/li>\n<li><a href=\"https:\/\/protectmb.ca\/fr\/qr\/\" target=\"_blank\" rel=\"noopener\">Q &amp; R<\/a><\/li>\n<li><a href=\"https:\/\/manitoba.ca\/asset_library\/en\/covid\/covid19_vaccine_reaction_factsheet_fr.pdf\" target=\"_blank\" rel=\"noopener\">Que faire si vous avez une r\u00e9action ind\u00e9sirable apr\u00e8s avoir re\u00e7u le vaccin<\/a><\/li>\n<li><a href=\"https:\/\/manitoba.ca\/asset_library\/en\/covid\/covid19_consent_form.fr.pdf\" target=\"_blank\" rel=\"noopener\">Formulaire de consentement \u00e0 la vaccination contre la COVID-19<\/a><\/li>\n<li><a href=\"https:\/\/www.gov.mb.ca\/asset_library\/en\/covidvaccine\/covid19_immunization_enhanced.fr.pdf\" target=\"_blank\" rel=\"noopener\">Formulaire am\u00e9lior\u00e9 de consentement \u00e0 l\u2019immunisation contre la COVID-19<\/a><\/li>\n<\/ul>\n<p>Vid\u00e9os sur le vaccin COVID-19:<\/p>\n<ul>\n<li><a href=\"https:\/\/www.youtube.com\/watch?v=Z6QPBFGscqc\" target=\"_blank\" rel=\"noopener\">Comment savons-nous que les vaccins contre la COVID-19 sont s\u00fbrs?<\/a><\/li>\n<li><a href=\"https:\/\/www.youtube.com\/watch?v=X4Q3yDqFGbw\" target=\"_blank\" rel=\"noopener\">Comment savons-nous que les vaccins contre la COVID-19 sont s\u00e9curitaires?<\/a><\/li>\n<li><a href=\"https:\/\/www.youtube.com\/watch?v=YHV8imNMssM\" target=\"_blank\" rel=\"noopener\">Demandez \u00e0 un scientifique : Devrais-je envisager de me faire vacciner contre la COVID-19?<\/a><\/li>\n<\/ul>\n<\/div>\n<\/article>\n<\/div>\n<\/div>\n<\/div>\n<\/div>\n","protected":false},"excerpt":{"rendered":"<p>Nous avons rassembl\u00e9 le mat\u00e9riel \u00e9ducatif COVID-19 suivant pour une r\u00e9f\u00e9rence facile. Nous nous concentrons et nous nous engageons \u00e0 fournir des soins s\u00fbrs et compatissants \u00e0 nos populations vuln\u00e9rables \u00e0 haut risque et \u00e0 offrir un environnement de travail s\u00fbr \u00e0 notre personnel d\u00e9vou\u00e9. Ressources f\u00e9d\u00e9rales : COVID-19 : Ressources pour les a\u00een\u00e9s et [&hellip;]<\/p>\n","protected":false},"author":13,"featured_media":0,"parent":0,"menu_order":0,"comment_status":"closed","ping_status":"closed","template":"","meta":{"_acf_changed":false,"_et_pb_use_builder":"","_et_pb_old_content":"","_et_gb_content_width":"","footnotes":""},"class_list":["post-38263","page","type-page","status-publish","hentry"],"acf":[],"aioseo_notices":[],"_links":{"self":[{"href":"https:\/\/www.actionmarguerite.ca\/fr\/wp-json\/wp\/v2\/pages\/38263","targetHints":{"allow":["GET"]}}],"collection":[{"href":"https:\/\/www.actionmarguerite.ca\/fr\/wp-json\/wp\/v2\/pages"}],"about":[{"href":"https:\/\/www.actionmarguerite.ca\/fr\/wp-json\/wp\/v2\/types\/page"}],"author":[{"embeddable":true,"href":"https:\/\/www.actionmarguerite.ca\/fr\/wp-json\/wp\/v2\/users\/13"}],"replies":[{"embeddable":true,"href":"https:\/\/www.actionmarguerite.ca\/fr\/wp-json\/wp\/v2\/comments?post=38263"}],"version-history":[{"count":8,"href":"https:\/\/www.actionmarguerite.ca\/fr\/wp-json\/wp\/v2\/pages\/38263\/revisions"}],"predecessor-version":[{"id":38279,"href":"https:\/\/www.actionmarguerite.ca\/fr\/wp-json\/wp\/v2\/pages\/38263\/revisions\/38279"}],"wp:attachment":[{"href":"https:\/\/www.actionmarguerite.ca\/fr\/wp-json\/wp\/v2\/media?parent=38263"}],"curies":[{"name":"wp","href":"https:\/\/api.w.org\/{rel}","templated":true}]}}