{"id":36675,"date":"2021-05-14T20:37:08","date_gmt":"2021-05-15T01:37:08","guid":{"rendered":"https:\/\/www.actionmarguerite.ca\/?page_id=36675"},"modified":"2025-07-04T09:55:24","modified_gmt":"2025-07-04T14:55:24","slug":"rapports-annuels","status":"publish","type":"page","link":"https:\/\/www.actionmarguerite.ca\/fr\/en-bref\/rapports-annuels\/","title":{"rendered":"Rapports annuels et divulgations de la r\u00e9mun\u00e9ration dans le secteur public"},"content":{"rendered":"<h2><\/h2>\n<h2>Rapports annuels<\/h2>\n<p><a href=\"https:\/\/www.actionmarguerite.ca\/wp-content\/uploads\/2024\/12\/AM-AnnualReport-23_24-Nov2024-FRE-p2-WEB.pdf\">2023-2024<\/a> | <a href=\"https:\/\/www.actionmarguerite.ca\/wp-content\/uploads\/2023\/09\/AM-AnnualReport-22-23-June2023-ENG-WEB.pdf\">2022-2023<\/a> | <a href=\"https:\/\/www.actionmarguerite.ca\/wp-content\/uploads\/2022\/06\/RAPPORT-ANNUEL-2021-2022-website-compressed.pdf\" target=\"_blank\" rel=\"noopener\">2021-2022<\/a>\u00a0|\u00a0<a href=\"https:\/\/www.actionmarguerite.ca\/wp-content\/uploads\/2021\/07\/Rapport_Annuel_AM-shrunk-2021.pdf\" target=\"_blank\" rel=\"noopener\">2020-2021<\/a> |\u00a0<a href=\"https:\/\/www.actionmarguerite.ca\/wp-content\/uploads\/2021\/07\/Annual-Report-2018-19-EN-Final.pdf\" target=\"_blank\" rel=\"noopener\">2018-<\/a><a href=\"https:\/\/www.actionmarguerite.ca\/wp-content\/uploads\/2021\/07\/Annual-Report-2018-19-EN-Final.pdf\" target=\"_blank\" rel=\"noopener\">2019<\/a> | <a href=\"https:\/\/www.actionmarguerite.ca\/wp-content\/uploads\/2021\/07\/Annual-Report-2017-18-EN-Final.pdf\" target=\"_blank\" rel=\"noopener\">2017-2018<\/a> | <a href=\"https:\/\/www.actionmarguerite.ca\/wp-content\/uploads\/2018\/01\/Annual-Report-2016-17-EN-final.pdf\" target=\"_blank\" rel=\"noopener\">2016-2017<\/a> | <a href=\"https:\/\/www.actionmarguerite.ca\/wp-content\/uploads\/2017\/01\/Rapport-annuel-2015-2016-English-FINAL.pdf\" target=\"_blank\" rel=\"noopener\">2015-2016<\/a> | <a href=\"https:\/\/www.actionmarguerite.ca\/wp-content\/uploads\/2017\/01\/Rapport-annuel-2014-2015-English-FINAL.pdf\" target=\"_blank\" rel=\"noopener\">2014-2015<\/a> | <a href=\"https:\/\/www.actionmarguerite.ca\/wp-content\/uploads\/2017\/01\/Rapport-annuel-2013-2014-English-final.pdf\" target=\"_blank\" rel=\"noopener\">2013-2014<\/a>\u00a0| <a href=\"https:\/\/www.actionmarguerite.ca\/wp-content\/uploads\/2017\/02\/Rapport-annuel-2012-2013-English-FINAL.pdf\" target=\"_blank\" rel=\"noopener\">2012-2013<\/a> | <a href=\"https:\/\/www.actionmarguerite.ca\/wp-content\/uploads\/2017\/01\/Rapport-annuel-2011-12.pdf\" target=\"_blank\" rel=\"noopener\">2011-2012<\/a> | <a href=\"https:\/\/www.actionmarguerite.ca\/wp-content\/uploads\/2017\/01\/Rapport-Annuel-2010-11.pdf\" target=\"_blank\" rel=\"noopener\">2010-2011<\/a>\u00a0| <a href=\"https:\/\/www.actionmarguerite.ca\/wp-content\/uploads\/2017\/01\/Rapport-Annuel-2009-10.pdf\" target=\"_blank\" rel=\"noopener\">2009-2010<\/a><\/p>\n<p><em>En raison de la pand\u00e9mie de COVID-19, aucun rapport n&rsquo;est disponible pour 2019-2020<\/em><\/p>\n<h2><\/h2>\n<h2>Divulgations de la r\u00e9mun\u00e9ration dans le secteur public (anglais)<\/h2>\n<p>2024-2025<br \/>\n<a href=\"https:\/\/www.actionmarguerite.ca\/wp-content\/uploads\/2025\/07\/2024-12-31-Actionmarguerite-Saint-Boniface-FS-sched-of-comp.pdf\" target=\"_blank\" rel=\"noopener\">Actionmarguerite Saint-Boniface<\/a> | <a href=\"https:\/\/www.actionmarguerite.ca\/wp-content\/uploads\/2025\/07\/2024-12-31-Actionmarguerite-Saint-Vital-FS-sched-of-comp.pdf\" target=\"_blank\" rel=\"noopener\">Actionmarguerite Saint-Vital<\/a> | <a href=\"https:\/\/www.actionmarguerite.ca\/wp-content\/uploads\/2025\/07\/2024-12-31-Actionmarguerite-St.-Joseph-FS-sched-of-comp.pdf\" target=\"_blank\" rel=\"noopener\">Actionmarguerite St. Joseph<\/a><\/p>\n<p>2023-2024<br \/>\n<a href=\"https:\/\/www.actionmarguerite.ca\/wp-content\/uploads\/2024\/07\/2023-12-31-Actionmarguerite-Saint-Boniface-FS-sched-of-comp.pdf\">Actionmarguerite Saint-Boniface<\/a> | <a href=\"https:\/\/www.actionmarguerite.ca\/wp-content\/uploads\/2024\/07\/2023-12-31-Actionmarguerite-Saint-Vital-FS-sched-of-comp.pdf\">Actionmarguerite Saint-Vital<\/a> | <a href=\"https:\/\/www.actionmarguerite.ca\/wp-content\/uploads\/2024\/07\/2023-12-31-Actionmarguerite-St.-Joseph-FS-sched-of-comp.pdf\">Actionmarguerite St. Joseph<\/a><\/p>\n<p>2022-2023<br \/>\n<a href=\"https:\/\/www.actionmarguerite.ca\/wp-content\/uploads\/2023\/07\/2022-12-31-Actionmarguerite-Saint-Boniface-FS-sched-of-comp.pdf\" target=\"_blank\" rel=\"noopener\">Actionmarguerite Saint-Boniface<\/a> | <a href=\"https:\/\/www.actionmarguerite.ca\/wp-content\/uploads\/2023\/07\/2022-12-31-Actionmarguerite-Saint-Vital-FS-sched-of-comp.pdf\" target=\"_blank\" rel=\"noopener\">Actionmarguerite Saint-Vital<\/a> | <a href=\"https:\/\/www.actionmarguerite.ca\/wp-content\/uploads\/2023\/07\/2022-12-31-Actionmarguerite-St.-Joseph-FS-sched-of-comp.pdf\" target=\"_blank\" rel=\"noopener\">Actionmarguerite St. Joseph<\/a><\/p>\n<p>2021-2022<br \/>\n<a href=\"https:\/\/www.actionmarguerite.ca\/wp-content\/uploads\/2022\/06\/2021-12-31-Actionmarguerite-Saint-Boniface-FS-sched-of-comp-1.pdf\" target=\"_blank\" rel=\"noopener\">Actionmarguerite Saint-Boniface<\/a>\u00a0|\u00a0<a href=\"https:\/\/www.actionmarguerite.ca\/wp-content\/uploads\/2022\/06\/2021-12-31-Actionmarguerite-Saint-Vital-FS-sched-of-comp.pdf\" target=\"_blank\" rel=\"noopener\">Actionmarguerite Saint-Vital<\/a>\u00a0|\u00a0<a href=\"https:\/\/www.actionmarguerite.ca\/wp-content\/uploads\/2022\/06\/2021-12-31-Actionmarguerite-St.-Joseph-FS-sched-of-comp.pdf\" target=\"_blank\" rel=\"noopener\">Actionmarguerite St. Joseph<\/a><\/p>\n<p>2020-2021<br \/>\n<a href=\"https:\/\/www.actionmarguerite.ca\/wp-content\/uploads\/2021\/07\/2020-12-31-Actionmarguerite-Saint-Boniface-FS-sched-of-comp.pdf\" target=\"_blank\" rel=\"noopener\">Actionmarguerite Saint-Boniface<\/a> | <a href=\"https:\/\/www.actionmarguerite.ca\/wp-content\/uploads\/2021\/07\/2020-12-31-Actionmarguerite-Saint-Vital-FS-sched-of-comp.pdf\" target=\"_blank\" rel=\"noopener\">Actionmarguerite Saint-Vital<\/a> | <a href=\"https:\/\/www.actionmarguerite.ca\/wp-content\/uploads\/2021\/07\/2020-12-31-Actionmarguerite-St.-Joseph-FS-sched-of-comp.pdf\" target=\"_blank\" rel=\"noopener\">Actionmarguerite St. Joseph<\/a><\/p>\n<p>2019-2020<br \/>\n<a title=\"https:\/\/www.actionmarguerite.ca\/wp-content\/uploads\/2020\/07\/2019-12-31-Actionmarguerite-Saint-Boniface-FS-sched-of-comp.pdf\" href=\"https:\/\/www.actionmarguerite.ca\/wp-content\/uploads\/2021\/07\/2019-12-31-Actionmarguerite-Saint-Boniface-FS-sched-of-comp.pdf\" target=\"_blank\" rel=\"noopener\">Actionmarguerite Saint-Boniface<\/a> | <a href=\"https:\/\/www.actionmarguerite.ca\/wp-content\/uploads\/2021\/07\/2019-12-31-Actionmarguerite-Saint-Vital-FS-sched-of-comp.pdf\" target=\"_blank\" rel=\"noopener\">Actionmarguerite Saint-Vital<\/a> | <a href=\"https:\/\/www.actionmarguerite.ca\/wp-content\/uploads\/2021\/07\/2019-12-31-Actionmarguerite-St.-Joseph-FS-sched-of-comp.pdf\" target=\"_blank\" rel=\"noopener\">Actionmarguerite St. Joseph<\/a><\/p>\n<p>2018-2019<br \/>\n<a href=\"https:\/\/www.actionmarguerite.ca\/wp-content\/uploads\/2021\/07\/2018-12-31-Actionmarguerite-Saint-Boniface.pdf\" target=\"_blank\" rel=\"noopener\">Actionmarguerite Saint-Boniface<\/a> | <a href=\"https:\/\/www.actionmarguerite.ca\/wp-content\/uploads\/2021\/07\/2018-12-31-Actionmarguerite-Saint-Vital.pdf\" target=\"_blank\" rel=\"noopener\">Actionmarguerite Saint-Vital<\/a> | <a href=\"https:\/\/www.actionmarguerite.ca\/wp-content\/uploads\/2021\/07\/2018-12-31-Actionmarguerite-St-Joseph.pdf\" target=\"_blank\" rel=\"noopener\">Actionmarguerite St. Joseph<\/a><\/p>\n<p><em>Aucune information sur les r\u00e9mun\u00e9rations dans le secteur public n&rsquo;est disponible avant 2019 (il ne s&rsquo;agit pas d&rsquo;une obligation l\u00e9gale avant 2019). <\/em><\/p>\n<p>&nbsp;<\/p>\n<h2>Rapport annuel en vertu de la loi sur la lutte contre le travail forc\u00e9 et le travail des enfants dans les cha\u00eenes d&rsquo;approvisionnement<\/h2>\n<p><a href=\"https:\/\/www.actionmarguerite.ca\/wp-content\/uploads\/2024\/05\/Annual-Report-on-child-labour-AMSB-Final-Signed-2024.pdf\" target=\"_blank\" rel=\"noopener\">2023-<\/a><a href=\"https:\/\/www.actionmarguerite.ca\/wp-content\/uploads\/2024\/05\/Annual-Report-on-child-labour-AMSB-Final-Signed-2024.pdf\" target=\"_blank\" rel=\"noopener\">2024<\/a><\/p>\n<p>&nbsp;<\/p>\n","protected":false},"excerpt":{"rendered":"<p>Rapports annuels 2023-2024 | 2022-2023 | 2021-2022\u00a0|\u00a02020-2021 |\u00a02018-2019 | 2017-2018 | 2016-2017 | 2015-2016 | 2014-2015 | 2013-2014\u00a0| 2012-2013 | 2011-2012 | 2010-2011\u00a0| 2009-2010 En raison de la pand\u00e9mie de COVID-19, aucun rapport n&rsquo;est disponible pour 2019-2020 Divulgations de la r\u00e9mun\u00e9ration dans le secteur public (anglais) 2024-2025 Actionmarguerite Saint-Boniface | Actionmarguerite Saint-Vital | Actionmarguerite St. [&hellip;]<\/p>\n","protected":false},"author":42,"featured_media":25879,"parent":539,"menu_order":0,"comment_status":"closed","ping_status":"closed","template":"","meta":{"_acf_changed":false,"_et_pb_use_builder":"off","_et_pb_old_content":"","_et_gb_content_width":"","footnotes":""},"class_list":["post-36675","page","type-page","status-publish","has-post-thumbnail","hentry"],"acf":[],"aioseo_notices":[],"_links":{"self":[{"href":"https:\/\/www.actionmarguerite.ca\/fr\/wp-json\/wp\/v2\/pages\/36675","targetHints":{"allow":["GET"]}}],"collection":[{"href":"https:\/\/www.actionmarguerite.ca\/fr\/wp-json\/wp\/v2\/pages"}],"about":[{"href":"https:\/\/www.actionmarguerite.ca\/fr\/wp-json\/wp\/v2\/types\/page"}],"author":[{"embeddable":true,"href":"https:\/\/www.actionmarguerite.ca\/fr\/wp-json\/wp\/v2\/users\/42"}],"replies":[{"embeddable":true,"href":"https:\/\/www.actionmarguerite.ca\/fr\/wp-json\/wp\/v2\/comments?post=36675"}],"version-history":[{"count":25,"href":"https:\/\/www.actionmarguerite.ca\/fr\/wp-json\/wp\/v2\/pages\/36675\/revisions"}],"predecessor-version":[{"id":53289,"href":"https:\/\/www.actionmarguerite.ca\/fr\/wp-json\/wp\/v2\/pages\/36675\/revisions\/53289"}],"up":[{"embeddable":true,"href":"https:\/\/www.actionmarguerite.ca\/fr\/wp-json\/wp\/v2\/pages\/539"}],"wp:featuredmedia":[{"embeddable":true,"href":"https:\/\/www.actionmarguerite.ca\/fr\/wp-json\/wp\/v2\/media\/25879"}],"wp:attachment":[{"href":"https:\/\/www.actionmarguerite.ca\/fr\/wp-json\/wp\/v2\/media?parent=36675"}],"curies":[{"name":"wp","href":"https:\/\/api.w.org\/{rel}","templated":true}]}}