{"id":26081,"date":"2019-06-27T11:30:53","date_gmt":"2019-06-27T16:30:53","guid":{"rendered":"http:\/\/actionmarguerite.ca-mar29\/newsletter\/"},"modified":"2021-04-23T16:26:18","modified_gmt":"2021-04-23T21:26:18","slug":"bulletin-de-nouvelles","status":"publish","type":"page","link":"https:\/\/www.actionmarguerite.ca\/fr\/bulletin-de-nouvelles\/","title":{"rendered":"Bulletin"},"content":{"rendered":"<p>Si vous souhaitez conna\u00eetre les activit\u00e9s et les \u00e9v\u00e9nements qui ont lieu dans les \u00e9tablissements, Actionmarguerite publie un bulletin de nouvelles bilingue dans lequel sont pr\u00e9sent\u00e9es des histoires du quotidien. Vous pourrez savoir ce qui se passe et qui m\u00e9rite des \u00e9loges, comme nos g\u00e9n\u00e9reux donateurs, notre personnel et nos b\u00e9n\u00e9voles d\u00e9vou\u00e9s ou encore nos incroyables r\u00e9sidents et leurs familles. Abonnez-vous pour recevoir un avis au moment de la publication des prochains num\u00e9ros.<\/p>\n<p>Nous vous invitons \u00e0 lire les num\u00e9ros r\u00e9cents et ant\u00e9rieurs du bulletin.<\/p>\n<p><a href=\"https:\/\/actionmarguerite.ca\/wp-content\/uploads\/2021\/01\/ACTIONMARGUERITE-D\u00c9CEMBRE-2020-LR-FINALE.pdf\" target=\"_blank\" rel=\"noopener\">Bulletin hiver 2020<\/a><\/p>\n<p><a href=\"https:\/\/actionmarguerite.ca\/wp-content\/uploads\/2020\/06\/Actionmarguerite-Vol.-4-no-2-Final.pdf\" target=\"_blank\" rel=\"noopener\">Bulletin printemps \/ \u00e9t\u00e9 2020<\/a><\/p>\n<p><a href=\"https:\/\/actionmarguerite.ca\/wp-content\/uploads\/2019\/12\/Actionmarguerite-Vol.-4-no-1-site-web.pdf\" target=\"_blank\" rel=\"noopener\">Bulletin automne \/ hiver 2019<\/a><\/p>\n<p><a href=\"https:\/\/actionmarguerite.ca\/wp-content\/uploads\/2021\/04\/AM-juin-2019-final.pdf\" target=\"_blank\" rel=\"noopener\">Bulletin printemps \/<\/a><a href=\"https:\/\/actionmarguerite.ca\/wp-content\/uploads\/2021\/04\/AM-juin-2019-final.pdf\" target=\"_blank\" rel=\"noopener\"> \u00e9t\u00e9 2019<\/a><\/p>\n<p><a href=\"https:\/\/actionmarguerite.ca\/wp-content\/uploads\/2021\/04\/Actionmarguerite-Vol.-3-no-2-LR-FINAL.pdf\" target=\"_blank\" rel=\"noopener\">Bulletin automne \/ hiver 2018<\/a><\/p>\n<p><a href=\"https:\/\/actionmarguerite.ca\/wp-content\/uploads\/2021\/04\/Actionmarguerite-Vol.-3-no-1-LR.-final.pdf\" target=\"_blank\" rel=\"noopener\">Bulletin <\/a><a href=\"https:\/\/actionmarguerite.ca\/wp-content\/uploads\/2020\/06\/Actionmarguerite-Vol.-4-no-2-Final.pdf\" target=\"_blank\" rel=\"noopener\">\u00e9t\u00e9 <\/a><a href=\"https:\/\/actionmarguerite.ca\/wp-content\/uploads\/2021\/04\/Actionmarguerite-Vol.-3-no-1-LR.-final.pdf\" target=\"_blank\" rel=\"noopener\">2018<\/a><\/p>\n<p><a href=\"https:\/\/actionmarguerite.ca\/wp-content\/uploads\/2017\/12\/Actionmarguerite-Vol.-2-no-2-LR.pdf\" target=\"_blank\" rel=\"noopener\">Bulletin automne 2017<\/a><\/p>\n<p><a href=\"https:\/\/actionmarguerite.ca\/wp-content\/uploads\/2021\/04\/Actionmarguerite-Vol.-2-no-1-ete-2017-final.pdf\" target=\"_blank\" rel=\"noopener\">B\u200e\u200eulletin <\/a><a href=\"https:\/\/actionmarguerite.ca\/wp-content\/uploads\/2021\/04\/AM-juin-2019-final.pdf\" target=\"_blank\" rel=\"noopener\">printemps \/<\/a><a href=\"https:\/\/actionmarguerite.ca\/wp-content\/uploads\/2021\/04\/AM-juin-2019-final.pdf\" target=\"_blank\" rel=\"noopener\"> \u00e9t\u00e9<\/a><a href=\"https:\/\/actionmarguerite.ca\/wp-content\/uploads\/2021\/04\/Actionmarguerite-Vol.-2-no-1-ete-2017-final.pdf\" target=\"_blank\" rel=\"noopener\"> 2017<\/a> \u200e<\/p>\n<p><a href=\"https:\/\/actionmarguerite.ca\/wp-content\/uploads\/2021\/04\/Actionmarguerite-Vol.-1-no-3-FRANCAIS-LR.pdf\" target=\"_blank\" rel=\"noopener\">Bulletin hiver 2017<\/a><\/p>\n<p><a href=\"https:\/\/actionmarguerite.ca\/wp-content\/uploads\/2021\/04\/Actionmarguerite-Vol.-1-no-2-FRANC\u0327AIS-LR.pdf\" target=\"_blank\" rel=\"noopener\">Bulletin \u00e9t\u00e9 \/ automne 2016<\/a><\/p>\n<p><a href=\"https:\/\/actionmarguerite.ca\/wp-content\/uploads\/2018\/01\/Actionmarguerite-Vol.-1-no-1-Fran\u00e7ais.pdf\" target=\"_blank\" rel=\"noopener\">Bulletin <\/a><a href=\"https:\/\/actionmarguerite.ca\/wp-content\/uploads\/2018\/01\/Actionmarguerite-Vol.-1-no-1-Fran\u00e7ais.pdf\" target=\"_blank\" rel=\"noopener\">printemps \/ \u00e9t\u00e9 2016<\/a><\/p>\n\n\n<p><\/p>\n","protected":false},"excerpt":{"rendered":"<p>Si vous souhaitez conna\u00eetre les activit\u00e9s et les \u00e9v\u00e9nements qui ont lieu dans les \u00e9tablissements, Actionmarguerite publie un bulletin de nouvelles bilingue dans lequel sont pr\u00e9sent\u00e9es des histoires du quotidien. Vous pourrez savoir ce qui se passe et qui m\u00e9rite des \u00e9loges, comme nos g\u00e9n\u00e9reux donateurs, notre personnel et nos b\u00e9n\u00e9voles d\u00e9vou\u00e9s ou encore nos [&hellip;]<\/p>\n","protected":false},"author":42,"featured_media":25909,"parent":0,"menu_order":0,"comment_status":"closed","ping_status":"closed","template":"","meta":{"_acf_changed":false,"_et_pb_use_builder":"","_et_pb_old_content":"","_et_gb_content_width":"","footnotes":""},"class_list":["post-26081","page","type-page","status-publish","has-post-thumbnail","hentry"],"acf":[],"aioseo_notices":[],"_links":{"self":[{"href":"https:\/\/www.actionmarguerite.ca\/fr\/wp-json\/wp\/v2\/pages\/26081","targetHints":{"allow":["GET"]}}],"collection":[{"href":"https:\/\/www.actionmarguerite.ca\/fr\/wp-json\/wp\/v2\/pages"}],"about":[{"href":"https:\/\/www.actionmarguerite.ca\/fr\/wp-json\/wp\/v2\/types\/page"}],"author":[{"embeddable":true,"href":"https:\/\/www.actionmarguerite.ca\/fr\/wp-json\/wp\/v2\/users\/42"}],"replies":[{"embeddable":true,"href":"https:\/\/www.actionmarguerite.ca\/fr\/wp-json\/wp\/v2\/comments?post=26081"}],"version-history":[{"count":17,"href":"https:\/\/www.actionmarguerite.ca\/fr\/wp-json\/wp\/v2\/pages\/26081\/revisions"}],"predecessor-version":[{"id":36416,"href":"https:\/\/www.actionmarguerite.ca\/fr\/wp-json\/wp\/v2\/pages\/26081\/revisions\/36416"}],"wp:featuredmedia":[{"embeddable":true,"href":"https:\/\/www.actionmarguerite.ca\/fr\/wp-json\/wp\/v2\/media\/25909"}],"wp:attachment":[{"href":"https:\/\/www.actionmarguerite.ca\/fr\/wp-json\/wp\/v2\/media?parent=26081"}],"curies":[{"name":"wp","href":"https:\/\/api.w.org\/{rel}","templated":true}]}}