{"id":26023,"date":"2017-01-27T13:47:13","date_gmt":"2017-01-27T19:47:13","guid":{"rendered":"http:\/\/deschenesregnier.com\/actionmarguerite-pr2\/liens-et-ressources\/associations\/"},"modified":"2017-01-27T13:47:13","modified_gmt":"2017-01-27T19:47:13","slug":"associations","status":"publish","type":"page","link":"https:\/\/www.actionmarguerite.ca\/fr\/liens-et-ressources\/associations\/","title":{"rendered":"Associations"},"content":{"rendered":"<div class=\"entry-content\">\n<p><a href=\"https:\/\/www.fafm.mb.ca\/\" target=\"_blank\">F\u00e9d\u00e9ration des a\u00een\u00e9s franco-manitobains (fran\u00e7ais)<\/a><br \/>\n<a href=\"https:\/\/www.msos.mb.ca\/\" target=\"_blank\">Manitoba Society of Seniors (English)<\/a><br \/>\n<a href=\"https:\/\/www.ageopportunity.mb.ca\/\" target=\"_blank\">Age and Opportunity (English)<\/a><br \/>\n<a href=\"https:\/\/www.olderadultabuse.mb.ca\/\" target=\"_blank\">Manitoba Network for the Prevention of Abuse of Older Adults (English)<\/a><br \/>\n<a href=\"https:\/\/www.manitobahospice.ca\/\" target=\"_blank\">Hospice and Palliative Care Manitoba (English)<\/a><\/p>\n<\/div>\n","protected":false},"excerpt":{"rendered":"<p>F\u00e9d\u00e9ration des a\u00een\u00e9s franco-manitobains (fran\u00e7ais) Manitoba Society of Seniors (English) Age and Opportunity (English) Manitoba Network for the Prevention of Abuse of Older Adults (English) Hospice and Palliative Care Manitoba (English)<\/p>\n","protected":false},"author":42,"featured_media":0,"parent":436,"menu_order":0,"comment_status":"closed","ping_status":"closed","template":"","meta":{"_acf_changed":false,"_et_pb_use_builder":"","_et_pb_old_content":"","_et_gb_content_width":"","footnotes":""},"class_list":["post-26023","page","type-page","status-publish","hentry"],"acf":[],"aioseo_notices":[],"_links":{"self":[{"href":"https:\/\/www.actionmarguerite.ca\/fr\/wp-json\/wp\/v2\/pages\/26023","targetHints":{"allow":["GET"]}}],"collection":[{"href":"https:\/\/www.actionmarguerite.ca\/fr\/wp-json\/wp\/v2\/pages"}],"about":[{"href":"https:\/\/www.actionmarguerite.ca\/fr\/wp-json\/wp\/v2\/types\/page"}],"author":[{"embeddable":true,"href":"https:\/\/www.actionmarguerite.ca\/fr\/wp-json\/wp\/v2\/users\/42"}],"replies":[{"embeddable":true,"href":"https:\/\/www.actionmarguerite.ca\/fr\/wp-json\/wp\/v2\/comments?post=26023"}],"version-history":[{"count":0,"href":"https:\/\/www.actionmarguerite.ca\/fr\/wp-json\/wp\/v2\/pages\/26023\/revisions"}],"up":[{"embeddable":true,"href":"https:\/\/www.actionmarguerite.ca\/fr\/wp-json\/wp\/v2\/pages\/436"}],"wp:attachment":[{"href":"https:\/\/www.actionmarguerite.ca\/fr\/wp-json\/wp\/v2\/media?parent=26023"}],"curies":[{"name":"wp","href":"https:\/\/api.w.org\/{rel}","templated":true}]}}